{"id":34002,"date":"2026-02-27T00:23:46","date_gmt":"2026-02-27T00:23:46","guid":{"rendered":"https:\/\/nordicmart.andreevmaster.com\/product\/songmics-vaateteline-pyorilla-2-tankoa\/"},"modified":"2026-02-27T09:43:50","modified_gmt":"2026-02-27T09:43:50","slug":"songmics-vaateteline-pyorilla-2-tankoa","status":"publish","type":"product","link":"https:\/\/nordicmart.andreevmaster.com\/fi\/tuote\/songmics-vaateteline-pyorilla-2-tankoa\/","title":{"rendered":"SONGMICS vaateteline py\u00f6rill\u00e4, 2 tankoa"},"content":{"rendered":"<p>Songmicsin tyylik\u00e4s vaateteline on ihanteellinen ratkaisu nopeaan ja t\u00e4ydelliseen j\u00e4rjestykseen! K\u00e4tev\u00e4n teleskooppitoiminnon ansiosta saat k\u00e4ytt\u00f6\u00f6si toiminnallisen ja mukautuvan apulaisen. Tukeva runko on valmistettu ruostumattomasta ter\u00e4ksest\u00e4 p\u00e4\u00e4llystetyst\u00e4 metalliputkesta. Tankojen korkeutta voidaan s\u00e4\u00e4t\u00e4\u00e4 teleskooppisesti 113\u2013198 cm. Telineen pituus on s\u00e4\u00e4dett\u00e4viss\u00e4 101\u2013163 cm. Nelj\u00e4 py\u00f6r\u00e4\u00e4 k\u00e4\u00e4ntyv\u00e4t 360\u00b0 vapaasti, joista kaksi on varustettu jarruilla, mik\u00e4 est\u00e4\u00e4 liukumisen ja takaa paremman vakauden. Kest\u00e4v\u00e4 teline t\u00e4ytt\u00e4\u00e4 p\u00e4ivitt\u00e4isen k\u00e4yt\u00f6n vaatimukset ja sopii moniin eri tarkoituksiin. Se on helppo purkaa, joten se vie v\u00e4h\u00e4n tilaa varastoitaessa tai kuljetettaessa.  Tuotetiedot: &#8211; Materiaali: ruostumattomasta ter\u00e4ksest\u00e4 valmistettu putki, ABS-muovi &#8211; Kantavuus: 25 kg &#8211; Pituus: 101\u2013163 cm, leveys: 49 cm, korkeus: 113\u2013198 cm &#8211; V\u00e4ri: LLR401 harmaa\/ LLR41L sininen &#8211; Pakkauksen koko: 22,5 x 9 x 103,5 cm &#8211; Yksitt\u00e4isen tuotteen paino: 4,1 kg   Toimitus sis\u00e4lt\u00e4\u00e4\uff1a &#8211; 1 x vaateteline (muoviosat\/muoviliittimet, ruostumattomasta ter\u00e4ksest\u00e4 valmistettu putki, 4 x rulla) <\/p>\n","protected":false},"excerpt":{"rendered":"<p>SONGMICS vaateteline vaatekaappi rullilla Korkeuss\u00e4\u00e4dett\u00e4v\u00e4 113\u2013198 cm, ruostumattomasta ter\u00e4ksest\u00e4 valmistetut putket LLR401<\/p>\n","protected":false},"featured_media":42757,"comment_status":"open","ping_status":"closed","template":"","meta":[],"product_brand":[],"product_cat":[32],"product_tag":[],"class_list":{"0":"post-34002","1":"product","2":"type-product","3":"status-publish","4":"has-post-thumbnail","6":"product_cat-uncategorized-fi","8":"first","9":"instock","10":"shipping-taxable","11":"purchasable","12":"product-type-simple"},"_links":{"self":[{"href":"https:\/\/nordicmart.andreevmaster.com\/fi\/wp-json\/wp\/v2\/product\/34002","targetHints":{"allow":["GET"]}}],"collection":[{"href":"https:\/\/nordicmart.andreevmaster.com\/fi\/wp-json\/wp\/v2\/product"}],"about":[{"href":"https:\/\/nordicmart.andreevmaster.com\/fi\/wp-json\/wp\/v2\/types\/product"}],"replies":[{"embeddable":true,"href":"https:\/\/nordicmart.andreevmaster.com\/fi\/wp-json\/wp\/v2\/comments?post=34002"}],"wp:featuredmedia":[{"embeddable":true,"href":"https:\/\/nordicmart.andreevmaster.com\/fi\/wp-json\/wp\/v2\/media\/42757"}],"wp:attachment":[{"href":"https:\/\/nordicmart.andreevmaster.com\/fi\/wp-json\/wp\/v2\/media?parent=34002"}],"wp:term":[{"taxonomy":"product_brand","embeddable":true,"href":"https:\/\/nordicmart.andreevmaster.com\/fi\/wp-json\/wp\/v2\/product_brand?post=34002"},{"taxonomy":"product_cat","embeddable":true,"href":"https:\/\/nordicmart.andreevmaster.com\/fi\/wp-json\/wp\/v2\/product_cat?post=34002"},{"taxonomy":"product_tag","embeddable":true,"href":"https:\/\/nordicmart.andreevmaster.com\/fi\/wp-json\/wp\/v2\/product_tag?post=34002"}],"curies":[{"name":"wp","href":"https:\/\/api.w.org\/{rel}","templated":true}]}}