{"id":34001,"date":"2026-02-27T00:23:46","date_gmt":"2026-02-27T00:23:46","guid":{"rendered":"https:\/\/nordicmart.andreevmaster.com\/product\/songmics-saadettava-vaateteline-2-tankoa\/"},"modified":"2026-02-27T09:43:50","modified_gmt":"2026-02-27T09:43:50","slug":"songmics-saadettava-vaateteline-2-tankoa","status":"publish","type":"product","link":"https:\/\/nordicmart.andreevmaster.com\/fi\/tuote\/songmics-saadettava-vaateteline-2-tankoa\/","title":{"rendered":"SONGMICS S\u00e4\u00e4dett\u00e4v\u00e4 vaateteline, 2 tankoa"},"content":{"rendered":"<p>Korkeuss\u00e4\u00e4dett\u00e4v\u00e4: T\u00e4m\u00e4 liitoskappale on varustettu kierteell\u00e4, jota kiert\u00e4m\u00e4ll\u00e4 korkeutta voidaan s\u00e4\u00e4t\u00e4\u00e4 helposti. S\u00e4\u00e4dett\u00e4v\u00e4 korkeusalue: 113\u2013198 cm. Korkeutta voidaan s\u00e4\u00e4t\u00e4\u00e4 helposti avaamalla t\u00e4htim\u00e4inen lukitusruuvi. Korkeus lukitaan kirist\u00e4m\u00e4ll\u00e4 ruuvia. Alemman tangon enimm\u00e4iskorkeus: 113 cm. Liitoskappaleet ABS-muovia\/lukittavat rullat Kest\u00e4v\u00e4, kulutusta kest\u00e4v\u00e4, paine- ja taivutusluja, ei naarmuta putkia. Jalkojen liitoskappaleissa on lukitusruuvit, jotka parantavat vaatetelineen vakautta.Nelj\u00e4 py\u00f6r\u00e4\u00e4 k\u00e4\u00e4ntyv\u00e4t 360\u00b0, mik\u00e4 mahdollistaa vapaan liikkumisen; kahdessa py\u00f6r\u00e4ss\u00e4 on jarru, joka est\u00e4\u00e4 ei-toivottua liukumista. Ruostumattomasta ter\u00e4ksest\u00e4 p\u00e4\u00e4llystetyt putket T\u00e4m\u00e4 materiaali yhdist\u00e4\u00e4 ruostumattomasta ter\u00e4ksest\u00e4 ja hiiliter\u00e4ksest\u00e4 valmistettujen putkien ominaisuudet ihanteellisella tavalla: se on ruoste- ja korroosionkest\u00e4v\u00e4, ei muodonmuutosherkk\u00e4, kest\u00e4v\u00e4 ja pitk\u00e4ik\u00e4inen; pinta on sile\u00e4 ja helppo puhdistaa; putken leikkaus on siisti ja sile\u00e4, helppo asentaa. Tuotetiedot: &#8211; Materiaali: ruostumattomalla ter\u00e4ksell\u00e4 p\u00e4\u00e4llystetty putki, ABS-muovi &#8211; Kantavuus: 25 kg &#8211; Pituus: 101-166 cm, leveys: 49 cm, korkeus: 113\u2013198 cm &#8211; V\u00e4ri: harmaa &#8211; Pakkauksen koko: 22,5 x 9 x 103,5 cm &#8211; Yksitt\u00e4isen tuotteen paino: 4,1 kg Toimitus sis\u00e4lt\u00e4\u00e4: &#8211; 1 x vaateteline (muoviosat\/muoviliittimet, ruostumattomalla ter\u00e4ksell\u00e4 p\u00e4\u00e4llystetty putki, 4 x rulla)<\/p>\n","protected":false},"excerpt":{"rendered":"<p>SONGMICS vaateteline vaatekaappi rullilla Korkeuss\u00e4\u00e4dett\u00e4v\u00e4 113\u2013198 cm, ruostumattomasta ter\u00e4ksest\u00e4 valmistetut putket LLR401<\/p>\n","protected":false},"featured_media":42756,"comment_status":"open","ping_status":"closed","template":"","meta":[],"product_brand":[],"product_cat":[32],"product_tag":[],"class_list":{"0":"post-34001","1":"product","2":"type-product","3":"status-publish","4":"has-post-thumbnail","6":"product_cat-uncategorized-fi","8":"first","9":"instock","10":"shipping-taxable","11":"purchasable","12":"product-type-simple"},"_links":{"self":[{"href":"https:\/\/nordicmart.andreevmaster.com\/fi\/wp-json\/wp\/v2\/product\/34001","targetHints":{"allow":["GET"]}}],"collection":[{"href":"https:\/\/nordicmart.andreevmaster.com\/fi\/wp-json\/wp\/v2\/product"}],"about":[{"href":"https:\/\/nordicmart.andreevmaster.com\/fi\/wp-json\/wp\/v2\/types\/product"}],"replies":[{"embeddable":true,"href":"https:\/\/nordicmart.andreevmaster.com\/fi\/wp-json\/wp\/v2\/comments?post=34001"}],"wp:featuredmedia":[{"embeddable":true,"href":"https:\/\/nordicmart.andreevmaster.com\/fi\/wp-json\/wp\/v2\/media\/42756"}],"wp:attachment":[{"href":"https:\/\/nordicmart.andreevmaster.com\/fi\/wp-json\/wp\/v2\/media?parent=34001"}],"wp:term":[{"taxonomy":"product_brand","embeddable":true,"href":"https:\/\/nordicmart.andreevmaster.com\/fi\/wp-json\/wp\/v2\/product_brand?post=34001"},{"taxonomy":"product_cat","embeddable":true,"href":"https:\/\/nordicmart.andreevmaster.com\/fi\/wp-json\/wp\/v2\/product_cat?post=34001"},{"taxonomy":"product_tag","embeddable":true,"href":"https:\/\/nordicmart.andreevmaster.com\/fi\/wp-json\/wp\/v2\/product_tag?post=34001"}],"curies":[{"name":"wp","href":"https:\/\/api.w.org\/{rel}","templated":true}]}}