{"id":34000,"date":"2026-02-27T00:23:46","date_gmt":"2026-02-27T00:23:46","guid":{"rendered":"https:\/\/nordicmart.andreevmaster.com\/product\/songmics-50-m-pyykkinaru-5-pesukoneen-tayttoa-varten-hopeanvihrea\/"},"modified":"2026-02-27T09:43:49","modified_gmt":"2026-02-27T09:43:49","slug":"songmics-50-m-pyykkinaru-5-pesukoneen-tayttoa-varten-hopeanvihrea","status":"publish","type":"product","link":"https:\/\/nordicmart.andreevmaster.com\/fi\/tuote\/songmics-50-m-pyykkinaru-5-pesukoneen-tayttoa-varten-hopeanvihrea\/","title":{"rendered":"SONGMICS 50 m pyykkinaru 5 pesukoneen t\u00e4ytt\u00f6\u00e4 varten hopeanvihre\u00e4"},"content":{"rendered":"<p>SONGMICS pyykkiteline, pyykkiteline, korkeuss\u00e4\u00e4dett\u00e4v\u00e4, 60 m pyykkinaru, 6 pesukoneen t\u00e4ytt\u00f6\u00e4, ulkok\u00e4ytt\u00f6\u00f6n, puutarhaan, maahylsy, pyykkipojat, hopeanvihre\u00e4 LLR302E01<br \/>\nV\u00e4ri: hopeanvihre\u00e4<br \/>\nMateriaali: alumiiniseos, muovi, ter\u00e4s<br \/>\nTelineen koko avattuna: 170 x 170 x (121-183) cm (S x L x K)<br \/>\nPaino: 3 kg<br \/>\nMaks. staattinen kokonaiskuormitus: 28 kg<\/p>\n","protected":false},"excerpt":{"rendered":"<p>SONGMICS pyykkiteline, pyykkiteline, korkeuss\u00e4\u00e4dett\u00e4v\u00e4, 60 m pyykkinaru, 6 pesukoneen t\u00e4ytt\u00f6\u00e4, ulkok\u00e4ytt\u00f6\u00f6n, puutarhaan, maahylsy, pyykkipojat, hopeanvihre\u00e4 LLR302E01<\/p>\n","protected":false},"featured_media":42755,"comment_status":"open","ping_status":"closed","template":"","meta":[],"product_brand":[],"product_cat":[32],"product_tag":[],"class_list":{"0":"post-34000","1":"product","2":"type-product","3":"status-publish","4":"has-post-thumbnail","6":"product_cat-uncategorized-fi","8":"first","9":"instock","10":"shipping-taxable","11":"purchasable","12":"product-type-simple"},"_links":{"self":[{"href":"https:\/\/nordicmart.andreevmaster.com\/fi\/wp-json\/wp\/v2\/product\/34000","targetHints":{"allow":["GET"]}}],"collection":[{"href":"https:\/\/nordicmart.andreevmaster.com\/fi\/wp-json\/wp\/v2\/product"}],"about":[{"href":"https:\/\/nordicmart.andreevmaster.com\/fi\/wp-json\/wp\/v2\/types\/product"}],"replies":[{"embeddable":true,"href":"https:\/\/nordicmart.andreevmaster.com\/fi\/wp-json\/wp\/v2\/comments?post=34000"}],"wp:featuredmedia":[{"embeddable":true,"href":"https:\/\/nordicmart.andreevmaster.com\/fi\/wp-json\/wp\/v2\/media\/42755"}],"wp:attachment":[{"href":"https:\/\/nordicmart.andreevmaster.com\/fi\/wp-json\/wp\/v2\/media?parent=34000"}],"wp:term":[{"taxonomy":"product_brand","embeddable":true,"href":"https:\/\/nordicmart.andreevmaster.com\/fi\/wp-json\/wp\/v2\/product_brand?post=34000"},{"taxonomy":"product_cat","embeddable":true,"href":"https:\/\/nordicmart.andreevmaster.com\/fi\/wp-json\/wp\/v2\/product_cat?post=34000"},{"taxonomy":"product_tag","embeddable":true,"href":"https:\/\/nordicmart.andreevmaster.com\/fi\/wp-json\/wp\/v2\/product_tag?post=34000"}],"curies":[{"name":"wp","href":"https:\/\/api.w.org\/{rel}","templated":true}]}}