{"id":33999,"date":"2026-02-27T00:23:45","date_gmt":"2026-02-27T00:23:45","guid":{"rendered":"https:\/\/nordicmart.andreevmaster.com\/product\/songmics-vaateteline-pyorilla-harmaa\/"},"modified":"2026-02-27T09:43:49","modified_gmt":"2026-02-27T09:43:49","slug":"songmics-vaateteline-pyorilla-harmaa","status":"publish","type":"product","link":"https:\/\/nordicmart.andreevmaster.com\/fi\/tuote\/songmics-vaateteline-pyorilla-harmaa\/","title":{"rendered":"SONGMICS vaateteline py\u00f6rill\u00e4, harmaa"},"content":{"rendered":"<p>Enemm\u00e4n tilaa kaikille vaatteillesi T\u00e4m\u00e4 vaateteline on varustettu 2 ulosvedett\u00e4v\u00e4ll\u00e4 tangolla (pituus 87\u2013150 cm), sivussa korkeuss\u00e4\u00e4dett\u00e4vill\u00e4 putkilla, joihin voit ripustaa asusteita, sek\u00e4 metalliritil\u00e4ll\u00e4 kengille tai s\u00e4ilytyslaatikoille. N\u00e4in voit s\u00e4ilytt\u00e4\u00e4 monia erilaisia vaatteita siististi ja vapauttaa huoneesi kaaoksesta. Seis tai eteenp\u00e4in marssi! T\u00e4m\u00e4 vaateteline on varustettu 4 py\u00f6r\u00e4ll\u00e4, joten voit siirt\u00e4\u00e4 sen huoneesta toiseen, kun p\u00e4\u00e4t\u00e4t, mit\u00e4 haluat pukea p\u00e4\u00e4lle. 2 py\u00f6rist\u00e4 on varustettu jarruilla, joten voit lukita liikkuvan vaatetelineen paikoilleen. Siksi se sopii t\u00e4ydellisesti my\u00f6s vaatekauppoihin. Tee t\u00e4st\u00e4 SONGMICS-vaatekaapista makuuhuoneesi p\u00e4\u00e4osassa oleva elementti ja pysy rauhallisena, kun sinun on valittava nopeasti asu. Tuotetiedot: &#8211; V\u00e4ri: harmaa &#8211; Materiaali: hiiliter\u00e4s, ABS-liitoskappaleet, PP-muovipy\u00f6r\u00e4t &#8211; Koko: 87 x 52 x 166 cm (P x L x K) &#8211; Vedett\u00e4vien tankojen pituus: 87\u2013150 cm &#8211; Kahden poikkitangon korkeus: 166\/146 cm &#8211; Paino: 5,1 kg &#8211; Maks. staattinen kokonaiskuormitus: 70 kg &#8211; Maks. staattinen kuormitus vaatetankoa kohti: 35 kg Toimitus sis\u00e4lt\u00e4\u00e4:- 1 x kaksinkertainen vaateteline &#8211; 1 x s\u00e4ilytyslaatikko tarvikkeille &#8211; 1 x k\u00e4ytt\u00f6ohje (DE, EN, FR, ES, IT)<\/p>\n","protected":false},"excerpt":{"rendered":"<p>SONGMICS vaateripustin py\u00f6rill\u00e4, ulosvedett\u00e4v\u00e4 vaateripustin kaksoisvarrella, vaateripustin, kantavuus 70 kg, (87-150) x 52 x 166 cm, vaatteille, paidoille, pukuille, harmaa LLR13GY<\/p>\n","protected":false},"featured_media":42754,"comment_status":"open","ping_status":"closed","template":"","meta":[],"product_brand":[],"product_cat":[32],"product_tag":[],"class_list":{"0":"post-33999","1":"product","2":"type-product","3":"status-publish","4":"has-post-thumbnail","6":"product_cat-uncategorized-fi","8":"first","9":"instock","10":"shipping-taxable","11":"purchasable","12":"product-type-simple"},"_links":{"self":[{"href":"https:\/\/nordicmart.andreevmaster.com\/fi\/wp-json\/wp\/v2\/product\/33999","targetHints":{"allow":["GET"]}}],"collection":[{"href":"https:\/\/nordicmart.andreevmaster.com\/fi\/wp-json\/wp\/v2\/product"}],"about":[{"href":"https:\/\/nordicmart.andreevmaster.com\/fi\/wp-json\/wp\/v2\/types\/product"}],"replies":[{"embeddable":true,"href":"https:\/\/nordicmart.andreevmaster.com\/fi\/wp-json\/wp\/v2\/comments?post=33999"}],"wp:featuredmedia":[{"embeddable":true,"href":"https:\/\/nordicmart.andreevmaster.com\/fi\/wp-json\/wp\/v2\/media\/42754"}],"wp:attachment":[{"href":"https:\/\/nordicmart.andreevmaster.com\/fi\/wp-json\/wp\/v2\/media?parent=33999"}],"wp:term":[{"taxonomy":"product_brand","embeddable":true,"href":"https:\/\/nordicmart.andreevmaster.com\/fi\/wp-json\/wp\/v2\/product_brand?post=33999"},{"taxonomy":"product_cat","embeddable":true,"href":"https:\/\/nordicmart.andreevmaster.com\/fi\/wp-json\/wp\/v2\/product_cat?post=33999"},{"taxonomy":"product_tag","embeddable":true,"href":"https:\/\/nordicmart.andreevmaster.com\/fi\/wp-json\/wp\/v2\/product_tag?post=33999"}],"curies":[{"name":"wp","href":"https:\/\/api.w.org\/{rel}","templated":true}]}}