{"id":33998,"date":"2026-02-27T00:23:45","date_gmt":"2026-02-27T00:23:45","guid":{"rendered":"https:\/\/nordicmart.andreevmaster.com\/product\/songmics-vaatetanko-ruostumattomasta-teraksesta\/"},"modified":"2026-02-27T09:43:49","modified_gmt":"2026-02-27T09:43:49","slug":"songmics-vaatetanko-ruostumattomasta-teraksesta","status":"publish","type":"product","link":"https:\/\/nordicmart.andreevmaster.com\/fi\/tuote\/songmics-vaatetanko-ruostumattomasta-teraksesta\/","title":{"rendered":"SONGMICS vaatetanko ruostumattomasta ter\u00e4ksest\u00e4"},"content":{"rendered":"<p>Valmis vaatetanko sekaville vaatekasoille: Etsitk\u00f6 fiksua ratkaisua sekaville vaatekasoille? T\u00e4ydellist\u00e4, nyt olet l\u00f6yt\u00e4nyt sen! T\u00e4m\u00e4 tyylik\u00e4s vaateteline tarjoaa runsaasti tilaa p\u00e4ivitt\u00e4isille vaatteillesi ja vie samalla vain v\u00e4h\u00e4n tilaa.Tuotetiedot: V\u00e4ri: hopea Materiaali: 201 ruostumaton ter\u00e4s, alumiiniseos Koko: 110 x 44 x 158,5 cm (P x L x K) Paino: 2,5 kg Maks. staattinen kantavuus: 45 kg Toimitus sis\u00e4lt\u00e4\u00e4: 1 x vaateteline 1 x ohjeet (DE, EN, FR, ES, IT) SONGMICS-huomautukset:Maksimikantavuus viittaa staattiseen painoon. Aseta tuote tasaiselle alustalle ja jaa vaatteet tasaisesti. Est\u00e4 lapsia kiipe\u00e4m\u00e4st\u00e4 tuotteelle tai leikkim\u00e4st\u00e4 sill\u00e4, jotta v\u00e4lt\u00e4t vaateripustimen kaatumisen aiheuttamat vammat.<\/p>\n","protected":false},"excerpt":{"rendered":"<p>SONGMICS vaateteline, kokonaan metallista valmistettu vaateteline, tukeva vaatetanko, kantavuus 45 kg, 110 x 44 x 158,5 cm, takkeja, vaatteita, huiveja, laukkuja varten, hopea LLR12SV<\/p>\n","protected":false},"featured_media":42753,"comment_status":"open","ping_status":"closed","template":"","meta":[],"product_brand":[],"product_cat":[32],"product_tag":[],"class_list":{"0":"post-33998","1":"product","2":"type-product","3":"status-publish","4":"has-post-thumbnail","6":"product_cat-uncategorized-fi","8":"first","9":"instock","10":"shipping-taxable","11":"purchasable","12":"product-type-simple"},"_links":{"self":[{"href":"https:\/\/nordicmart.andreevmaster.com\/fi\/wp-json\/wp\/v2\/product\/33998","targetHints":{"allow":["GET"]}}],"collection":[{"href":"https:\/\/nordicmart.andreevmaster.com\/fi\/wp-json\/wp\/v2\/product"}],"about":[{"href":"https:\/\/nordicmart.andreevmaster.com\/fi\/wp-json\/wp\/v2\/types\/product"}],"replies":[{"embeddable":true,"href":"https:\/\/nordicmart.andreevmaster.com\/fi\/wp-json\/wp\/v2\/comments?post=33998"}],"wp:featuredmedia":[{"embeddable":true,"href":"https:\/\/nordicmart.andreevmaster.com\/fi\/wp-json\/wp\/v2\/media\/42753"}],"wp:attachment":[{"href":"https:\/\/nordicmart.andreevmaster.com\/fi\/wp-json\/wp\/v2\/media?parent=33998"}],"wp:term":[{"taxonomy":"product_brand","embeddable":true,"href":"https:\/\/nordicmart.andreevmaster.com\/fi\/wp-json\/wp\/v2\/product_brand?post=33998"},{"taxonomy":"product_cat","embeddable":true,"href":"https:\/\/nordicmart.andreevmaster.com\/fi\/wp-json\/wp\/v2\/product_cat?post=33998"},{"taxonomy":"product_tag","embeddable":true,"href":"https:\/\/nordicmart.andreevmaster.com\/fi\/wp-json\/wp\/v2\/product_tag?post=33998"}],"curies":[{"name":"wp","href":"https:\/\/api.w.org\/{rel}","templated":true}]}}