{"id":33997,"date":"2026-02-27T00:23:45","date_gmt":"2026-02-27T00:23:45","guid":{"rendered":"https:\/\/nordicmart.andreevmaster.com\/product\/songmics-vaateteline-teraksesta-mattagray\/"},"modified":"2026-02-27T09:43:49","modified_gmt":"2026-02-27T09:43:49","slug":"songmics-vaateteline-teraksesta-mattagray","status":"publish","type":"product","link":"https:\/\/nordicmart.andreevmaster.com\/fi\/tuote\/songmics-vaateteline-teraksesta-mattagray\/","title":{"rendered":"SONGMICS vaateteline ter\u00e4ksest\u00e4, mattagray"},"content":{"rendered":"<p>Taistelu vaatekaapin tilasta on ohi: Onko vaatekaappisi t\u00e4ynn\u00e4? Tai ehk\u00e4 sinulla ei ole vaatekaappia lainkaan? Hanki sitten t\u00e4m\u00e4 vaateteline, jotta voit ripustaa takit, p\u00e4\u00e4llystakit ja muut vaatteet siististi. Vaatetelineen voi muuten vet\u00e4\u00e4 ulos jopa 150 cm, jotta saat viel\u00e4 enemm\u00e4n tilaa vaatteillesi. Tuotetiedot:V\u00e4ri: Mattagray Materiaali: Hiiliter\u00e4s, ABS, PP Koko: (87-150) x 44 x 165 cm (P x L x K) Paino: 2,4 kg Maks. staattinen kantavuus: 40 kg Toimitus sis\u00e4lt\u00e4\u00e4: 1 x vaateteline 1 x ohjeet (DE, EN, FR, ES, IT) SONGMICS Huomautukset:Maksimikantavuus viittaa staattiseen painoon. Aseta tuote tasaiselle alustalle ja jaa vaatteet tasaisesti. Est\u00e4 lapsia kiipe\u00e4m\u00e4st\u00e4 tuotteelle tai leikkim\u00e4st\u00e4 sill\u00e4, jotta v\u00e4lt\u00e4t vaatehyllyn kaatumisen aiheuttamat loukkaantumiset.<\/p>\n","protected":false},"excerpt":{"rendered":"<p>SONGMICS vaateripustin py\u00f6rill\u00e4, ulosvedett\u00e4v\u00e4 vaateripustin, tukeva vaatetanko, (87\u2013150) x 44 x 165 cm, takkeille, vaatteille, huiveille, laukkuille, mattamusta-sininen LLR11BQ<\/p>\n","protected":false},"featured_media":42752,"comment_status":"open","ping_status":"closed","template":"","meta":[],"product_brand":[],"product_cat":[32],"product_tag":[],"class_list":{"0":"post-33997","1":"product","2":"type-product","3":"status-publish","4":"has-post-thumbnail","6":"product_cat-uncategorized-fi","8":"first","9":"instock","10":"shipping-taxable","11":"purchasable","12":"product-type-simple"},"_links":{"self":[{"href":"https:\/\/nordicmart.andreevmaster.com\/fi\/wp-json\/wp\/v2\/product\/33997","targetHints":{"allow":["GET"]}}],"collection":[{"href":"https:\/\/nordicmart.andreevmaster.com\/fi\/wp-json\/wp\/v2\/product"}],"about":[{"href":"https:\/\/nordicmart.andreevmaster.com\/fi\/wp-json\/wp\/v2\/types\/product"}],"replies":[{"embeddable":true,"href":"https:\/\/nordicmart.andreevmaster.com\/fi\/wp-json\/wp\/v2\/comments?post=33997"}],"wp:featuredmedia":[{"embeddable":true,"href":"https:\/\/nordicmart.andreevmaster.com\/fi\/wp-json\/wp\/v2\/media\/42752"}],"wp:attachment":[{"href":"https:\/\/nordicmart.andreevmaster.com\/fi\/wp-json\/wp\/v2\/media?parent=33997"}],"wp:term":[{"taxonomy":"product_brand","embeddable":true,"href":"https:\/\/nordicmart.andreevmaster.com\/fi\/wp-json\/wp\/v2\/product_brand?post=33997"},{"taxonomy":"product_cat","embeddable":true,"href":"https:\/\/nordicmart.andreevmaster.com\/fi\/wp-json\/wp\/v2\/product_cat?post=33997"},{"taxonomy":"product_tag","embeddable":true,"href":"https:\/\/nordicmart.andreevmaster.com\/fi\/wp-json\/wp\/v2\/product_tag?post=33997"}],"curies":[{"name":"wp","href":"https:\/\/api.w.org\/{rel}","templated":true}]}}