{"id":33993,"date":"2026-02-27T00:23:44","date_gmt":"2026-02-27T00:23:44","guid":{"rendered":"https:\/\/nordicmart.andreevmaster.com\/product\/songmics-vaateteline-kaksoisvarrella-sininen\/"},"modified":"2026-02-27T09:43:48","modified_gmt":"2026-02-27T09:43:48","slug":"songmics-vaateteline-kaksoisvarrella-sininen","status":"publish","type":"product","link":"https:\/\/nordicmart.andreevmaster.com\/fi\/tuote\/songmics-vaateteline-kaksoisvarrella-sininen\/","title":{"rendered":"SONGMICS vaateteline kaksoisvarrella, sininen"},"content":{"rendered":"<p>Songmicsin superkevyet vaatetelineet ovat turvallisen ja vakaan rakenteensa ansiosta kest\u00e4vi\u00e4 ja sopivat t\u00e4ydellisesti jokaiseen kotiin. Vakaa runko on valmistettu ruostumattomasta ter\u00e4ksest\u00e4 p\u00e4\u00e4llystetyst\u00e4 metalliputkesta. 2 vaatetangolla varustetussa vaatetelineess\u00e4 on runsaasti tilaa vaatteille, puseroille, laukkuille, hattuille ja monelle muulle. Tangot ovat teleskooppisesti s\u00e4\u00e4dett\u00e4viss\u00e4 87\u2013152 cm:n korkeudelle. Korkeutta voi s\u00e4\u00e4t\u00e4\u00e4 yksil\u00f6llisten tarpeiden mukaan, mik\u00e4 s\u00e4\u00e4st\u00e4\u00e4 tilaa. K\u00e4tev\u00e4t kevytkulkuiset py\u00f6r\u00e4t helpottavat liikkumista. Vaatevaunu on helppo purkaa, joten se voidaan varastoida tai kuljettaa tilaa s\u00e4\u00e4st\u00e4en. K\u00e4tev\u00e4n teleskooppitoiminnon ansiosta saat k\u00e4ytt\u00f6\u00f6si toiminnallisen ja mukautuvan apulaisen. Tuotetiedot: &#8211; Pituus: 87 cm, syvyys: 67 cm, korkeus: 100\u2013165 cm &#8211; Materiaali: ruostumattomasta ter\u00e4ksest\u00e4 valmistettu putki, ABS-muovi &#8211; Pakkauksen koko: 33 x 10,3 x 89 cm &#8211; Yksitt\u00e4isen osan paino: 5,1 kg Toimitus sis\u00e4lt\u00e4\u00e4: &#8211; 1 x vaateteline (muoviosat\/muoviliittimet, ruostumattomasta ter\u00e4ksest\u00e4 valmistettu putki, 4 x rulla)<\/p>\n","protected":false},"excerpt":{"rendered":"<p>SONGMICS vaateteline, 2 kenk\u00e4telineell\u00e4, s\u00e4\u00e4dett\u00e4viss\u00e4 95\u2013172 cm, ruostumattomasta ter\u00e4ksest\u00e4 valmistetut putket LLR03W<\/p>\n","protected":false},"featured_media":42749,"comment_status":"open","ping_status":"closed","template":"","meta":[],"product_brand":[],"product_cat":[32],"product_tag":[],"class_list":{"0":"post-33993","1":"product","2":"type-product","3":"status-publish","4":"has-post-thumbnail","6":"product_cat-uncategorized-fi","8":"first","9":"instock","10":"shipping-taxable","11":"purchasable","12":"product-type-simple"},"_links":{"self":[{"href":"https:\/\/nordicmart.andreevmaster.com\/fi\/wp-json\/wp\/v2\/product\/33993","targetHints":{"allow":["GET"]}}],"collection":[{"href":"https:\/\/nordicmart.andreevmaster.com\/fi\/wp-json\/wp\/v2\/product"}],"about":[{"href":"https:\/\/nordicmart.andreevmaster.com\/fi\/wp-json\/wp\/v2\/types\/product"}],"replies":[{"embeddable":true,"href":"https:\/\/nordicmart.andreevmaster.com\/fi\/wp-json\/wp\/v2\/comments?post=33993"}],"wp:featuredmedia":[{"embeddable":true,"href":"https:\/\/nordicmart.andreevmaster.com\/fi\/wp-json\/wp\/v2\/media\/42749"}],"wp:attachment":[{"href":"https:\/\/nordicmart.andreevmaster.com\/fi\/wp-json\/wp\/v2\/media?parent=33993"}],"wp:term":[{"taxonomy":"product_brand","embeddable":true,"href":"https:\/\/nordicmart.andreevmaster.com\/fi\/wp-json\/wp\/v2\/product_brand?post=33993"},{"taxonomy":"product_cat","embeddable":true,"href":"https:\/\/nordicmart.andreevmaster.com\/fi\/wp-json\/wp\/v2\/product_cat?post=33993"},{"taxonomy":"product_tag","embeddable":true,"href":"https:\/\/nordicmart.andreevmaster.com\/fi\/wp-json\/wp\/v2\/product_tag?post=33993"}],"curies":[{"name":"wp","href":"https:\/\/api.w.org\/{rel}","templated":true}]}}