{"id":33991,"date":"2026-02-27T00:23:43","date_gmt":"2026-02-27T00:23:43","guid":{"rendered":"https:\/\/nordicmart.andreevmaster.com\/product\/songmics-teleskoppi-vaateripustin-harmaa\/"},"modified":"2026-02-27T09:43:48","modified_gmt":"2026-02-27T09:43:48","slug":"songmics-teleskoppi-vaateripustin-harmaa","status":"publish","type":"product","link":"https:\/\/nordicmart.andreevmaster.com\/fi\/tuote\/songmics-teleskoppi-vaateripustin-harmaa\/","title":{"rendered":"SONGMICS Teleskoppi vaateripustin, harmaa"},"content":{"rendered":"<p>Songmicsin tyylik\u00e4s vaateteline on ihanteellinen ratkaisu nopeaan ja t\u00e4ydelliseen siisteyteen! K\u00e4tev\u00e4n teleskooppitoiminnon ansiosta saat k\u00e4ytt\u00f6\u00f6si toiminnallisen ja mukautuvan apulaisen. Tukeva runko on valmistettu ruostumattomasta ter\u00e4ksest\u00e4 p\u00e4\u00e4llystetyst\u00e4 metalliputkesta. Tankojen korkeutta voidaan s\u00e4\u00e4t\u00e4\u00e4 teleskooppisesti 87\u2013150 cm. Telineen pituutta voidaan s\u00e4\u00e4t\u00e4\u00e4 97\u2013165 cm. Nelj\u00e4 py\u00f6r\u00e4\u00e4 k\u00e4\u00e4ntyv\u00e4t 360\u00b0 vapaasti, joista kaksi on varustettu jarruilla, ovat luistamattomat ja takaavat paremman vakauden.Kest\u00e4v\u00e4 teline t\u00e4ytt\u00e4\u00e4 p\u00e4ivitt\u00e4isen k\u00e4yt\u00f6n vaatimukset ja sopii moniin eri k\u00e4ytt\u00f6tarkoituksiin. Se on helppo purkaa, joten se vie v\u00e4h\u00e4n tilaa varastoitaessa tai kuljetettaessa. Tuotetiedot: Materiaali: ruostumattomalla ter\u00e4ksell\u00e4 p\u00e4\u00e4llystetty putki, ABS-muovi Kantavuus: 25\u201330 kg Pituus: 87\u2013150 cm, syvyys: 44 cm, korkeus: 97\u2013165 cm V\u00e4ri: harmaa Pakkauksen koko: 19 x 9,5 x 90 cm Yksitt\u00e4isen osan paino: 3,1 kg Toimitus sis\u00e4lt\u00e4\u00e4: muoviosat\/muoviliittimet ruostumattomalla ter\u00e4ksell\u00e4 p\u00e4\u00e4llystetyll\u00e4 putkella 4 x rullaa<\/p>\n","protected":false},"excerpt":{"rendered":"<p>SONGMICS vaateripustin, ulosvedett\u00e4v\u00e4 97\u2013165 cm, py\u00f6rill\u00e4, metalli, sininen, 150 x 44 x 165 cm<\/p>\n","protected":false},"featured_media":42747,"comment_status":"open","ping_status":"closed","template":"","meta":[],"product_brand":[],"product_cat":[32],"product_tag":[],"class_list":{"0":"post-33991","1":"product","2":"type-product","3":"status-publish","4":"has-post-thumbnail","6":"product_cat-uncategorized-fi","8":"first","9":"instock","10":"shipping-taxable","11":"purchasable","12":"product-type-simple"},"_links":{"self":[{"href":"https:\/\/nordicmart.andreevmaster.com\/fi\/wp-json\/wp\/v2\/product\/33991","targetHints":{"allow":["GET"]}}],"collection":[{"href":"https:\/\/nordicmart.andreevmaster.com\/fi\/wp-json\/wp\/v2\/product"}],"about":[{"href":"https:\/\/nordicmart.andreevmaster.com\/fi\/wp-json\/wp\/v2\/types\/product"}],"replies":[{"embeddable":true,"href":"https:\/\/nordicmart.andreevmaster.com\/fi\/wp-json\/wp\/v2\/comments?post=33991"}],"wp:featuredmedia":[{"embeddable":true,"href":"https:\/\/nordicmart.andreevmaster.com\/fi\/wp-json\/wp\/v2\/media\/42747"}],"wp:attachment":[{"href":"https:\/\/nordicmart.andreevmaster.com\/fi\/wp-json\/wp\/v2\/media?parent=33991"}],"wp:term":[{"taxonomy":"product_brand","embeddable":true,"href":"https:\/\/nordicmart.andreevmaster.com\/fi\/wp-json\/wp\/v2\/product_brand?post=33991"},{"taxonomy":"product_cat","embeddable":true,"href":"https:\/\/nordicmart.andreevmaster.com\/fi\/wp-json\/wp\/v2\/product_cat?post=33991"},{"taxonomy":"product_tag","embeddable":true,"href":"https:\/\/nordicmart.andreevmaster.com\/fi\/wp-json\/wp\/v2\/product_tag?post=33991"}],"curies":[{"name":"wp","href":"https:\/\/api.w.org\/{rel}","templated":true}]}}