{"id":33989,"date":"2026-02-27T00:23:43","date_gmt":"2026-02-27T00:23:43","guid":{"rendered":"https:\/\/nordicmart.andreevmaster.com\/product\/songmics-bambusta-valmistettu-monitoriteline\/"},"modified":"2026-02-27T09:43:47","modified_gmt":"2026-02-27T09:43:47","slug":"songmics-bambusta-valmistettu-monitoriteline","status":"publish","type":"product","link":"https:\/\/nordicmart.andreevmaster.com\/fi\/tuote\/songmics-bambusta-valmistettu-monitoriteline\/","title":{"rendered":"SONGMICS bambusta valmistettu monitoriteline"},"content":{"rendered":"<p>Istua koko p\u00e4iv\u00e4 vai seist\u00e4 koko p\u00e4iv\u00e4 \u2013 siin\u00e4p\u00e4 kysymys! Kaikki tiet\u00e4v\u00e4t, ett\u00e4 kumpikaan vaihtoehto ei ole hyv\u00e4ksi terveydelle. Kehomme kaipaa vaihtelevia toimintoja, ja SONGMICS bambusta valmistettu seisomap\u00f6yt\u00e4 mahdollistaa helpon siirtymisen istuma-asennosta seisoma-asentoon ja takaisin.T\u00e4m\u00e4n SONGMICS-p\u00f6yt\u00e4tason avulla voit l\u00f6yt\u00e4\u00e4 terveellisen tasapainon istumisen ja seisomisen v\u00e4lill\u00e4 p\u00e4ivitt\u00e4isess\u00e4 ty\u00f6ss\u00e4si. Rungon molemmilla puolilla olevien 6 lovien ansiosta 2 p\u00f6yt\u00e4tasoa voidaan nostaa tai laskea joustavasti sopivaan korkeuteen: jos haluat seist\u00e4, voit kiinnitt\u00e4\u00e4 yhden p\u00f6yt\u00e4tason ylimm\u00e4lle tasolle ja asettaa n\u00e4yt\u00f6n tai kannettavan tietokoneen sen p\u00e4\u00e4lle. Alempi levy on ihanteellinen n\u00e4pp\u00e4imist\u00f6lle tai hiirelle. Jos haluat istua, voit laskea yhden levyn alas tai poistaa sen kokonaan. N\u00e4in seisomap\u00f6yt\u00e4 voi toimia monitoritelineen\u00e4, ja poistettua levy\u00e4 voi k\u00e4ytt\u00e4\u00e4 kannettavan tietokoneen alustana. Istumisen ja seisomisen vaihtelu ty\u00f6aikana auttaa ehk\u00e4isem\u00e4\u00e4n yleisi\u00e4 toimistoty\u00f6skentelyyn liittyvi\u00e4 vaivoja, kuten selk\u00e4kipuja tai niska- ja hartiaj\u00e4nnityksi\u00e4, v\u00e4ltt\u00e4m\u00e4\u00e4n virheellisi\u00e4 asentoja ja yksipuolista rasitusta sek\u00e4 aktivoimaan syd\u00e4n- ja verenkiertoelimist\u00f6\u00e4. T\u00e4m\u00e4n lis\u00e4ksi se parantaa keskittymiskyky\u00e4 ja v\u00e4hent\u00e4\u00e4 v\u00e4symyst\u00e4. Tuotetiedot: &#8211; Mitat: 66 x 49,5 x 48 cm (L x K x S) &#8211; V\u00e4ri: luonnonv\u00e4ri &#8211; Materiaali: bambu &#8211; Korkeuden s\u00e4\u00e4t\u00f6alue: 31\u201346 cm &#8211; Kantavuus: 10 kg per alusta; 19 kg yhteens\u00e4 &#8211; Paino: 4 kg Toimitus sis\u00e4lt\u00e4\u00e4: &#8211; 1 x seisomap\u00f6yt\u00e4 &#8211; 1 x ohjeet (DE, EN, FR, IT, ES) &#8211; 1 x ty\u00f6kalu<\/p>\n","protected":false},"excerpt":{"rendered":"<p>SONGMICS istuma-seisomap\u00f6yt\u00e4, bambusta valmistettu p\u00f6yt\u00e4levy, kannettavan tietokoneen p\u00f6yt\u00e4, monitoriteline, seisomap\u00f6yt\u00e4, korkeuss\u00e4\u00e4dett\u00e4v\u00e4, monitorille, n\u00e4yt\u00f6lle, kannettavalle tietokoneelle LLD97N<\/p>\n","protected":false},"featured_media":42745,"comment_status":"open","ping_status":"closed","template":"","meta":[],"product_brand":[],"product_cat":[32],"product_tag":[],"class_list":{"0":"post-33989","1":"product","2":"type-product","3":"status-publish","4":"has-post-thumbnail","6":"product_cat-uncategorized-fi","8":"first","9":"instock","10":"shipping-taxable","11":"purchasable","12":"product-type-simple"},"_links":{"self":[{"href":"https:\/\/nordicmart.andreevmaster.com\/fi\/wp-json\/wp\/v2\/product\/33989","targetHints":{"allow":["GET"]}}],"collection":[{"href":"https:\/\/nordicmart.andreevmaster.com\/fi\/wp-json\/wp\/v2\/product"}],"about":[{"href":"https:\/\/nordicmart.andreevmaster.com\/fi\/wp-json\/wp\/v2\/types\/product"}],"replies":[{"embeddable":true,"href":"https:\/\/nordicmart.andreevmaster.com\/fi\/wp-json\/wp\/v2\/comments?post=33989"}],"wp:featuredmedia":[{"embeddable":true,"href":"https:\/\/nordicmart.andreevmaster.com\/fi\/wp-json\/wp\/v2\/media\/42745"}],"wp:attachment":[{"href":"https:\/\/nordicmart.andreevmaster.com\/fi\/wp-json\/wp\/v2\/media?parent=33989"}],"wp:term":[{"taxonomy":"product_brand","embeddable":true,"href":"https:\/\/nordicmart.andreevmaster.com\/fi\/wp-json\/wp\/v2\/product_brand?post=33989"},{"taxonomy":"product_cat","embeddable":true,"href":"https:\/\/nordicmart.andreevmaster.com\/fi\/wp-json\/wp\/v2\/product_cat?post=33989"},{"taxonomy":"product_tag","embeddable":true,"href":"https:\/\/nordicmart.andreevmaster.com\/fi\/wp-json\/wp\/v2\/product_tag?post=33989"}],"curies":[{"name":"wp","href":"https:\/\/api.w.org\/{rel}","templated":true}]}}