{"id":33988,"date":"2026-02-27T00:23:42","date_gmt":"2026-02-27T00:23:42","guid":{"rendered":"https:\/\/nordicmart.andreevmaster.com\/product\/songmics-monitoriteline-sailytystilalla-bambu\/"},"modified":"2026-02-27T09:43:47","modified_gmt":"2026-02-27T09:43:47","slug":"songmics-monitoriteline-sailytystilalla-bambu","status":"publish","type":"product","link":"https:\/\/nordicmart.andreevmaster.com\/fi\/tuote\/songmics-monitoriteline-sailytystilalla-bambu\/","title":{"rendered":"SONGMICS Monitoriteline s\u00e4ilytystilalla Bambu"},"content":{"rendered":"<p>Opiskele tai ty\u00f6skentele rasittamatta kehoasi Ryhti on t\u00e4rkein huomioitava asia, kun ty\u00f6skentelet ty\u00f6p\u00f6yd\u00e4n \u00e4\u00e4ress\u00e4. Ergonominen n\u00e4yt\u00f6nkorotin on yksi peruslaitteista, jonka avulla voit ty\u00f6skennell\u00e4 ty\u00f6p\u00f6yd\u00e4n \u00e4\u00e4ress\u00e4 turvallisesti ja ilman huolta terveydest\u00e4si, tehokkaasti, tuottavasti ja tarvittavalla mukavuudella. T\u00e4m\u00e4 parannettu ty\u00f6asento rentouttaa niska- ja selk\u00e4lihaksia ja v\u00e4hent\u00e4\u00e4 merkitt\u00e4v\u00e4sti j\u00e4nnityst\u00e4. T\u00e4m\u00e4 mahdollistaa samalla tuottavamman ty\u00f6skentelyn ja terveyden yll\u00e4pit\u00e4misen. S\u00e4\u00e4st\u00e4 itse\u00e4si! Huomattava tilans\u00e4\u00e4st\u00f6 ja esteettinen lahjakkuus Kauniisti muotoiltu monitorin korotus tarjoaa lis\u00e4\u00e4 tilaa ty\u00f6p\u00f6yd\u00e4llesi, sill\u00e4 n\u00e4yt\u00f6n alle saat uuden s\u00e4ilytystilan toimistotarvikkeillesi. Useat eri asennot mahdollistavat suosikkiesineidesi (tabletti, matkapuhelin, lasi, kyn\u00e4 jne.) sijoittamisen. Keskelle voit laittaa kansioita, asiakirjoja ja mappeja. Irrotettavien v\u00e4liseinien ansiosta sivulle mahtuu 6 erilaista vaihtoehtoa, ja lopuksi alhaalta l\u00f6ytyy s\u00e4ilytystilaa n\u00e4pp\u00e4imist\u00f6lle ja hiirelle. Bambu, tulevaisuuden uusiutuva luonnonvara  Bambu on ekologinen luonnonvara Aasiasta, sill\u00e4 se kasvaa parhaissa olosuhteissa noin 1 m p\u00e4iv\u00e4ss\u00e4. Bambu on t\u00e4ydellinen vaihtoehto massiivisen mets\u00e4kadon torjumiseksi. T\u00e4m\u00e4 p\u00f6yt\u00e4monitorin lis\u00e4laite on esteettinen. Tuotetiedot:  &#8211; V\u00e4ri: luonnonv\u00e4ri &#8211; Materiaali: bambu &#8211; Tuotteen mitat: 62,6 x 16 x 28 cm (L x K x S) &#8211; Paino: 4,26 kg &#8211; Kantavuus: 36 kg &#8211; Sopii kaikille n\u00e4yt\u00f6ille ja kannettaville tietokoneille Toimitus sis\u00e4lt\u00e4\u00e4:  &#8211; 1 x n\u00e4yt\u00f6njalusta &#8211; 1 x ohje (DE, EN, FR, ES, IT) &#8211; 1 x kiinnityspussi<\/p>\n","protected":false},"excerpt":{"rendered":"<p>SONGMICS monitoriteline s\u00e4ilytystilalla, ergonominen bambusta valmistettu n\u00e4yt\u00f6njalusta monitorille tai kannettavalle tietokoneelle LLD213<\/p>\n","protected":false},"featured_media":42744,"comment_status":"open","ping_status":"closed","template":"","meta":[],"product_brand":[],"product_cat":[32],"product_tag":[],"class_list":{"0":"post-33988","1":"product","2":"type-product","3":"status-publish","4":"has-post-thumbnail","6":"product_cat-uncategorized-fi","8":"first","9":"instock","10":"shipping-taxable","11":"purchasable","12":"product-type-simple"},"_links":{"self":[{"href":"https:\/\/nordicmart.andreevmaster.com\/fi\/wp-json\/wp\/v2\/product\/33988","targetHints":{"allow":["GET"]}}],"collection":[{"href":"https:\/\/nordicmart.andreevmaster.com\/fi\/wp-json\/wp\/v2\/product"}],"about":[{"href":"https:\/\/nordicmart.andreevmaster.com\/fi\/wp-json\/wp\/v2\/types\/product"}],"replies":[{"embeddable":true,"href":"https:\/\/nordicmart.andreevmaster.com\/fi\/wp-json\/wp\/v2\/comments?post=33988"}],"wp:featuredmedia":[{"embeddable":true,"href":"https:\/\/nordicmart.andreevmaster.com\/fi\/wp-json\/wp\/v2\/media\/42744"}],"wp:attachment":[{"href":"https:\/\/nordicmart.andreevmaster.com\/fi\/wp-json\/wp\/v2\/media?parent=33988"}],"wp:term":[{"taxonomy":"product_brand","embeddable":true,"href":"https:\/\/nordicmart.andreevmaster.com\/fi\/wp-json\/wp\/v2\/product_brand?post=33988"},{"taxonomy":"product_cat","embeddable":true,"href":"https:\/\/nordicmart.andreevmaster.com\/fi\/wp-json\/wp\/v2\/product_cat?post=33988"},{"taxonomy":"product_tag","embeddable":true,"href":"https:\/\/nordicmart.andreevmaster.com\/fi\/wp-json\/wp\/v2\/product_tag?post=33988"}],"curies":[{"name":"wp","href":"https:\/\/api.w.org\/{rel}","templated":true}]}}