{"id":33987,"date":"2026-02-27T00:23:42","date_gmt":"2026-02-27T00:23:42","guid":{"rendered":"https:\/\/nordicmart.andreevmaster.com\/product\/songmics-naytonjalusta-bambu-valkoinen\/"},"modified":"2026-02-27T09:43:47","modified_gmt":"2026-02-27T09:43:47","slug":"songmics-naytonjalusta-bambu-valkoinen","status":"publish","type":"product","link":"https:\/\/nordicmart.andreevmaster.com\/fi\/tuote\/songmics-naytonjalusta-bambu-valkoinen\/","title":{"rendered":"SONGMICS n\u00e4yt\u00f6njalusta bambu valkoinen"},"content":{"rendered":"<p>Jos teet suurimman osan p\u00e4ivitt\u00e4isist\u00e4 t\u00f6ist\u00e4si istuen tietokoneen \u00e4\u00e4ress\u00e4, saatat joskus k\u00e4rsi\u00e4 v\u00e4ist\u00e4m\u00e4tt\u00f6mist\u00e4 niska- ja selk\u00e4kivuista. SONGMICS-n\u00e4yt\u00f6njalusta auttaa sinua korjaamaan istuma-asentosi optimaaliseksi. T\u00e4m\u00e4 monitoiminen jalusta mahdollistaa ymp\u00e4riins\u00e4 lojuvien kynien, paperiliittimien tai tarralappujen siistin s\u00e4ilytyksen. Alhaalla on my\u00f6s tilaa n\u00e4pp\u00e4imist\u00f6lle, joten saat lis\u00e4\u00e4 tilaa kirjoittamiseen ja lukemiseen ty\u00f6p\u00f6yd\u00e4ll\u00e4. Tuotetiedot:  &#8211; V\u00e4ri: luonnonbambu (LLD211N); musta (LLD211BK); valkoinen (LLD211WT) &#8211; Materiaali: bambu &#8211; Kantavuus: 20 kg &#8211; Tuotteen mitat: 41 x 10 x 28 cm (L x K x S) &#8211; Paino: 1,6 kg Toimitus sis\u00e4lt\u00e4\u00e4:  &#8211; 1 x monitoriteline &#8211; 1 x ohjeet (DE, EN, FR, ES, IT) &#8211; 1 x kiinnityspussit SONGMICS Huomautukset:  &#8211; \u00c4l\u00e4 k\u00e4yt\u00e4 tuotetta liian kuivissa tai kosteissa paikoissa. &#8211; Voit puhdistaa tuotteen hieman kostutetulla liinalla.<\/p>\n","protected":false},"excerpt":{"rendered":"<p>SONGMICS Bambusta valmistettu monitoriteline, ergonominen n\u00e4yt\u00f6n teline, 10 cm korkea p\u00f6yt\u00e4levy, matkapuhelimen paikka, kyn\u00e4teline, kahvat, tietokoneelle, televisiolle, tulostimelle, suuri, luonnonv\u00e4ri LLD211N<\/p>\n","protected":false},"featured_media":42743,"comment_status":"open","ping_status":"closed","template":"","meta":[],"product_brand":[],"product_cat":[32],"product_tag":[],"class_list":{"0":"post-33987","1":"product","2":"type-product","3":"status-publish","4":"has-post-thumbnail","6":"product_cat-uncategorized-fi","8":"first","9":"instock","10":"shipping-taxable","11":"purchasable","12":"product-type-simple"},"_links":{"self":[{"href":"https:\/\/nordicmart.andreevmaster.com\/fi\/wp-json\/wp\/v2\/product\/33987","targetHints":{"allow":["GET"]}}],"collection":[{"href":"https:\/\/nordicmart.andreevmaster.com\/fi\/wp-json\/wp\/v2\/product"}],"about":[{"href":"https:\/\/nordicmart.andreevmaster.com\/fi\/wp-json\/wp\/v2\/types\/product"}],"replies":[{"embeddable":true,"href":"https:\/\/nordicmart.andreevmaster.com\/fi\/wp-json\/wp\/v2\/comments?post=33987"}],"wp:featuredmedia":[{"embeddable":true,"href":"https:\/\/nordicmart.andreevmaster.com\/fi\/wp-json\/wp\/v2\/media\/42743"}],"wp:attachment":[{"href":"https:\/\/nordicmart.andreevmaster.com\/fi\/wp-json\/wp\/v2\/media?parent=33987"}],"wp:term":[{"taxonomy":"product_brand","embeddable":true,"href":"https:\/\/nordicmart.andreevmaster.com\/fi\/wp-json\/wp\/v2\/product_brand?post=33987"},{"taxonomy":"product_cat","embeddable":true,"href":"https:\/\/nordicmart.andreevmaster.com\/fi\/wp-json\/wp\/v2\/product_cat?post=33987"},{"taxonomy":"product_tag","embeddable":true,"href":"https:\/\/nordicmart.andreevmaster.com\/fi\/wp-json\/wp\/v2\/product_tag?post=33987"}],"curies":[{"name":"wp","href":"https:\/\/api.w.org\/{rel}","templated":true}]}}