{"id":33984,"date":"2026-02-27T00:23:41","date_gmt":"2026-02-27T00:23:41","guid":{"rendered":"https:\/\/nordicmart.andreevmaster.com\/product\/songmics-monitoriteline-bambusta-valkoinen\/"},"modified":"2026-02-27T09:43:46","modified_gmt":"2026-02-27T09:43:46","slug":"songmics-monitoriteline-bambusta-valkoinen","status":"publish","type":"product","link":"https:\/\/nordicmart.andreevmaster.com\/fi\/tuote\/songmics-monitoriteline-bambusta-valkoinen\/","title":{"rendered":"SONGMICS monitoriteline bambusta, valkoinen"},"content":{"rendered":"<p>Songmics-n\u00e4yt\u00f6njalusta on valmistettu bambusta, joka on per\u00e4isin tietoisesta kest\u00e4v\u00e4n kehityksen mukaisesta viljelyst\u00e4, ja kaikki reunat on kauniisti py\u00f6ristetty. Se on ymp\u00e4rist\u00f6yst\u00e4v\u00e4llinen ja turvallinen k\u00e4ytt\u00e4\u00e4. Se tarjoaa riitt\u00e4v\u00e4n tukipinnan n\u00e4yt\u00f6n jalalle (leveys 60 cm ja syvyys 30,2 cm). Luo ergonominen ty\u00f6ymp\u00e4rist\u00f6 ja v\u00e4lt\u00e4 silmien, p\u00e4\u00e4n ja niskan kipuja. T\u00e4m\u00e4n p\u00f6yt\u00e4telineen avulla pid\u00e4t p\u00f6yt\u00e4si siistin\u00e4 ja tilavana. Ohut ja moderni muotoilu yhdistyy k\u00e4yt\u00e4nn\u00f6lliseen toiminnallisuuteen t\u00e4ss\u00e4 monitoritelineess\u00e4, joka on tyylik\u00e4s sisustusesine, jota voi k\u00e4ytt\u00e4\u00e4 paitsi kotona tai toimistossa n\u00e4yt\u00f6n korottamiseen my\u00f6s myym\u00e4l\u00e4n esillepanossa.Tuotetiedot: Mitat: 60 x 8,5 x 30,2 cm (L x K x S) Materiaali: bambu Pakkauksen mitat: 75 x 32 x 3,3 cm Nettopaino: 2,35 kg Bruttopaino: 2,65 kg Toimitus sis\u00e4lt\u00e4\u00e4: 1 x monitoriteline 1 x ohjeet 1 x lis\u00e4varustepussi<\/p>\n","protected":false},"excerpt":{"rendered":"<p>SONGMICS bambusta valmistettu monitoriteline, ergonominen kannettavan tietokoneen teline, n\u00e4yt\u00f6n korotusn\u00e4yt\u00f6n teline tietokoneelle, kannettavalle tietokoneelle, ty\u00f6p\u00f6yd\u00e4n j\u00e4rjestelij\u00e4lle, 60 x 30,2 x 8,5 cm LLD201H<\/p>\n","protected":false},"featured_media":42740,"comment_status":"open","ping_status":"closed","template":"","meta":[],"product_brand":[],"product_cat":[32],"product_tag":[],"class_list":{"0":"post-33984","1":"product","2":"type-product","3":"status-publish","4":"has-post-thumbnail","6":"product_cat-uncategorized-fi","8":"first","9":"instock","10":"shipping-taxable","11":"purchasable","12":"product-type-simple"},"_links":{"self":[{"href":"https:\/\/nordicmart.andreevmaster.com\/fi\/wp-json\/wp\/v2\/product\/33984","targetHints":{"allow":["GET"]}}],"collection":[{"href":"https:\/\/nordicmart.andreevmaster.com\/fi\/wp-json\/wp\/v2\/product"}],"about":[{"href":"https:\/\/nordicmart.andreevmaster.com\/fi\/wp-json\/wp\/v2\/types\/product"}],"replies":[{"embeddable":true,"href":"https:\/\/nordicmart.andreevmaster.com\/fi\/wp-json\/wp\/v2\/comments?post=33984"}],"wp:featuredmedia":[{"embeddable":true,"href":"https:\/\/nordicmart.andreevmaster.com\/fi\/wp-json\/wp\/v2\/media\/42740"}],"wp:attachment":[{"href":"https:\/\/nordicmart.andreevmaster.com\/fi\/wp-json\/wp\/v2\/media?parent=33984"}],"wp:term":[{"taxonomy":"product_brand","embeddable":true,"href":"https:\/\/nordicmart.andreevmaster.com\/fi\/wp-json\/wp\/v2\/product_brand?post=33984"},{"taxonomy":"product_cat","embeddable":true,"href":"https:\/\/nordicmart.andreevmaster.com\/fi\/wp-json\/wp\/v2\/product_cat?post=33984"},{"taxonomy":"product_tag","embeddable":true,"href":"https:\/\/nordicmart.andreevmaster.com\/fi\/wp-json\/wp\/v2\/product_tag?post=33984"}],"curies":[{"name":"wp","href":"https:\/\/api.w.org\/{rel}","templated":true}]}}