{"id":33983,"date":"2026-02-27T00:23:41","date_gmt":"2026-02-27T00:23:41","guid":{"rendered":"https:\/\/nordicmart.andreevmaster.com\/product\/songmics-monitoriteline-bambu-musta\/"},"modified":"2026-02-27T09:43:46","modified_gmt":"2026-02-27T09:43:46","slug":"songmics-monitoriteline-bambu-musta","status":"publish","type":"product","link":"https:\/\/nordicmart.andreevmaster.com\/fi\/tuote\/songmics-monitoriteline-bambu-musta\/","title":{"rendered":"SONGMICS monitoriteline bambu musta"},"content":{"rendered":"<p>Ty\u00f6skentele ja opiskele ilman v\u00e4symyst\u00e4!  Terveellinen ryhti on t\u00e4rke\u00e4\u00e4 niille, jotka viett\u00e4v\u00e4t suurimman osan p\u00e4iv\u00e4st\u00e4 tietokoneen \u00e4\u00e4ress\u00e4. SONGMICSin ergonominen monitoriteline on suunniteltu luomaan terveellinen, mukava ja tehokas ty\u00f6ymp\u00e4rist\u00f6. T\u00e4m\u00e4n telineen avulla voit lievitt\u00e4\u00e4 niska- ja selk\u00e4kipuja.  Tilaa s\u00e4\u00e4st\u00e4v\u00e4 j\u00e4rjestelij\u00e4 lis\u00e4\u00e4 tilaa ty\u00f6p\u00f6yd\u00e4ll\u00e4 Erinomainen viimeistely joka kulmassa ja reunassa, tila pinnan alla pit\u00e4\u00e4 erilaiset toimistotarvikkeet, kuten hiiren ja n\u00e4pp\u00e4imist\u00f6n, oikeilla paikoillaan; teline on suunniteltu erityisesti puhelimille, tableteille, kynille ja mukeille. Bambu \u2013 seuraa muotia Luonnollinen ja uusiutuva bambu on pidempien kuitujensa ansiosta vahvempaa ja joustavampaa kuin useimmat puulajit. Se voi kasvaa jopa 3 jalkaa (l\u00e4hes 1 metri) p\u00e4iv\u00e4ss\u00e4 ja tuottaa kaksinkertaisen m\u00e4\u00e4r\u00e4n happea verrattuna muihin puihin. SONGMICS k\u00e4ytt\u00e4\u00e4 tuotteissaan bambua, joka voidaan korjata 4\u20136 vuoden kuluttua ja joka on ihanteellinen korvike perinteisille puumateriaaleille. \u00c4l\u00e4 etsi en\u00e4\u00e4 monitoritelinett\u00e4 \u2013 t\u00e4m\u00e4 SONGMICS:n valikoidusta bambusta valmistettu teline t\u00e4ytt\u00e4\u00e4 tarpeesi. Tuotetiedot:  &#8211; V\u00e4ri: musta &#8211; Materiaali: bambu &#8211; Koko: 60 x 30 x 8,5 cm (L x S x K) &#8211; Paino: 2,35 kg &#8211; Maks. kantavuus: 10 kg &#8211; Sopii kaiken kokoisille kannettaville tietokoneille ja monitoreille Toimitus sis\u00e4lt\u00e4\u00e4 &#8211; 1 x monitoriteline &#8211; 1 x lis\u00e4varustepussi &#8211; 1 x ohjeet (DE, EN, FR, ES, IT)<\/p>\n","protected":false},"excerpt":{"rendered":"<p>SONGMICS bambusta valmistettu monitoriteline, ergonominen kannettavan tietokoneen teline, n\u00e4yt\u00f6n korotusn\u00e4yt\u00f6n teline tietokoneelle, kannettavalle tietokoneelle, ty\u00f6p\u00f6yd\u00e4n j\u00e4rjestelij\u00e4lle, 60 x 30,2 x 8,5 cm LLD201H<\/p>\n","protected":false},"featured_media":42739,"comment_status":"open","ping_status":"closed","template":"","meta":[],"product_brand":[],"product_cat":[32],"product_tag":[],"class_list":{"0":"post-33983","1":"product","2":"type-product","3":"status-publish","4":"has-post-thumbnail","6":"product_cat-uncategorized-fi","8":"first","9":"instock","10":"shipping-taxable","11":"purchasable","12":"product-type-simple"},"_links":{"self":[{"href":"https:\/\/nordicmart.andreevmaster.com\/fi\/wp-json\/wp\/v2\/product\/33983","targetHints":{"allow":["GET"]}}],"collection":[{"href":"https:\/\/nordicmart.andreevmaster.com\/fi\/wp-json\/wp\/v2\/product"}],"about":[{"href":"https:\/\/nordicmart.andreevmaster.com\/fi\/wp-json\/wp\/v2\/types\/product"}],"replies":[{"embeddable":true,"href":"https:\/\/nordicmart.andreevmaster.com\/fi\/wp-json\/wp\/v2\/comments?post=33983"}],"wp:featuredmedia":[{"embeddable":true,"href":"https:\/\/nordicmart.andreevmaster.com\/fi\/wp-json\/wp\/v2\/media\/42739"}],"wp:attachment":[{"href":"https:\/\/nordicmart.andreevmaster.com\/fi\/wp-json\/wp\/v2\/media?parent=33983"}],"wp:term":[{"taxonomy":"product_brand","embeddable":true,"href":"https:\/\/nordicmart.andreevmaster.com\/fi\/wp-json\/wp\/v2\/product_brand?post=33983"},{"taxonomy":"product_cat","embeddable":true,"href":"https:\/\/nordicmart.andreevmaster.com\/fi\/wp-json\/wp\/v2\/product_cat?post=33983"},{"taxonomy":"product_tag","embeddable":true,"href":"https:\/\/nordicmart.andreevmaster.com\/fi\/wp-json\/wp\/v2\/product_tag?post=33983"}],"curies":[{"name":"wp","href":"https:\/\/api.w.org\/{rel}","templated":true}]}}