{"id":33982,"date":"2026-02-27T00:23:41","date_gmt":"2026-02-27T00:23:41","guid":{"rendered":"https:\/\/nordicmart.andreevmaster.com\/product\/songmics-naytonjalusta-bambu\/"},"modified":"2026-02-27T09:43:46","modified_gmt":"2026-02-27T09:43:46","slug":"songmics-naytonjalusta-bambu","status":"publish","type":"product","link":"https:\/\/nordicmart.andreevmaster.com\/fi\/tuote\/songmics-naytonjalusta-bambu\/","title":{"rendered":"SONGMICS-n\u00e4yt\u00f6njalusta, bambu"},"content":{"rendered":"<p>Tuotetiedot: &#8211; V\u00e4ri: luonnonv\u00e4ri &#8211; Materiaali: bambu &#8211; Mitat: 60 x 8,5 x 30,2 cm (L x K x S) &#8211; Paino: 2,35 kg Toimitus sis\u00e4lt\u00e4\u00e4: &#8211; 1 x n\u00e4yt\u00f6njalusta &#8211; 1 x lis\u00e4varustesarja &#8211; 1 x k\u00e4ytt\u00f6ohje (DE, EN, IT, FR, ES)<\/p>\n","protected":false},"excerpt":{"rendered":"<p>SONGMICS bambusta valmistettu monitoriteline, ergonominen kannettavan tietokoneen teline, n\u00e4yt\u00f6n korotusn\u00e4yt\u00f6n teline tietokoneelle, kannettavalle tietokoneelle, ty\u00f6p\u00f6yd\u00e4n j\u00e4rjestelij\u00e4lle, 60 x 30,2 x 8,5 cm LLD201H<\/p>\n","protected":false},"featured_media":42738,"comment_status":"open","ping_status":"closed","template":"","meta":[],"product_brand":[],"product_cat":[32],"product_tag":[],"class_list":{"0":"post-33982","1":"product","2":"type-product","3":"status-publish","4":"has-post-thumbnail","6":"product_cat-uncategorized-fi","8":"first","9":"instock","10":"shipping-taxable","11":"purchasable","12":"product-type-simple"},"_links":{"self":[{"href":"https:\/\/nordicmart.andreevmaster.com\/fi\/wp-json\/wp\/v2\/product\/33982","targetHints":{"allow":["GET"]}}],"collection":[{"href":"https:\/\/nordicmart.andreevmaster.com\/fi\/wp-json\/wp\/v2\/product"}],"about":[{"href":"https:\/\/nordicmart.andreevmaster.com\/fi\/wp-json\/wp\/v2\/types\/product"}],"replies":[{"embeddable":true,"href":"https:\/\/nordicmart.andreevmaster.com\/fi\/wp-json\/wp\/v2\/comments?post=33982"}],"wp:featuredmedia":[{"embeddable":true,"href":"https:\/\/nordicmart.andreevmaster.com\/fi\/wp-json\/wp\/v2\/media\/42738"}],"wp:attachment":[{"href":"https:\/\/nordicmart.andreevmaster.com\/fi\/wp-json\/wp\/v2\/media?parent=33982"}],"wp:term":[{"taxonomy":"product_brand","embeddable":true,"href":"https:\/\/nordicmart.andreevmaster.com\/fi\/wp-json\/wp\/v2\/product_brand?post=33982"},{"taxonomy":"product_cat","embeddable":true,"href":"https:\/\/nordicmart.andreevmaster.com\/fi\/wp-json\/wp\/v2\/product_cat?post=33982"},{"taxonomy":"product_tag","embeddable":true,"href":"https:\/\/nordicmart.andreevmaster.com\/fi\/wp-json\/wp\/v2\/product_tag?post=33982"}],"curies":[{"name":"wp","href":"https:\/\/api.w.org\/{rel}","templated":true}]}}