{"id":33978,"date":"2026-02-27T00:23:40","date_gmt":"2026-02-27T00:23:40","guid":{"rendered":"https:\/\/nordicmart.andreevmaster.com\/product\/songmics-kannettavan-tietokoneen-tyyny-sangylle\/"},"modified":"2026-02-27T09:43:45","modified_gmt":"2026-02-27T09:43:45","slug":"songmics-kannettavan-tietokoneen-tyyny-sangylle","status":"publish","type":"product","link":"https:\/\/nordicmart.andreevmaster.com\/fi\/tuote\/songmics-kannettavan-tietokoneen-tyyny-sangylle\/","title":{"rendered":"SONGMICS-kannettavan tietokoneen tyyny s\u00e4ngylle"},"content":{"rendered":"<p>T\u00e4m\u00e4n kannettavan tietokoneen p\u00f6yd\u00e4n edut: Kantokahvan ansiosta t\u00e4m\u00e4 kannettavan tietokoneen p\u00f6yt\u00e4 on helppo kuljettaa.Pehme\u00e4 alusta lis\u00e4\u00e4 mukavuutta, kun asetat t\u00e4m\u00e4n kannettavan tietokoneen p\u00f6yd\u00e4n jaloillesi. Kiinnityskisko matkapuhelimelle tai tabletille. Ei vaadi kokoonpanoa. T\u00e4m\u00e4 tuote on heti k\u00e4ytt\u00f6valmis. Tuotetiedot: V\u00e4ri: vintage-ruskea Materiaali: MDF (keskitihe\u00e4 kuitulevy), vaahtomuovi Koko: 55 x 37 x 12 cm (P x L x K) Paino: 1,9 kg Toimitus sis\u00e4lt\u00e4\u00e4: 1 x kannettavan tietokoneen p\u00f6yt\u00e4 SONGMICS Huomautukset: Vaurioiden v\u00e4ltt\u00e4miseksi tuotetta ei saa altistaa ter\u00e4vien esineiden kosketukselle. \u00c4l\u00e4 ved\u00e4 vaahtomuovia liian voimakkaasti. Pid\u00e4 tuote poissa tulen l\u00e4heisyydest\u00e4.<\/p>\n","protected":false},"excerpt":{"rendered":"<p>SONGMICS-kannettavan tietokoneen tyyny s\u00e4ngylle, kannettavan tietokoneen p\u00f6yt\u00e4, kannettavan tietokoneen alusta, kahvalla, pehmustettu alusta, uralla matkapuhelimelle ja tabletille, 55 x 37 x 12 cm (P x L x K), vintage-ruskea LLD108B01<\/p>\n","protected":false},"featured_media":42734,"comment_status":"open","ping_status":"closed","template":"","meta":[],"product_brand":[],"product_cat":[32],"product_tag":[],"class_list":{"0":"post-33978","1":"product","2":"type-product","3":"status-publish","4":"has-post-thumbnail","6":"product_cat-uncategorized-fi","8":"first","9":"instock","10":"shipping-taxable","11":"purchasable","12":"product-type-simple"},"_links":{"self":[{"href":"https:\/\/nordicmart.andreevmaster.com\/fi\/wp-json\/wp\/v2\/product\/33978","targetHints":{"allow":["GET"]}}],"collection":[{"href":"https:\/\/nordicmart.andreevmaster.com\/fi\/wp-json\/wp\/v2\/product"}],"about":[{"href":"https:\/\/nordicmart.andreevmaster.com\/fi\/wp-json\/wp\/v2\/types\/product"}],"replies":[{"embeddable":true,"href":"https:\/\/nordicmart.andreevmaster.com\/fi\/wp-json\/wp\/v2\/comments?post=33978"}],"wp:featuredmedia":[{"embeddable":true,"href":"https:\/\/nordicmart.andreevmaster.com\/fi\/wp-json\/wp\/v2\/media\/42734"}],"wp:attachment":[{"href":"https:\/\/nordicmart.andreevmaster.com\/fi\/wp-json\/wp\/v2\/media?parent=33978"}],"wp:term":[{"taxonomy":"product_brand","embeddable":true,"href":"https:\/\/nordicmart.andreevmaster.com\/fi\/wp-json\/wp\/v2\/product_brand?post=33978"},{"taxonomy":"product_cat","embeddable":true,"href":"https:\/\/nordicmart.andreevmaster.com\/fi\/wp-json\/wp\/v2\/product_cat?post=33978"},{"taxonomy":"product_tag","embeddable":true,"href":"https:\/\/nordicmart.andreevmaster.com\/fi\/wp-json\/wp\/v2\/product_tag?post=33978"}],"curies":[{"name":"wp","href":"https:\/\/api.w.org\/{rel}","templated":true}]}}