{"id":33977,"date":"2026-02-27T00:23:40","date_gmt":"2026-02-27T00:23:40","guid":{"rendered":"https:\/\/nordicmart.andreevmaster.com\/product\/songmics-sangyn-tarjotin-jossa-on-taitettavat-bambujalat\/"},"modified":"2026-02-27T09:43:45","modified_gmt":"2026-02-27T09:43:45","slug":"songmics-sangyn-tarjotin-jossa-on-taitettavat-bambujalat","status":"publish","type":"product","link":"https:\/\/nordicmart.andreevmaster.com\/fi\/tuote\/songmics-sangyn-tarjotin-jossa-on-taitettavat-bambujalat\/","title":{"rendered":"SONGMICS s\u00e4ngyn tarjotin, jossa on taitettavat bambujalat"},"content":{"rendered":"<p>Tyylikkyys ja vakaus: bambujalkojen ja puumateriaalista valmistetun p\u00f6yt\u00e4levyn ansiosta t\u00e4m\u00e4 vintage-tyylinen tarjotin ei vain n\u00e4yt\u00e4 tyylikk\u00e4\u00e4lt\u00e4, vaan kest\u00e4\u00e4 my\u00f6s vuosien k\u00e4yt\u00f6n. Ruokailuun, ty\u00f6skentelyyn ja rentoutumiseen: t\u00e4m\u00e4 50 x 30 x 26 cm kokoinen kannettavan tietokoneen teline tarjoaa ihanteellisen paikan elokuvien katseluun, internetin selailuun tai romanttisen aamiaisen nauttimiseen s\u00e4ngyss\u00e4. Sopii my\u00f6s ty\u00f6skentelyyn tai pelaamiseen. Taitettuna se vie vain v\u00e4h\u00e4n s\u00e4ilytystilaa ja on helppo ottaa mukaan piknikille tai retkelle. Edut: Helppo puhdistaa. Kevyt, monipuolinen k\u00e4ytt\u00f6. Kahvat helpottavat ja mukavat kuljetusta. Taitettavat jalat: monik\u00e4ytt\u00f6inen ja tilaa s\u00e4\u00e4st\u00e4v\u00e4. Py\u00f6ristetyt jalat suojaavat ihmisi\u00e4 ja vuodevaatteita.Korotetut reunat est\u00e4v\u00e4t muruja p\u00e4\u00e4sem\u00e4st\u00e4 s\u00e4nkyyn. Tuotetiedot: &#8211; V\u00e4ri: vintage-ruskea &#8211; Materiaali: bambu, MDF (keskitihe\u00e4 kuitulevy) &#8211; Koko: 50 x 30 x 26 cm (P x L x K) &#8211; Paino: 1,25 kg Toimitus sis\u00e4lt\u00e4\u00e4: &#8211; 1 x s\u00e4ngyn p\u00f6yt\u00e4 SONGMICS Huomautukset:- Vaurioiden v\u00e4ltt\u00e4miseksi tuotetta ei saa altistaa ter\u00e4vien esineiden kosketukselle. &#8211; Varo pudottamasta tuotetta lattialle. &#8211; Ei sovellu lapsille! K\u00e4sien puristumisen vaara.<\/p>\n","protected":false},"excerpt":{"rendered":"<p>SONGMICS s\u00e4ngyn tarjotin, aamiaistarjotin, kannettavan tietokoneen teline, taitettavat bambujalat, s\u00e4nkyyn, sohvalle, v\u00e4lipaloille, kolo matkapuhelimelle, 50 x 30 x 26 cm, vintage-ruskea LLD106B01<\/p>\n","protected":false},"featured_media":42733,"comment_status":"open","ping_status":"closed","template":"","meta":[],"product_brand":[],"product_cat":[32],"product_tag":[],"class_list":{"0":"post-33977","1":"product","2":"type-product","3":"status-publish","4":"has-post-thumbnail","6":"product_cat-uncategorized-fi","8":"first","9":"instock","10":"shipping-taxable","11":"purchasable","12":"product-type-simple"},"_links":{"self":[{"href":"https:\/\/nordicmart.andreevmaster.com\/fi\/wp-json\/wp\/v2\/product\/33977","targetHints":{"allow":["GET"]}}],"collection":[{"href":"https:\/\/nordicmart.andreevmaster.com\/fi\/wp-json\/wp\/v2\/product"}],"about":[{"href":"https:\/\/nordicmart.andreevmaster.com\/fi\/wp-json\/wp\/v2\/types\/product"}],"replies":[{"embeddable":true,"href":"https:\/\/nordicmart.andreevmaster.com\/fi\/wp-json\/wp\/v2\/comments?post=33977"}],"wp:featuredmedia":[{"embeddable":true,"href":"https:\/\/nordicmart.andreevmaster.com\/fi\/wp-json\/wp\/v2\/media\/42733"}],"wp:attachment":[{"href":"https:\/\/nordicmart.andreevmaster.com\/fi\/wp-json\/wp\/v2\/media?parent=33977"}],"wp:term":[{"taxonomy":"product_brand","embeddable":true,"href":"https:\/\/nordicmart.andreevmaster.com\/fi\/wp-json\/wp\/v2\/product_brand?post=33977"},{"taxonomy":"product_cat","embeddable":true,"href":"https:\/\/nordicmart.andreevmaster.com\/fi\/wp-json\/wp\/v2\/product_cat?post=33977"},{"taxonomy":"product_tag","embeddable":true,"href":"https:\/\/nordicmart.andreevmaster.com\/fi\/wp-json\/wp\/v2\/product_tag?post=33977"}],"curies":[{"name":"wp","href":"https:\/\/api.w.org\/{rel}","templated":true}]}}