{"id":33976,"date":"2026-02-27T00:23:39","date_gmt":"2026-02-27T00:23:39","guid":{"rendered":"https:\/\/nordicmart.andreevmaster.com\/product\/songmics-aamiaistarjotin-taitettavat-jalat-korkeussaadettava-greige\/"},"modified":"2026-02-27T09:43:45","modified_gmt":"2026-02-27T09:43:45","slug":"songmics-aamiaistarjotin-taitettavat-jalat-korkeussaadettava-greige","status":"publish","type":"product","link":"https:\/\/nordicmart.andreevmaster.com\/fi\/tuote\/songmics-aamiaistarjotin-taitettavat-jalat-korkeussaadettava-greige\/","title":{"rendered":"SONGMICS aamiaistarjotin, taitettavat jalat, korkeuss\u00e4\u00e4dett\u00e4v\u00e4, greige"},"content":{"rendered":"<p>SONGMICS kannettavan tietokoneen p\u00f6yt\u00e4, kannettavan tietokoneen teline, aamiaistarjotin, taitettavat jalat, s\u00e4ngylle ja sohvalle, korkeuss\u00e4\u00e4dett\u00e4v\u00e4, enint\u00e4\u00e4n 15,6 tuuman kannettaville tietokoneille, 55 x 35 x 23 cm, vintage-ruskea LLD105B01<br \/>\nV\u00e4ri: greige<br \/>\nMateriaali: bambu, MDF (keskitihe\u00e4 kuitulevy)<br \/>\nKoko: 55 x 35 x 23 cm (P x L x K)<br \/>\nPaino: 3,3 kg<br \/>\nMaks. staattinen kantavuus: 10 kg<\/p>\n","protected":false},"excerpt":{"rendered":"<p>SONGMICS kannettavan tietokoneen p\u00f6yt\u00e4, kannettavan tietokoneen teline, aamiaistarjotin, taitettavat jalat, s\u00e4ngylle ja sohvalle, korkeuss\u00e4\u00e4dett\u00e4v\u00e4, enint\u00e4\u00e4n 15,6 tuuman kannettaville tietokoneille, 55 x 35 x 23 cm, vintage-ruskea LLD105B01<\/p>\n","protected":false},"featured_media":42732,"comment_status":"open","ping_status":"closed","template":"","meta":[],"product_brand":[],"product_cat":[32],"product_tag":[],"class_list":{"0":"post-33976","1":"product","2":"type-product","3":"status-publish","4":"has-post-thumbnail","6":"product_cat-uncategorized-fi","8":"first","9":"instock","10":"shipping-taxable","11":"purchasable","12":"product-type-simple"},"_links":{"self":[{"href":"https:\/\/nordicmart.andreevmaster.com\/fi\/wp-json\/wp\/v2\/product\/33976","targetHints":{"allow":["GET"]}}],"collection":[{"href":"https:\/\/nordicmart.andreevmaster.com\/fi\/wp-json\/wp\/v2\/product"}],"about":[{"href":"https:\/\/nordicmart.andreevmaster.com\/fi\/wp-json\/wp\/v2\/types\/product"}],"replies":[{"embeddable":true,"href":"https:\/\/nordicmart.andreevmaster.com\/fi\/wp-json\/wp\/v2\/comments?post=33976"}],"wp:featuredmedia":[{"embeddable":true,"href":"https:\/\/nordicmart.andreevmaster.com\/fi\/wp-json\/wp\/v2\/media\/42732"}],"wp:attachment":[{"href":"https:\/\/nordicmart.andreevmaster.com\/fi\/wp-json\/wp\/v2\/media?parent=33976"}],"wp:term":[{"taxonomy":"product_brand","embeddable":true,"href":"https:\/\/nordicmart.andreevmaster.com\/fi\/wp-json\/wp\/v2\/product_brand?post=33976"},{"taxonomy":"product_cat","embeddable":true,"href":"https:\/\/nordicmart.andreevmaster.com\/fi\/wp-json\/wp\/v2\/product_cat?post=33976"},{"taxonomy":"product_tag","embeddable":true,"href":"https:\/\/nordicmart.andreevmaster.com\/fi\/wp-json\/wp\/v2\/product_tag?post=33976"}],"curies":[{"name":"wp","href":"https:\/\/api.w.org\/{rel}","templated":true}]}}