{"id":33975,"date":"2026-02-27T00:23:39","date_gmt":"2026-02-27T00:23:39","guid":{"rendered":"https:\/\/nordicmart.andreevmaster.com\/product\/songmics-kannettavan-tietokoneen-teline-taitettavilla-jaloilla\/"},"modified":"2026-02-27T09:43:44","modified_gmt":"2026-02-27T09:43:44","slug":"songmics-kannettavan-tietokoneen-teline-taitettavilla-jaloilla","status":"publish","type":"product","link":"https:\/\/nordicmart.andreevmaster.com\/fi\/tuote\/songmics-kannettavan-tietokoneen-teline-taitettavilla-jaloilla\/","title":{"rendered":"SONGMICS kannettavan tietokoneen teline taitettavilla jaloilla"},"content":{"rendered":"<p>Toiminnallisuus on t\u00e4rke\u00e4\u00e4: rentoudu illalla mukavasti sen sijaan, ett\u00e4 k\u00e4rsit niska- ja selk\u00e4kivuista. Sinun tarvitsee vain s\u00e4\u00e4t\u00e4\u00e4 t\u00e4m\u00e4 kannettavan tietokoneen p\u00f6yt\u00e4 haluttuun korkeuteen ja asettaa pinta mukavaan kulmaan. Sinun ei tarvitse nousta mukavasta s\u00e4ngyst\u00e4si tai sohvaltasi. Ruokailuun, ty\u00f6skentelyyn ja rentoutumiseen: T\u00e4m\u00e4 55 x 35 x 23 cm kokoinen kannettavan tietokoneen teline tarjoaa ihanteellisen paikan elokuvien katseluun, internetin selailuun tai romanttiseen aamiaiseen s\u00e4ngyss\u00e4. Se sopii my\u00f6s ty\u00f6skentelyyn tai pelaamiseen kannettavalla p\u00f6yd\u00e4ll\u00e4. Taitettuna voit ottaa sen mukaan piknikille tai retkeilyyn, koska se vie vain v\u00e4h\u00e4n s\u00e4ilytystilaa. Tuotetiedot: V\u00e4ri: vintage-ruskea Materiaali: bambu, MDF (keskitihe\u00e4 kuitulevy) Koko: 55 x 35 x 23 cm (P x L x K) Paino: 3,5 kg Maks. staattinen kantavuus: 10 kg Toimitus sis\u00e4lt\u00e4\u00e4: 1 x kannettavan tietokoneen teline SONGMICS Huomautukset: Vaurioiden v\u00e4ltt\u00e4miseksi tuotetta ei saa altistaa ter\u00e4vien esineiden kosketukselle. Est\u00e4 t\u00e4m\u00e4n tuotteen putoaminen.<\/p>\n","protected":false},"excerpt":{"rendered":"<p>SONGMICS kannettavan tietokoneen p\u00f6yt\u00e4, kannettavan tietokoneen teline, aamiaistarjotin, taitettavat jalat, s\u00e4ngylle ja sohvalle, korkeuss\u00e4\u00e4dett\u00e4v\u00e4, enint\u00e4\u00e4n 15,6 tuuman kannettaville tietokoneille, 55 x 35 x 23 cm, vintage-ruskea LLD105B01<\/p>\n","protected":false},"featured_media":42731,"comment_status":"open","ping_status":"closed","template":"","meta":[],"product_brand":[],"product_cat":[32],"product_tag":[],"class_list":{"0":"post-33975","1":"product","2":"type-product","3":"status-publish","4":"has-post-thumbnail","6":"product_cat-uncategorized-fi","8":"first","9":"instock","10":"shipping-taxable","11":"purchasable","12":"product-type-simple"},"_links":{"self":[{"href":"https:\/\/nordicmart.andreevmaster.com\/fi\/wp-json\/wp\/v2\/product\/33975","targetHints":{"allow":["GET"]}}],"collection":[{"href":"https:\/\/nordicmart.andreevmaster.com\/fi\/wp-json\/wp\/v2\/product"}],"about":[{"href":"https:\/\/nordicmart.andreevmaster.com\/fi\/wp-json\/wp\/v2\/types\/product"}],"replies":[{"embeddable":true,"href":"https:\/\/nordicmart.andreevmaster.com\/fi\/wp-json\/wp\/v2\/comments?post=33975"}],"wp:featuredmedia":[{"embeddable":true,"href":"https:\/\/nordicmart.andreevmaster.com\/fi\/wp-json\/wp\/v2\/media\/42731"}],"wp:attachment":[{"href":"https:\/\/nordicmart.andreevmaster.com\/fi\/wp-json\/wp\/v2\/media?parent=33975"}],"wp:term":[{"taxonomy":"product_brand","embeddable":true,"href":"https:\/\/nordicmart.andreevmaster.com\/fi\/wp-json\/wp\/v2\/product_brand?post=33975"},{"taxonomy":"product_cat","embeddable":true,"href":"https:\/\/nordicmart.andreevmaster.com\/fi\/wp-json\/wp\/v2\/product_cat?post=33975"},{"taxonomy":"product_tag","embeddable":true,"href":"https:\/\/nordicmart.andreevmaster.com\/fi\/wp-json\/wp\/v2\/product_tag?post=33975"}],"curies":[{"name":"wp","href":"https:\/\/api.w.org\/{rel}","templated":true}]}}