{"id":33974,"date":"2026-02-27T00:23:39","date_gmt":"2026-02-27T00:23:39","guid":{"rendered":"https:\/\/nordicmart.andreevmaster.com\/product\/songmics-kannettavan-tietokoneen-teline-kallistuskulma-saadettavissa\/"},"modified":"2026-02-27T09:43:44","modified_gmt":"2026-02-27T09:43:44","slug":"songmics-kannettavan-tietokoneen-teline-kallistuskulma-saadettavissa","status":"publish","type":"product","link":"https:\/\/nordicmart.andreevmaster.com\/fi\/tuote\/songmics-kannettavan-tietokoneen-teline-kallistuskulma-saadettavissa\/","title":{"rendered":"SONGMICS kannettavan tietokoneen teline, kallistuskulma s\u00e4\u00e4dett\u00e4viss\u00e4"},"content":{"rendered":"<p>Niskasi on jo valittanut: \u00e4l\u00e4 anna niska- tai selk\u00e4ongelmien vaivata sinua, kun olet viel\u00e4 nuori! Aseta kannettava tietokone mukavalle korkeudelle t\u00e4m\u00e4n kannettavan tietokoneen telineen avulla. N\u00e4in voit ty\u00f6skennell\u00e4 terveellisess\u00e4 asennossa. Haluatko nauttia mukavasta televisioillasta s\u00e4ngyss\u00e4? My\u00f6s t\u00e4ss\u00e4 kannettavan tietokoneen teline auttaa sinua. Muuta kannettavan tietokoneen p\u00f6yd\u00e4n korkeutta s\u00e4\u00e4t\u00e4m\u00e4ll\u00e4 viistoja jalkoja. N\u00e4in saat enemm\u00e4n jalkatilaa. \u00c4l\u00e4 unohda s\u00e4\u00e4t\u00e4\u00e4 p\u00f6yt\u00e4\u00e4 mukavaan kulmaan! \u00c4lyk\u00e4s muotoilu: Haluatko asettaa kannettavan tietokoneesi mukavalle korkeudelle? Ei h\u00e4t\u00e4\u00e4! Aseta se vain t\u00e4lle p\u00f6yd\u00e4lle. P\u00f6yd\u00e4n pinnan alla on my\u00f6s lis\u00e4tilaa sanomalehdille, aikakauslehdille ja asiakirjoille. Kun et k\u00e4yt\u00e4 p\u00f6yt\u00e4\u00e4, voit taittaa jalat kokoon ja s\u00e4ilytt\u00e4\u00e4 p\u00f6yt\u00e4\u00e4 nurkassa. Kuinka paljon tilaa p\u00f6yt\u00e4 vie? Tuotetiedot: V\u00e4ri: tummanruskea\/vintage Materiaali: lastulevy, bambu (jalat), rauta, muovi Koko: 60 x 35 x (21-31) cm (P x L x K) Nettopaino: 3 kg Toimitus sis\u00e4lt\u00e4\u00e4: 1 x kannettavan tietokoneen teline SONGMICS Huomautukset:\u00c4l\u00e4 upota tuotetta veteen \u00e4l\u00e4k\u00e4 k\u00e4yt\u00e4 sit\u00e4 kosteassa ymp\u00e4rist\u00f6ss\u00e4. Vaurioiden v\u00e4ltt\u00e4miseksi tuotetta ei saa altistaa ter\u00e4vien esineiden kosketukselle. Ei sovellu lapsille! K\u00e4sien puristumisen vaara!<\/p>\n","protected":false},"excerpt":{"rendered":"<p>SONGMICS kannettavan tietokoneen teline, kannettavan tietokoneen pidike, kallistuskulma s\u00e4\u00e4dett\u00e4viss\u00e4, aamiaistarjotin, korkeuss\u00e4\u00e4dett\u00e4v\u00e4, p\u00f6yt\u00e4 s\u00e4ngylle, taitettavat jalat, 11\u201317,3 tuuman kannettaville tietokoneille, vintage, tummanruskea LLD104BY<\/p>\n","protected":false},"featured_media":42730,"comment_status":"open","ping_status":"closed","template":"","meta":[],"product_brand":[],"product_cat":[32],"product_tag":[],"class_list":{"0":"post-33974","1":"product","2":"type-product","3":"status-publish","4":"has-post-thumbnail","6":"product_cat-uncategorized-fi","8":"first","9":"instock","10":"shipping-taxable","11":"purchasable","12":"product-type-simple"},"_links":{"self":[{"href":"https:\/\/nordicmart.andreevmaster.com\/fi\/wp-json\/wp\/v2\/product\/33974","targetHints":{"allow":["GET"]}}],"collection":[{"href":"https:\/\/nordicmart.andreevmaster.com\/fi\/wp-json\/wp\/v2\/product"}],"about":[{"href":"https:\/\/nordicmart.andreevmaster.com\/fi\/wp-json\/wp\/v2\/types\/product"}],"replies":[{"embeddable":true,"href":"https:\/\/nordicmart.andreevmaster.com\/fi\/wp-json\/wp\/v2\/comments?post=33974"}],"wp:featuredmedia":[{"embeddable":true,"href":"https:\/\/nordicmart.andreevmaster.com\/fi\/wp-json\/wp\/v2\/media\/42730"}],"wp:attachment":[{"href":"https:\/\/nordicmart.andreevmaster.com\/fi\/wp-json\/wp\/v2\/media?parent=33974"}],"wp:term":[{"taxonomy":"product_brand","embeddable":true,"href":"https:\/\/nordicmart.andreevmaster.com\/fi\/wp-json\/wp\/v2\/product_brand?post=33974"},{"taxonomy":"product_cat","embeddable":true,"href":"https:\/\/nordicmart.andreevmaster.com\/fi\/wp-json\/wp\/v2\/product_cat?post=33974"},{"taxonomy":"product_tag","embeddable":true,"href":"https:\/\/nordicmart.andreevmaster.com\/fi\/wp-json\/wp\/v2\/product_tag?post=33974"}],"curies":[{"name":"wp","href":"https:\/\/api.w.org\/{rel}","templated":true}]}}