{"id":33973,"date":"2026-02-27T00:23:38","date_gmt":"2026-02-27T00:23:38","guid":{"rendered":"https:\/\/nordicmart.andreevmaster.com\/product\/songmics-naytoteline-kahdelle-naytolle\/"},"modified":"2026-02-27T09:43:44","modified_gmt":"2026-02-27T09:43:44","slug":"songmics-naytoteline-kahdelle-naytolle","status":"publish","type":"product","link":"https:\/\/nordicmart.andreevmaster.com\/fi\/tuote\/songmics-naytoteline-kahdelle-naytolle\/","title":{"rendered":"SONGMICS-n\u00e4yt\u00f6teline kahdelle n\u00e4yt\u00f6lle"},"content":{"rendered":"<p>Kaikki yhdess\u00e4 paikassa \u2013 helppoa: \u00e4rsytt\u00e4\u00e4k\u00f6 sinua, ett\u00e4 asiakirjat ja muistikirjat ovat hajallaan p\u00f6yd\u00e4n pinnalla? Kahvi on v\u00e4ltt\u00e4m\u00e4t\u00f6nt\u00e4 pitk\u00e4n ty\u00f6p\u00e4iv\u00e4n aikana, mutta et l\u00f6yd\u00e4 sopivaa paikkaa kahvikupillesi? T\u00e4m\u00e4 p\u00f6yt\u00e4organisaattori tulee apuun! Suuri s\u00e4ilytystila ja 3 lokeroa alaosassa \u2013 voit s\u00e4ilytt\u00e4\u00e4 matkapuhelimesi, muistikirjasi, kupit, asiakirjat ja muut toimistotarvikkeet yhdess\u00e4 paikassa. Moniajo ei ole tulevaisuuden unelmaa: t\u00e4m\u00e4 monitoriteline avaa sinulle oven uuteen maailmaan \u2013 moniajoon. Siin\u00e4 on tarpeeksi tilaa kahdelle, jopa kolmelle n\u00e4yt\u00f6lle. Voit siis muokata kuvia kannettavalla tietokoneellasi samalla, kun keskustelet kollegoidesi kanssa joistakin yksityiskohdista tietokoneesi n\u00e4yt\u00f6ll\u00e4. Tuotetiedot: V\u00e4ri: tummanruskea\/vintage Materiaali: lastulevy Koko: \uff0870-108\uff09 x 23,5 x 16 cm (P x L x K)Nettopaino: 4 kgToimitus sis\u00e4lt\u00e4\u00e4:1 x monitoriteline (asennus vaaditaan)1 x tarvikepussi1 x kuusiokoloavain1 x ohjeet (DE, EN, FR, ES, IT)SONGMICS-huomautukset:\u00c4l\u00e4 upota tuotetta veteen \u00e4l\u00e4k\u00e4 k\u00e4yt\u00e4 sit\u00e4 kosteassa ymp\u00e4rist\u00f6ss\u00e4. Vaurioiden v\u00e4ltt\u00e4miseksi tuotetta ei saa altistaa ter\u00e4vien esineiden kosketukselle.<\/p>\n","protected":false},"excerpt":{"rendered":"<p>SONGMICS monitoriteline 2 monitorille, s\u00e4\u00e4dett\u00e4v\u00e4 n\u00e4yt\u00f6n teline, kannettavan tietokoneen teline, n\u00e4yt\u00f6n korotus, p\u00f6yt\u00e4organisaattori, tilaa s\u00e4\u00e4st\u00e4v\u00e4, puun n\u00e4k\u00f6inen, vintage, tummanruskea LLD103BY<\/p>\n","protected":false},"featured_media":42729,"comment_status":"open","ping_status":"closed","template":"","meta":[],"product_brand":[],"product_cat":[32],"product_tag":[],"class_list":{"0":"post-33973","1":"product","2":"type-product","3":"status-publish","4":"has-post-thumbnail","6":"product_cat-uncategorized-fi","8":"first","9":"instock","10":"shipping-taxable","11":"purchasable","12":"product-type-simple"},"_links":{"self":[{"href":"https:\/\/nordicmart.andreevmaster.com\/fi\/wp-json\/wp\/v2\/product\/33973","targetHints":{"allow":["GET"]}}],"collection":[{"href":"https:\/\/nordicmart.andreevmaster.com\/fi\/wp-json\/wp\/v2\/product"}],"about":[{"href":"https:\/\/nordicmart.andreevmaster.com\/fi\/wp-json\/wp\/v2\/types\/product"}],"replies":[{"embeddable":true,"href":"https:\/\/nordicmart.andreevmaster.com\/fi\/wp-json\/wp\/v2\/comments?post=33973"}],"wp:featuredmedia":[{"embeddable":true,"href":"https:\/\/nordicmart.andreevmaster.com\/fi\/wp-json\/wp\/v2\/media\/42729"}],"wp:attachment":[{"href":"https:\/\/nordicmart.andreevmaster.com\/fi\/wp-json\/wp\/v2\/media?parent=33973"}],"wp:term":[{"taxonomy":"product_brand","embeddable":true,"href":"https:\/\/nordicmart.andreevmaster.com\/fi\/wp-json\/wp\/v2\/product_brand?post=33973"},{"taxonomy":"product_cat","embeddable":true,"href":"https:\/\/nordicmart.andreevmaster.com\/fi\/wp-json\/wp\/v2\/product_cat?post=33973"},{"taxonomy":"product_tag","embeddable":true,"href":"https:\/\/nordicmart.andreevmaster.com\/fi\/wp-json\/wp\/v2\/product_tag?post=33973"}],"curies":[{"name":"wp","href":"https:\/\/api.w.org\/{rel}","templated":true}]}}