{"id":33971,"date":"2026-02-27T00:23:38","date_gmt":"2026-02-27T00:23:38","guid":{"rendered":"https:\/\/nordicmart.andreevmaster.com\/product\/songmics-korkeussaadettava-bambusta-valmistettu-kannettavan-tietokoneen-poyta\/"},"modified":"2026-02-27T09:43:44","modified_gmt":"2026-02-27T09:43:44","slug":"songmics-korkeussaadettava-bambusta-valmistettu-kannettavan-tietokoneen-poyta","status":"publish","type":"product","link":"https:\/\/nordicmart.andreevmaster.com\/fi\/tuote\/songmics-korkeussaadettava-bambusta-valmistettu-kannettavan-tietokoneen-poyta\/","title":{"rendered":"SONGMICS korkeuss\u00e4\u00e4dett\u00e4v\u00e4 bambusta valmistettu kannettavan tietokoneen p\u00f6yt\u00e4"},"content":{"rendered":"<p>Etsitk\u00f6 viel\u00e4 kannettavan tietokoneen p\u00f6yt\u00e4\u00e4, jotta voit tehd\u00e4 t\u00f6it\u00e4 my\u00f6s sohvalla tai s\u00e4ngyss\u00e4? Silloin t\u00e4m\u00e4 SONGMICS-kannettavan tietokoneen p\u00f6yt\u00e4 on hyv\u00e4 valinta. Se sopii erinomaisesti 15 tuuman kannettaville tietokoneille ja tarjoaa tilaa my\u00f6s hiirimatolle! Yksi p\u00f6yt\u00e4, monia k\u00e4ytt\u00f6mahdollisuuksia Surffaa,<br \/>\nty\u00f6skentely, lukeminen, aamiainen s\u00e4ngyss\u00e4, ruokailu sohvalla \u2013 t\u00e4m\u00e4<br \/>\nkannettavan tietokoneen p\u00f6yt\u00e4 sopii erinomaisesti kaikkiin n\u00e4ihin tarkoituksiin.<br \/>\nP\u00f6yt\u00e4levy voidaan s\u00e4\u00e4t\u00e4\u00e4 viiteen eri kulmaan. Kiinnikkeen reunassa olevan listan ansiosta<br \/>\npidikkeen reunassa kannettavan tietokoneesi tai kirjasi ei liu&#8217;u pois<br \/>\n, vaikka kallistat p\u00f6yd\u00e4n pintaa. Jalkojen korkeutta voi my\u00f6s<br \/>\ns\u00e4\u00e4dett\u00e4viss\u00e4 portaattomasti. P\u00f6yt\u00e4 voidaan my\u00f6s taittaa kokoon, kun sit\u00e4 ei k\u00e4ytet\u00e4<br \/>\nongelmitta kokoon. Tuotetiedot: Materiaali: bambu Mitat kokoontaitettuna: 55 x 5,3 x 35 cm (L x K x S) Mitat taitettuna: 63,5 x 33,5 x 35 (L x K x S) Pakkauksen mitat: 57,5 x 37 x 6,5 cm Paino: 3,28 kg Toimitus sis\u00e4lt\u00e4\u00e4: 1 x kannettavan tietokoneen p\u00f6yt\u00e4<\/p>\n","protected":false},"excerpt":{"rendered":"<p>SONGMICS korkeuss\u00e4\u00e4dett\u00e4v\u00e4 kannettavan tietokoneen p\u00f6yt\u00e4 laatikolla, taitettava bambusta valmistettu kannettavan tietokoneen p\u00f6yt\u00e4, s\u00e4ngyn p\u00f6yt\u00e4, lukemiseen, aamiaiseen, piirt\u00e4miseen, 55 x (21-29) x 35 cm LLD01N<\/p>\n","protected":false},"featured_media":42727,"comment_status":"open","ping_status":"closed","template":"","meta":[],"product_brand":[],"product_cat":[32],"product_tag":[],"class_list":{"0":"post-33971","1":"product","2":"type-product","3":"status-publish","4":"has-post-thumbnail","6":"product_cat-uncategorized-fi","8":"first","9":"instock","10":"shipping-taxable","11":"purchasable","12":"product-type-simple"},"_links":{"self":[{"href":"https:\/\/nordicmart.andreevmaster.com\/fi\/wp-json\/wp\/v2\/product\/33971","targetHints":{"allow":["GET"]}}],"collection":[{"href":"https:\/\/nordicmart.andreevmaster.com\/fi\/wp-json\/wp\/v2\/product"}],"about":[{"href":"https:\/\/nordicmart.andreevmaster.com\/fi\/wp-json\/wp\/v2\/types\/product"}],"replies":[{"embeddable":true,"href":"https:\/\/nordicmart.andreevmaster.com\/fi\/wp-json\/wp\/v2\/comments?post=33971"}],"wp:featuredmedia":[{"embeddable":true,"href":"https:\/\/nordicmart.andreevmaster.com\/fi\/wp-json\/wp\/v2\/media\/42727"}],"wp:attachment":[{"href":"https:\/\/nordicmart.andreevmaster.com\/fi\/wp-json\/wp\/v2\/media?parent=33971"}],"wp:term":[{"taxonomy":"product_brand","embeddable":true,"href":"https:\/\/nordicmart.andreevmaster.com\/fi\/wp-json\/wp\/v2\/product_brand?post=33971"},{"taxonomy":"product_cat","embeddable":true,"href":"https:\/\/nordicmart.andreevmaster.com\/fi\/wp-json\/wp\/v2\/product_cat?post=33971"},{"taxonomy":"product_tag","embeddable":true,"href":"https:\/\/nordicmart.andreevmaster.com\/fi\/wp-json\/wp\/v2\/product_tag?post=33971"}],"curies":[{"name":"wp","href":"https:\/\/api.w.org\/{rel}","templated":true}]}}