{"id":33970,"date":"2026-02-27T00:23:37","date_gmt":"2026-02-27T00:23:37","guid":{"rendered":"https:\/\/nordicmart.andreevmaster.com\/product\/songmics-kannettavan-tietokoneen-poyta-jossa-on-laatikko-bambua\/"},"modified":"2026-02-27T09:43:43","modified_gmt":"2026-02-27T09:43:43","slug":"songmics-kannettavan-tietokoneen-poyta-jossa-on-laatikko-bambua","status":"publish","type":"product","link":"https:\/\/nordicmart.andreevmaster.com\/fi\/tuote\/songmics-kannettavan-tietokoneen-poyta-jossa-on-laatikko-bambua\/","title":{"rendered":"SONGMICS kannettavan tietokoneen p\u00f6yt\u00e4, jossa on laatikko, bambua"},"content":{"rendered":"<p>Integroitu hiirimatto oikealla puolella; k\u00e4yt\u00e4nn\u00f6llinen syvennys p\u00f6yt\u00e4levyss\u00e4 ja sivussa oleva laatikko tarjoavat lis\u00e4tilaa matkapuhelimen tai muiden pienten tavaroiden s\u00e4ilytt\u00e4miseen, jotta ty\u00f6p\u00f6yt\u00e4 pysyy aina siistin\u00e4. Ty\u00f6p\u00f6yd\u00e4n korkeutta voi s\u00e4\u00e4t\u00e4\u00e4 5 eri asentoon, jotta voit rentouttaa niskaasi pitk\u00e4n istumisen aikana.Liukuestin voidaan kiinnitt\u00e4\u00e4 tai irrottaa joustavasti tarpeen mukaan. Kun k\u00e4yt\u00e4t p\u00f6yt\u00e4\u00e4 kannettavan tietokoneen p\u00f6yt\u00e4n\u00e4, liukumisenesto on eritt\u00e4in k\u00e4tev\u00e4 est\u00e4m\u00e4\u00e4n kannettavan tietokoneen tai tabletin putoamisen; kun haluat sy\u00f6d\u00e4 tai lukea p\u00f6yd\u00e4ll\u00e4, voit helposti irrottaa liukumiseneston. Tekniset tiedot Tuotteen paino: 3,56 kg Tuotteen mitat: 55 x 23 x 35 cm Materiaali: bambu<\/p>\n","protected":false},"excerpt":{"rendered":"<p>SONGMICS Taitettava kannettavan tietokoneen p\u00f6yt\u00e4 Aamiaisp\u00f6yt\u00e4 sohvalle tai s\u00e4ngylle, kallistuskulma s\u00e4\u00e4dett\u00e4viss\u00e4 Bambusta valmistettu s\u00e4ngyp\u00f6yt\u00e4 laatikolla, 55 x 23 x 35 cm (L x K x S) LLD008<\/p>\n","protected":false},"featured_media":42726,"comment_status":"open","ping_status":"closed","template":"","meta":[],"product_brand":[],"product_cat":[32],"product_tag":[],"class_list":{"0":"post-33970","1":"product","2":"type-product","3":"status-publish","4":"has-post-thumbnail","6":"product_cat-uncategorized-fi","8":"first","9":"instock","10":"shipping-taxable","11":"purchasable","12":"product-type-simple"},"_links":{"self":[{"href":"https:\/\/nordicmart.andreevmaster.com\/fi\/wp-json\/wp\/v2\/product\/33970","targetHints":{"allow":["GET"]}}],"collection":[{"href":"https:\/\/nordicmart.andreevmaster.com\/fi\/wp-json\/wp\/v2\/product"}],"about":[{"href":"https:\/\/nordicmart.andreevmaster.com\/fi\/wp-json\/wp\/v2\/types\/product"}],"replies":[{"embeddable":true,"href":"https:\/\/nordicmart.andreevmaster.com\/fi\/wp-json\/wp\/v2\/comments?post=33970"}],"wp:featuredmedia":[{"embeddable":true,"href":"https:\/\/nordicmart.andreevmaster.com\/fi\/wp-json\/wp\/v2\/media\/42726"}],"wp:attachment":[{"href":"https:\/\/nordicmart.andreevmaster.com\/fi\/wp-json\/wp\/v2\/media?parent=33970"}],"wp:term":[{"taxonomy":"product_brand","embeddable":true,"href":"https:\/\/nordicmart.andreevmaster.com\/fi\/wp-json\/wp\/v2\/product_brand?post=33970"},{"taxonomy":"product_cat","embeddable":true,"href":"https:\/\/nordicmart.andreevmaster.com\/fi\/wp-json\/wp\/v2\/product_cat?post=33970"},{"taxonomy":"product_tag","embeddable":true,"href":"https:\/\/nordicmart.andreevmaster.com\/fi\/wp-json\/wp\/v2\/product_tag?post=33970"}],"curies":[{"name":"wp","href":"https:\/\/api.w.org\/{rel}","templated":true}]}}