{"id":33969,"date":"2026-02-27T00:23:37","date_gmt":"2026-02-27T00:23:37","guid":{"rendered":"https:\/\/nordicmart.andreevmaster.com\/product\/songmics-taitettava-kannettavan-tietokoneen-poyta-bambu\/"},"modified":"2026-02-27T09:43:43","modified_gmt":"2026-02-27T09:43:43","slug":"songmics-taitettava-kannettavan-tietokoneen-poyta-bambu","status":"publish","type":"product","link":"https:\/\/nordicmart.andreevmaster.com\/fi\/tuote\/songmics-taitettava-kannettavan-tietokoneen-poyta-bambu\/","title":{"rendered":"SONGMICS taitettava kannettavan tietokoneen p\u00f6yt\u00e4, bambu"},"content":{"rendered":"<p>Haluatko surffata v\u00e4h\u00e4n s\u00e4ngyss\u00e4 tai sohvalla tai katsoa elokuvan kannettavalla tietokoneella? Silloin Songmics-kannettavan tietokoneen p\u00f6yt\u00e4 on juuri sinulle sopiva!  Taitettava kannettavan tietokoneen p\u00f6yt\u00e4 on t\u00e4ydellinen s\u00e4ilytysratkaisu, k\u00e4yt\u00e4nn\u00f6llinen ja tyylik\u00e4s kannettavalle tietokoneellesi, tabletillesi tai kirjoillesi! Kun p\u00f6yt\u00e4\u00e4 ei k\u00e4ytet\u00e4, se voidaan taittaa kokoon ja s\u00e4ilytt\u00e4\u00e4 tilaa s\u00e4\u00e4st\u00e4en. Songmics-kannettavan tietokoneen p\u00f6yd\u00e4n avulla voit ty\u00f6skennell\u00e4 tai nauttia aamiaista rennosti! Tuotetiedot: &#8211; V\u00e4ri: luonnonv\u00e4ri &#8211; Materiaali: bambu &#8211; Kantavuus: 10 kg &#8211; Paino: 3,06 kg &#8211; P\u00f6yt\u00e4levyn mitat: 36,5 x 35 cm (P x L) &#8211; Hiirimaton mitat: 15,5 x 20 cm (P x L) &#8211; Mitat avattuna: 55 x 23 x 35 cm (L x K x S) &#8211; Mitat taitettuna: 52,5 x 5 x 35 cm ( L x K x S) &#8211; Pakkauksen mitat: 59 x 40 x 6 cm Toimitus sis\u00e4lt\u00e4\u00e4 &#8211; 1 x kannettavan tietokoneen p\u00f6yt\u00e4 &#8211; 1 x ohjeet (DE, EN, IT, FR, ES) &#8211; 1 x kiinnityspussi Huomautukset: Luonnonbambuista valmistetuissa tuotteissa voi olla hieman p\u00f6ly\u00e4 pinnalla, pyyhi se pois kostealla liinalla ennen k\u00e4ytt\u00f6\u00e4.<\/p>\n","protected":false},"excerpt":{"rendered":"<p>SONGMICS Taitettava kannettavan tietokoneen p\u00f6yt\u00e4 sohvalle tai s\u00e4ngylle, s\u00e4ngyn p\u00f6yt\u00e4, jossa on matkapuhelimen kyn\u00e4teline ja laatikko, kallistuskulma s\u00e4\u00e4dett\u00e4viss\u00e4, bambusta valmistettu kannettavan tietokoneen p\u00f6yt\u00e4, 55 x 23 x 35 cm (L x K x S) LLD006<\/p>\n","protected":false},"featured_media":42725,"comment_status":"open","ping_status":"closed","template":"","meta":[],"product_brand":[],"product_cat":[32],"product_tag":[],"class_list":{"0":"post-33969","1":"product","2":"type-product","3":"status-publish","4":"has-post-thumbnail","6":"product_cat-uncategorized-fi","8":"first","9":"instock","10":"shipping-taxable","11":"purchasable","12":"product-type-simple"},"_links":{"self":[{"href":"https:\/\/nordicmart.andreevmaster.com\/fi\/wp-json\/wp\/v2\/product\/33969","targetHints":{"allow":["GET"]}}],"collection":[{"href":"https:\/\/nordicmart.andreevmaster.com\/fi\/wp-json\/wp\/v2\/product"}],"about":[{"href":"https:\/\/nordicmart.andreevmaster.com\/fi\/wp-json\/wp\/v2\/types\/product"}],"replies":[{"embeddable":true,"href":"https:\/\/nordicmart.andreevmaster.com\/fi\/wp-json\/wp\/v2\/comments?post=33969"}],"wp:featuredmedia":[{"embeddable":true,"href":"https:\/\/nordicmart.andreevmaster.com\/fi\/wp-json\/wp\/v2\/media\/42725"}],"wp:attachment":[{"href":"https:\/\/nordicmart.andreevmaster.com\/fi\/wp-json\/wp\/v2\/media?parent=33969"}],"wp:term":[{"taxonomy":"product_brand","embeddable":true,"href":"https:\/\/nordicmart.andreevmaster.com\/fi\/wp-json\/wp\/v2\/product_brand?post=33969"},{"taxonomy":"product_cat","embeddable":true,"href":"https:\/\/nordicmart.andreevmaster.com\/fi\/wp-json\/wp\/v2\/product_cat?post=33969"},{"taxonomy":"product_tag","embeddable":true,"href":"https:\/\/nordicmart.andreevmaster.com\/fi\/wp-json\/wp\/v2\/product_tag?post=33969"}],"curies":[{"name":"wp","href":"https:\/\/api.w.org\/{rel}","templated":true}]}}