{"id":33968,"date":"2026-02-27T00:23:37","date_gmt":"2026-02-27T00:23:37","guid":{"rendered":"https:\/\/nordicmart.andreevmaster.com\/product\/songmics-saadettava-poytalevy-bambusta\/"},"modified":"2026-02-27T09:43:43","modified_gmt":"2026-02-27T09:43:43","slug":"songmics-saadettava-poytalevy-bambusta","status":"publish","type":"product","link":"https:\/\/nordicmart.andreevmaster.com\/fi\/tuote\/songmics-saadettava-poytalevy-bambusta\/","title":{"rendered":"SONGMICS S\u00e4\u00e4dett\u00e4v\u00e4 p\u00f6yt\u00e4levy bambusta"},"content":{"rendered":"<p>Etsitk\u00f6 kannettavan tietokoneen p\u00f6yt\u00e4\u00e4, jotta voit tehd\u00e4 t\u00f6it\u00e4 mukavasti sohvalla tai s\u00e4ngyss\u00e4? Silloin t\u00e4m\u00e4 SONGMICS-kannettavan tietokoneen p\u00f6yt\u00e4 on t\u00e4ydellinen ratkaisu sinulle! Yksi p\u00f6yt\u00e4, monia k\u00e4ytt\u00f6mahdollisuuksia Surffaa, tee t\u00f6it\u00e4, lue, sy\u00f6 aamiaista s\u00e4ngyss\u00e4, sy\u00f6 sohvalla \u2013 t\u00e4m\u00e4 kannettavan tietokoneen p\u00f6yt\u00e4 sopii erinomaisesti kaikkiin n\u00e4ihin tarkoituksiin. Se on varustettu tuuletusaukoilla, jotta kannettava tietokoneesi ei kuumene. Lis\u00e4ksi p\u00f6yt\u00e4levy voidaan s\u00e4\u00e4t\u00e4\u00e4 viiteen eri kulmaan. Kiinnikkeen reunassa olevan listan ansiosta kannettava tietokoneesi tai kirjasi ei liu&#8217;u pois paikaltaan, vaikka kallistat p\u00f6yd\u00e4n pintaa. Jalkojen korkeutta voidaan s\u00e4\u00e4t\u00e4\u00e4 portaattomasti. P\u00f6yt\u00e4 voidaan my\u00f6s taittaa kokoon, kun sit\u00e4 ei k\u00e4ytet\u00e4. Tuotetiedot: &#8211; Materiaali: bambu &#8211; Tuotteen mitat: 72 x (21\u201329) x 35 cm (L x K x S) &#8211; P\u00f6yd\u00e4n jalkoja voidaan pident\u00e4\u00e4 noin 10 cm.  &#8211; Jalkojen korkeus s\u00e4\u00e4dett\u00e4viss\u00e4: noin 21 &#8211; 29 cm &#8211; Kahden jalan v\u00e4linen et\u00e4isyys: 80 &#8211; 85 cm &#8211; Kallistettavan ty\u00f6pinnan mitat: 36 x 35 cm  Toimitus sis\u00e4lt\u00e4\u00e4: &#8211; 1 x kannettavan tietokoneen p\u00f6yt\u00e4<\/p>\n","protected":false},"excerpt":{"rendered":"<p>SONGMICS kannettavan tietokoneen p\u00f6yt\u00e4, taitettava ja korkeuss\u00e4\u00e4dett\u00e4v\u00e4 kannettavan tietokoneen p\u00f6yt\u00e4, tuuletusaukot, vasen- ja oikeak\u00e4tisille, bambusta valmistettu s\u00e4ngyn p\u00f6yt\u00e4 laatikolla, 72 x (21-29) x 35 cm (L x K x S) LLD004<\/p>\n","protected":false},"featured_media":42724,"comment_status":"open","ping_status":"closed","template":"","meta":[],"product_brand":[],"product_cat":[32],"product_tag":[],"class_list":{"0":"post-33968","1":"product","2":"type-product","3":"status-publish","4":"has-post-thumbnail","6":"product_cat-uncategorized-fi","8":"first","9":"instock","10":"shipping-taxable","11":"purchasable","12":"product-type-simple"},"_links":{"self":[{"href":"https:\/\/nordicmart.andreevmaster.com\/fi\/wp-json\/wp\/v2\/product\/33968","targetHints":{"allow":["GET"]}}],"collection":[{"href":"https:\/\/nordicmart.andreevmaster.com\/fi\/wp-json\/wp\/v2\/product"}],"about":[{"href":"https:\/\/nordicmart.andreevmaster.com\/fi\/wp-json\/wp\/v2\/types\/product"}],"replies":[{"embeddable":true,"href":"https:\/\/nordicmart.andreevmaster.com\/fi\/wp-json\/wp\/v2\/comments?post=33968"}],"wp:featuredmedia":[{"embeddable":true,"href":"https:\/\/nordicmart.andreevmaster.com\/fi\/wp-json\/wp\/v2\/media\/42724"}],"wp:attachment":[{"href":"https:\/\/nordicmart.andreevmaster.com\/fi\/wp-json\/wp\/v2\/media?parent=33968"}],"wp:term":[{"taxonomy":"product_brand","embeddable":true,"href":"https:\/\/nordicmart.andreevmaster.com\/fi\/wp-json\/wp\/v2\/product_brand?post=33968"},{"taxonomy":"product_cat","embeddable":true,"href":"https:\/\/nordicmart.andreevmaster.com\/fi\/wp-json\/wp\/v2\/product_cat?post=33968"},{"taxonomy":"product_tag","embeddable":true,"href":"https:\/\/nordicmart.andreevmaster.com\/fi\/wp-json\/wp\/v2\/product_tag?post=33968"}],"curies":[{"name":"wp","href":"https:\/\/api.w.org\/{rel}","templated":true}]}}