{"id":33967,"date":"2026-02-27T00:23:37","date_gmt":"2026-02-27T00:23:37","guid":{"rendered":"https:\/\/nordicmart.andreevmaster.com\/product\/songmics-saadettava-kannettavan-tietokoneen-poyta-bambu\/"},"modified":"2026-02-27T09:43:43","modified_gmt":"2026-02-27T09:43:43","slug":"songmics-saadettava-kannettavan-tietokoneen-poyta-bambu","status":"publish","type":"product","link":"https:\/\/nordicmart.andreevmaster.com\/fi\/tuote\/songmics-saadettava-kannettavan-tietokoneen-poyta-bambu\/","title":{"rendered":"SONGMICS S\u00e4\u00e4dett\u00e4v\u00e4 kannettavan tietokoneen p\u00f6yt\u00e4, bambu"},"content":{"rendered":"<p>Lukeminen ja laitteen k\u00e4ytt\u00f6 silmien korkeudella: Jokainen, joka ty\u00f6skentelee s\u00e4\u00e4nn\u00f6llisesti s\u00e4ngyss\u00e4 tai sohvalla kannettavan tietokoneen \u00e4\u00e4ress\u00e4, tuntee varmasti ongelman, ett\u00e4 kannettava tietokone kuumenee jonkin ajan kuluttua hyvin paljon reisill\u00e4. T\u00e4ss\u00e4 tilanteessa SONGMICSin kannettavan tietokoneen p\u00f6yt\u00e4 tulee apuun. Se on ihanteellinen elokuvien katseluun, ruokailuun, lukemiseen, kirjoittamiseen&#8230; tai jopa romanttiseen aamiaiseen s\u00e4ngyss\u00e4. Tulet olemaan innoissasi, kun hankit sen.Lahjaehdotuksia: T\u00e4ydellinen opiskelijoille Upea lahja kaikille, jotka tykk\u00e4\u00e4v\u00e4t lukea s\u00e4ngyss\u00e4. Eritt\u00e4in hy\u00f6dyllinen ja k\u00e4yt\u00e4nn\u00f6llinen niille, jotka haluavat parantaa ryhti\u00e4\u00e4n. Niille, jotka rakastavat aamiaista s\u00e4ngyss\u00e4. Tehokkaampaan ty\u00f6ymp\u00e4rist\u00f6\u00f6n Taitettavat jalat helpottavat liikkumista ja s\u00e4ilytyst\u00e4, olipa kyseess\u00e4 sitten ty\u00f6 tai kotity\u00f6t, ulkona tai sis\u00e4ll\u00e4.Ei hyv\u00e4 olo tai vain laiska olo s\u00e4ngyss\u00e4&#8230; ei h\u00e4t\u00e4\u00e4! Sopii kaikille: S\u00e4\u00e4dett\u00e4v\u00e4 p\u00f6yt\u00e4levy, ei en\u00e4\u00e4 selk\u00e4kipuja! Erityisen vakaa my\u00f6s pehmeill\u00e4 pinnoilla. Jalkojen korkeutta voi s\u00e4\u00e4t\u00e4\u00e4 (21\u201329 cm), joten voit levitt\u00e4\u00e4 jalkojasi vapaammin.Py\u00f6ristetyt kulmat ja reunat. Ei vaadi lis\u00e4asennusta. Ihanteellinen ahtaisiin tiloihin. Tuotetiedot: Materiaali: 100 % bambu Tuotteen koko: 55 x (21\u201329) x 35 cm (L x K x S) P\u00f6yd\u00e4n korkeus s\u00e4\u00e4dett\u00e4viss\u00e4: noin 21\u201329 cm P\u00f6yd\u00e4n jalkojen v\u00e4linen et\u00e4isyys minimikorkeudella: noin 65 cm. P\u00f6yd\u00e4n jalkojen v\u00e4linen et\u00e4isyys maksimikorkeudella: noin 75 cm. Kallistettavan ty\u00f6tason leveys: 36,5 cm. Laatikon sis\u00e4mitat: 11 x 13,5 x 2 cm. Ihanteellinen kannettavan tietokoneen koko: 15,6&#8243;. Pys\u00e4yttimen mitat: 15 x 2 x 0,7 cm Oikean puolen levyn mitat: 35 x 18,5 cm Nettopaino: 2,5 kg Kantavuus: 7,5 kg SONGMICS Huomautukset: Turvapys\u00e4ytin on toimituksen yhteydess\u00e4 sivulaatikossa.<\/p>\n","protected":false},"excerpt":{"rendered":"<p>SONGMICS kannettavan tietokoneen p\u00f6yt\u00e4, s\u00e4ngyn p\u00f6yt\u00e4, lukemiseen tai aamiaiseen ja piirustukseen, kannettavan tietokoneen korkeuss\u00e4\u00e4dett\u00e4v\u00e4, taitettava, 55 x 35 x 29 cm LLD002<\/p>\n","protected":false},"featured_media":42723,"comment_status":"open","ping_status":"closed","template":"","meta":[],"product_brand":[],"product_cat":[32],"product_tag":[],"class_list":{"0":"post-33967","1":"product","2":"type-product","3":"status-publish","4":"has-post-thumbnail","6":"product_cat-uncategorized-fi","8":"first","9":"instock","10":"shipping-taxable","11":"purchasable","12":"product-type-simple"},"_links":{"self":[{"href":"https:\/\/nordicmart.andreevmaster.com\/fi\/wp-json\/wp\/v2\/product\/33967","targetHints":{"allow":["GET"]}}],"collection":[{"href":"https:\/\/nordicmart.andreevmaster.com\/fi\/wp-json\/wp\/v2\/product"}],"about":[{"href":"https:\/\/nordicmart.andreevmaster.com\/fi\/wp-json\/wp\/v2\/types\/product"}],"replies":[{"embeddable":true,"href":"https:\/\/nordicmart.andreevmaster.com\/fi\/wp-json\/wp\/v2\/comments?post=33967"}],"wp:featuredmedia":[{"embeddable":true,"href":"https:\/\/nordicmart.andreevmaster.com\/fi\/wp-json\/wp\/v2\/media\/42723"}],"wp:attachment":[{"href":"https:\/\/nordicmart.andreevmaster.com\/fi\/wp-json\/wp\/v2\/media?parent=33967"}],"wp:term":[{"taxonomy":"product_brand","embeddable":true,"href":"https:\/\/nordicmart.andreevmaster.com\/fi\/wp-json\/wp\/v2\/product_brand?post=33967"},{"taxonomy":"product_cat","embeddable":true,"href":"https:\/\/nordicmart.andreevmaster.com\/fi\/wp-json\/wp\/v2\/product_cat?post=33967"},{"taxonomy":"product_tag","embeddable":true,"href":"https:\/\/nordicmart.andreevmaster.com\/fi\/wp-json\/wp\/v2\/product_tag?post=33967"}],"curies":[{"name":"wp","href":"https:\/\/api.w.org\/{rel}","templated":true}]}}