{"id":33966,"date":"2026-02-27T00:23:36","date_gmt":"2026-02-27T00:23:36","guid":{"rendered":"https:\/\/nordicmart.andreevmaster.com\/product\/songmics-saadettava-kannettavan-tietokoneen-tuki-bambusta\/"},"modified":"2026-02-27T09:43:43","modified_gmt":"2026-02-27T09:43:43","slug":"songmics-saadettava-kannettavan-tietokoneen-tuki-bambusta","status":"publish","type":"product","link":"https:\/\/nordicmart.andreevmaster.com\/fi\/tuote\/songmics-saadettava-kannettavan-tietokoneen-tuki-bambusta\/","title":{"rendered":"SONGMICS S\u00e4\u00e4dett\u00e4v\u00e4 kannettavan tietokoneen tuki bambusta"},"content":{"rendered":"<p>Bambu tekee eron: Luonnollinen materiaali? Uusiutuva? N\u00e4m\u00e4 ovat vain muutamia bambun eduista. Puu erottuu my\u00f6s korkeasta vakaudestaan, hyv\u00e4st\u00e4 joustavuudestaan ja kauniista, raikkaasta ulkon\u00e4\u00f6st\u00e4\u00e4n. Joten sinun ei tarvitse tinki\u00e4 tyylist\u00e4, kun haluat ostaa kest\u00e4v\u00e4n huonekalun. All-in-one-ty\u00f6piste: suuri pinta, ilmanvaihto, juomateline, pieni laatikko \u2013 t\u00e4m\u00e4 kannettavan tietokoneen teline tarjoaa kaikki n\u00e4m\u00e4 edut. Haluatko mieluummin istua vai seist\u00e4 ty\u00f6skennelless\u00e4si? T\u00e4m\u00e4n p\u00f6yt\u00e4asennuksen taitettavat ja korkeuss\u00e4\u00e4dett\u00e4v\u00e4t jalat mahdollistavat molemmat ty\u00f6skentelytavat. Huomaa my\u00f6s pys\u00e4ytin, joka est\u00e4\u00e4 kannettavaa tietokonetta liukumasta p\u00f6yd\u00e4n pinnalta, vaikka se olisi kallistuneessa asennossa. Tuotetiedot: V\u00e4ri: luonnonv\u00e4ri Materiaali: bambu Koko: 75 x 35 x 29 cm (P x L x K) S\u00e4\u00e4dett\u00e4v\u00e4n kannettavan tietokoneen telineen koko: 36,5 x 35 cm (P x L) Korkeus (s\u00e4\u00e4dett\u00e4v\u00e4): 21\u201329 cm Leveys (s\u00e4\u00e4dett\u00e4v\u00e4): 65\u201375 cm Paino: 2,5 kg Toimitus sis\u00e4lt\u00e4\u00e4: 1 x kannettavan tietokoneen teline SONGMICS Huomautukset: Pys\u00e4ytin on yleens\u00e4 p\u00f6yd\u00e4n sivussa olevassa pieness\u00e4 laatikossa.<\/p>\n","protected":false},"excerpt":{"rendered":"<p>SONGMICS Bambusta valmistettu kannettavan tietokoneen teline, korkeuss\u00e4\u00e4dett\u00e4v\u00e4 kannettavan tietokoneen teline, aamiaistarjotin, s\u00e4ngyn p\u00f6yt\u00e4, ty\u00f6p\u00f6yd\u00e4n lis\u00e4osa, 5 kallistuskulmaa, tuuletettu, laatikolla LLD001<\/p>\n","protected":false},"featured_media":42722,"comment_status":"open","ping_status":"closed","template":"","meta":[],"product_brand":[],"product_cat":[32],"product_tag":[],"class_list":{"0":"post-33966","1":"product","2":"type-product","3":"status-publish","4":"has-post-thumbnail","6":"product_cat-uncategorized-fi","8":"first","9":"instock","10":"shipping-taxable","11":"purchasable","12":"product-type-simple"},"_links":{"self":[{"href":"https:\/\/nordicmart.andreevmaster.com\/fi\/wp-json\/wp\/v2\/product\/33966","targetHints":{"allow":["GET"]}}],"collection":[{"href":"https:\/\/nordicmart.andreevmaster.com\/fi\/wp-json\/wp\/v2\/product"}],"about":[{"href":"https:\/\/nordicmart.andreevmaster.com\/fi\/wp-json\/wp\/v2\/types\/product"}],"replies":[{"embeddable":true,"href":"https:\/\/nordicmart.andreevmaster.com\/fi\/wp-json\/wp\/v2\/comments?post=33966"}],"wp:featuredmedia":[{"embeddable":true,"href":"https:\/\/nordicmart.andreevmaster.com\/fi\/wp-json\/wp\/v2\/media\/42722"}],"wp:attachment":[{"href":"https:\/\/nordicmart.andreevmaster.com\/fi\/wp-json\/wp\/v2\/media?parent=33966"}],"wp:term":[{"taxonomy":"product_brand","embeddable":true,"href":"https:\/\/nordicmart.andreevmaster.com\/fi\/wp-json\/wp\/v2\/product_brand?post=33966"},{"taxonomy":"product_cat","embeddable":true,"href":"https:\/\/nordicmart.andreevmaster.com\/fi\/wp-json\/wp\/v2\/product_cat?post=33966"},{"taxonomy":"product_tag","embeddable":true,"href":"https:\/\/nordicmart.andreevmaster.com\/fi\/wp-json\/wp\/v2\/product_tag?post=33966"}],"curies":[{"name":"wp","href":"https:\/\/api.w.org\/{rel}","templated":true}]}}