{"id":33958,"date":"2026-02-27T00:23:34","date_gmt":"2026-02-27T00:23:34","guid":{"rendered":"https:\/\/nordicmart.andreevmaster.com\/product\/songmics-tyojakkara-pyorilla-musta\/"},"modified":"2026-02-27T09:43:41","modified_gmt":"2026-02-27T09:43:41","slug":"songmics-tyojakkara-pyorilla-musta","status":"publish","type":"product","link":"https:\/\/nordicmart.andreevmaster.com\/fi\/tuote\/songmics-tyojakkara-pyorilla-musta\/","title":{"rendered":"SONGMICS ty\u00f6jakkara py\u00f6rill\u00e4, musta"},"content":{"rendered":"<p>SONGMICS-ty\u00f6tuoli tehokkaaseen ty\u00f6skentelyyn. T\u00e4m\u00e4 ty\u00f6tuoli helpottaa ty\u00f6prosesseja ja tarjoaa mahdollisuuden vaihdella istuma-asentoa yksil\u00f6llisten tarpeiden mukaan. Portaaton istuinkorkeuden s\u00e4\u00e4t\u00f6, kaasujousen vaimennus ja mukava selk\u00e4noja takaavat mukavan ja rennon istumisen. N\u00e4m\u00e4 py\u00f6rill\u00e4 varustetut jakkarat ovat t\u00e4ydellisi\u00e4 erityisesti palvelualoilla, kuten kampaamoissa tai tuotantolinjoilla, joissa jokaisen liikkeen on oltava tarkka. Tuotetiedot:  &#8211; V\u00e4ri: musta &#8211; Materiaali: PU, nailon &#8211; Istuinkorkeus: 46\u201362 cm &#8211; Istuimen paksuus: 8 cm &#8211; Istuimen halkaisija: 35 cm &#8211; Jalkaristin halkaisija: 50 cm &#8211; Kantavuus: 100 kg &#8211; Nettopaino: 4,8 kg &#8211; Bruttopaino: 6 kg  Toimitus sis\u00e4lt\u00e4\u00e4:  &#8211; 1 x ty\u00f6jakkara &#8211; 1 x ohjeet (DE, EN, FR, ES, IT) &#8211; 1 x kiinnityspussi  SONGMICS-ohjeet: &#8211; \u00c4l\u00e4 istu istuimelle. &#8211; \u00c4l\u00e4 nojaa liian voimakkaasti taaksep\u00e4in. &#8211; \u00c4l\u00e4 liiku tai k\u00e4\u00e4nny liian nopeasti rullilla.  &#8211; Hoitoon voit k\u00e4ytt\u00e4\u00e4 kosteaa liinaa. PU-pintaa tulee suojata kemikaaleilta.<\/p>\n","protected":false},"excerpt":{"rendered":"<p>SONGMICS baarituoli, py\u00f6rill\u00e4 varustettu k\u00e4\u00e4nt\u00f6tuoli, korkeuss\u00e4\u00e4dett\u00e4v\u00e4 py\u00f6rill\u00e4 varustettu tuoli, keinonahkaverhoiltu istuin, ty\u00f6tuoli kosmetiikkasalongeihin, toimistoihin, vastaanottoihin, musta LJB81B<\/p>\n","protected":false},"featured_media":42714,"comment_status":"open","ping_status":"closed","template":"","meta":[],"product_brand":[],"product_cat":[32],"product_tag":[],"class_list":{"0":"post-33958","1":"product","2":"type-product","3":"status-publish","4":"has-post-thumbnail","6":"product_cat-uncategorized-fi","8":"first","9":"instock","10":"shipping-taxable","11":"purchasable","12":"product-type-simple"},"_links":{"self":[{"href":"https:\/\/nordicmart.andreevmaster.com\/fi\/wp-json\/wp\/v2\/product\/33958","targetHints":{"allow":["GET"]}}],"collection":[{"href":"https:\/\/nordicmart.andreevmaster.com\/fi\/wp-json\/wp\/v2\/product"}],"about":[{"href":"https:\/\/nordicmart.andreevmaster.com\/fi\/wp-json\/wp\/v2\/types\/product"}],"replies":[{"embeddable":true,"href":"https:\/\/nordicmart.andreevmaster.com\/fi\/wp-json\/wp\/v2\/comments?post=33958"}],"wp:featuredmedia":[{"embeddable":true,"href":"https:\/\/nordicmart.andreevmaster.com\/fi\/wp-json\/wp\/v2\/media\/42714"}],"wp:attachment":[{"href":"https:\/\/nordicmart.andreevmaster.com\/fi\/wp-json\/wp\/v2\/media?parent=33958"}],"wp:term":[{"taxonomy":"product_brand","embeddable":true,"href":"https:\/\/nordicmart.andreevmaster.com\/fi\/wp-json\/wp\/v2\/product_brand?post=33958"},{"taxonomy":"product_cat","embeddable":true,"href":"https:\/\/nordicmart.andreevmaster.com\/fi\/wp-json\/wp\/v2\/product_cat?post=33958"},{"taxonomy":"product_tag","embeddable":true,"href":"https:\/\/nordicmart.andreevmaster.com\/fi\/wp-json\/wp\/v2\/product_tag?post=33958"}],"curies":[{"name":"wp","href":"https:\/\/api.w.org\/{rel}","templated":true}]}}