{"id":33957,"date":"2026-02-27T00:23:34","date_gmt":"2026-02-27T00:23:34","guid":{"rendered":"https:\/\/nordicmart.andreevmaster.com\/product\/songmics-baarituolit-2-kpl-keinonahka-musta\/"},"modified":"2026-02-27T09:43:41","modified_gmt":"2026-02-27T09:43:41","slug":"songmics-baarituolit-2-kpl-keinonahka-musta","status":"publish","type":"product","link":"https:\/\/nordicmart.andreevmaster.com\/fi\/tuote\/songmics-baarituolit-2-kpl-keinonahka-musta\/","title":{"rendered":"SONGMICS baarituolit, 2 kpl, keinonahka, musta"},"content":{"rendered":"<p>Huomautus: On normaalia, ett\u00e4 istuimen ymp\u00e4rill\u00e4 olevassa muovilistassa ja kumitiivisteess\u00e4 on kummassakin oikealla puolella aukko. T\u00e4m\u00e4 ei ole vika eik\u00e4 vaikuta baarituolin kest\u00e4vyyteen. \u00c4l\u00e4 huoli. Tuotetiedot:  Materiaali: pellava, kromattu ter\u00e4s V\u00e4ri: musta Istuin: 40 x 42 cm  Selk\u00e4nojan korkeus: 33 cm  Jalan halkaisija: 41 cm Istuinkorkeuden s\u00e4\u00e4t\u00f6 portaattomasti: noin 57\u201377 cm  Kokonaiskorkeus: 94\u2013114 cm Toimitus sis\u00e4lt\u00e4\u00e4: 2 x baarituoli 1 x ohjeet (DE, EN, FR, IT, ES) 1 x ty\u00f6kalu <\/p>\n","protected":false},"excerpt":{"rendered":"<p>SONGMICS Songmics 2 x baarituoli selk\u00e4nojalla ja tukevalla jalustalla \u00d8 41 cm, keinonahka, musta, 55 x 45,5 x 44,5 cm<\/p>\n","protected":false},"featured_media":42713,"comment_status":"open","ping_status":"closed","template":"","meta":[],"product_brand":[],"product_cat":[32],"product_tag":[],"class_list":{"0":"post-33957","1":"product","2":"type-product","3":"status-publish","4":"has-post-thumbnail","6":"product_cat-uncategorized-fi","8":"first","9":"instock","10":"shipping-taxable","11":"purchasable","12":"product-type-simple"},"_links":{"self":[{"href":"https:\/\/nordicmart.andreevmaster.com\/fi\/wp-json\/wp\/v2\/product\/33957","targetHints":{"allow":["GET"]}}],"collection":[{"href":"https:\/\/nordicmart.andreevmaster.com\/fi\/wp-json\/wp\/v2\/product"}],"about":[{"href":"https:\/\/nordicmart.andreevmaster.com\/fi\/wp-json\/wp\/v2\/types\/product"}],"replies":[{"embeddable":true,"href":"https:\/\/nordicmart.andreevmaster.com\/fi\/wp-json\/wp\/v2\/comments?post=33957"}],"wp:featuredmedia":[{"embeddable":true,"href":"https:\/\/nordicmart.andreevmaster.com\/fi\/wp-json\/wp\/v2\/media\/42713"}],"wp:attachment":[{"href":"https:\/\/nordicmart.andreevmaster.com\/fi\/wp-json\/wp\/v2\/media?parent=33957"}],"wp:term":[{"taxonomy":"product_brand","embeddable":true,"href":"https:\/\/nordicmart.andreevmaster.com\/fi\/wp-json\/wp\/v2\/product_brand?post=33957"},{"taxonomy":"product_cat","embeddable":true,"href":"https:\/\/nordicmart.andreevmaster.com\/fi\/wp-json\/wp\/v2\/product_cat?post=33957"},{"taxonomy":"product_tag","embeddable":true,"href":"https:\/\/nordicmart.andreevmaster.com\/fi\/wp-json\/wp\/v2\/product_tag?post=33957"}],"curies":[{"name":"wp","href":"https:\/\/api.w.org\/{rel}","templated":true}]}}