{"id":33956,"date":"2026-02-27T00:23:33","date_gmt":"2026-02-27T00:23:33","guid":{"rendered":"https:\/\/nordicmart.andreevmaster.com\/product\/songmics-baarituoli-2-kpl-keinonahka-valkoinen\/"},"modified":"2026-02-27T09:43:41","modified_gmt":"2026-02-27T09:43:41","slug":"songmics-baarituoli-2-kpl-keinonahka-valkoinen","status":"publish","type":"product","link":"https:\/\/nordicmart.andreevmaster.com\/fi\/tuote\/songmics-baarituoli-2-kpl-keinonahka-valkoinen\/","title":{"rendered":"SONGMICS baarituoli 2 kpl, keinonahka, valkoinen"},"content":{"rendered":"<p>Erinomaiset materiaalit ja erinomainen valmistuslaatu Premium-PU-keinonahka, vedenpit\u00e4v\u00e4, kulutusta kest\u00e4v\u00e4 ja pitk\u00e4ik\u00e4inen. Ammattimaisesti koneella tikattu, valmistuslaatu on erinomainen ja saumat eiv\u00e4t repe\u00e4 helposti. Suurennettu ja luistamaton jalkatuki Toisin kuin tavallisissa baarituoleissa, joissa on normaali jalkatuki (\u00d8 38 cm, paksuus 1,2 mm) baarituolissamme on suurempi jalkatuki, jonka halkaisija on 41 cm ja paksuus 1,5 mm, joten tuoli on vakaampi ja turvallisempi ja est\u00e4\u00e4 odottamattoman kaatumisen. Alareunassa oleva luistamaton kumirengas lis\u00e4\u00e4 baarituolin turvallisuutta. Asiakastyytyv\u00e4isyys on etusijalla SONGMICS on suuri br\u00e4ndi kodintuotteiden alalla. Olemme myyneet tuotteitamme Amazonissa vuodesta 2006 l\u00e4htien ja saaneet kaikkialla hyvi\u00e4 arvosteluja. Tarjoamme sinulle paitsi t\u00e4ydellisen asennusty\u00f6kalusarjan ja ohjeet, my\u00f6s parasta asiakaspalvelua, sill\u00e4 erinomainen asiakaspalvelutiimimme on aina valmiina vastaamaan kysymyksiisi alle 24 tunnissa.Tuotekuvaukset &#8211; Mitat: noin 44,5 x (95-115) x 38 cm (L x K x S) &#8211; Kokonaiskorkeus: noin 95-115 cm &#8211; Istuinkorkeuden s\u00e4\u00e4t\u00f6 portaattomasti: noin 62,5-82,5 cm &#8211; Istuinpinta: leveys noin 44,5 cm &#8211; syvyys noin 38 cm &#8211; selk\u00e4nojan korkeus: noin 32 cm &#8211; jalustan halkaisija: noin 41 cm &#8211; materiaali: PU, kromattu ter\u00e4s &#8211; v\u00e4ri: valkoinen Toimitus sis\u00e4lt\u00e4\u00e4: &#8211; 2 x baarituoli &#8211; 1 x ohjeet (DE, EN, FR, IT, ES) &#8211; 1 x ty\u00f6kalu<\/p>\n","protected":false},"excerpt":{"rendered":"<p>SONGMICS Songmics 2 kpl baarituolit selk\u00e4nojalla ja tukevalla jalustalla, valkoinen, 38 x 44,5 x 115 cm<\/p>\n","protected":false},"featured_media":42712,"comment_status":"open","ping_status":"closed","template":"","meta":[],"product_brand":[],"product_cat":[32],"product_tag":[],"class_list":{"0":"post-33956","1":"product","2":"type-product","3":"status-publish","4":"has-post-thumbnail","6":"product_cat-uncategorized-fi","8":"first","9":"instock","10":"shipping-taxable","11":"purchasable","12":"product-type-simple"},"_links":{"self":[{"href":"https:\/\/nordicmart.andreevmaster.com\/fi\/wp-json\/wp\/v2\/product\/33956","targetHints":{"allow":["GET"]}}],"collection":[{"href":"https:\/\/nordicmart.andreevmaster.com\/fi\/wp-json\/wp\/v2\/product"}],"about":[{"href":"https:\/\/nordicmart.andreevmaster.com\/fi\/wp-json\/wp\/v2\/types\/product"}],"replies":[{"embeddable":true,"href":"https:\/\/nordicmart.andreevmaster.com\/fi\/wp-json\/wp\/v2\/comments?post=33956"}],"wp:featuredmedia":[{"embeddable":true,"href":"https:\/\/nordicmart.andreevmaster.com\/fi\/wp-json\/wp\/v2\/media\/42712"}],"wp:attachment":[{"href":"https:\/\/nordicmart.andreevmaster.com\/fi\/wp-json\/wp\/v2\/media?parent=33956"}],"wp:term":[{"taxonomy":"product_brand","embeddable":true,"href":"https:\/\/nordicmart.andreevmaster.com\/fi\/wp-json\/wp\/v2\/product_brand?post=33956"},{"taxonomy":"product_cat","embeddable":true,"href":"https:\/\/nordicmart.andreevmaster.com\/fi\/wp-json\/wp\/v2\/product_cat?post=33956"},{"taxonomy":"product_tag","embeddable":true,"href":"https:\/\/nordicmart.andreevmaster.com\/fi\/wp-json\/wp\/v2\/product_tag?post=33956"}],"curies":[{"name":"wp","href":"https:\/\/api.w.org\/{rel}","templated":true}]}}