{"id":33953,"date":"2026-02-27T00:23:33","date_gmt":"2026-02-27T00:23:33","guid":{"rendered":"https:\/\/nordicmart.andreevmaster.com\/product\/songmics-pyoriva-jakkara-rullilla-musta\/"},"modified":"2026-02-27T09:43:40","modified_gmt":"2026-02-27T09:43:40","slug":"songmics-pyoriva-jakkara-rullilla-musta","status":"publish","type":"product","link":"https:\/\/nordicmart.andreevmaster.com\/fi\/tuote\/songmics-pyoriva-jakkara-rullilla-musta\/","title":{"rendered":"SONGMICS py\u00f6riv\u00e4 jakkara rullilla, musta"},"content":{"rendered":"<p>Tuotekuvaus Songmicsin tuoli on ajatonta muotoilua ja todellinen katseenvangitsija! Baarituolin istuin on pehmustettu ja verhoiltu keinonahalla, ja se on helppo puhdistaa kostealla liinalla. Se on mukava istua my\u00f6s pidemp\u00e4\u00e4n. Songmics-baarituolissa on korkealaatuinen kaasujousi, joka takaa vakaan ja portaattoman korkeuden s\u00e4\u00e4d\u00f6n 46\u201358 cm:n v\u00e4lill\u00e4. Py\u00f6r\u00e4t py\u00f6riv\u00e4t nopeasti kaikkiin suuntiin. Ne takaavat optimaalisen vakauden. K\u00e4yt\u00f6n j\u00e4lkeen tuoli voidaan helposti sijoittaa p\u00f6yd\u00e4n alle korkeuden s\u00e4\u00e4d\u00f6n ansiosta. Eritt\u00e4in tilaa s\u00e4\u00e4st\u00e4v\u00e4 ja k\u00e4yt\u00e4nn\u00f6llinen! Tuotetiedot: Istuimen halkaisija: 35 cm Viisikulmaisen jalustan halkaisija: 53 cm Istuinkorkeuden s\u00e4\u00e4t\u00f6: noin 46\u201358 cm Materiaali: PU-keinonahka, kromattu ter\u00e4s V\u00e4ri: musta Toimitus sis\u00e4lt\u00e4\u00e4: &#8211; 1 x baarituoli &#8211; 1 x ohjeet (DE, EN, FR, IT, ES) &#8211; 1 x ty\u00f6kalu<\/p>\n","protected":false},"excerpt":{"rendered":"<p>SONGMICS py\u00f6riv\u00e4 jakkara rullilla, korkeuss\u00e4\u00e4dett\u00e4v\u00e4 rullajakkara, 46\u201358 cm, keinonahkaverhoiltu istuin, ty\u00f6jakkara kosmetiikkasalongeille, kampaamoille, toimistoille, vastaanotoille, musta LJB61B<\/p>\n","protected":false},"featured_media":42709,"comment_status":"open","ping_status":"closed","template":"","meta":[],"product_brand":[],"product_cat":[32],"product_tag":[],"class_list":{"0":"post-33953","1":"product","2":"type-product","3":"status-publish","4":"has-post-thumbnail","6":"product_cat-uncategorized-fi","8":"first","9":"instock","10":"shipping-taxable","11":"purchasable","12":"product-type-simple"},"_links":{"self":[{"href":"https:\/\/nordicmart.andreevmaster.com\/fi\/wp-json\/wp\/v2\/product\/33953","targetHints":{"allow":["GET"]}}],"collection":[{"href":"https:\/\/nordicmart.andreevmaster.com\/fi\/wp-json\/wp\/v2\/product"}],"about":[{"href":"https:\/\/nordicmart.andreevmaster.com\/fi\/wp-json\/wp\/v2\/types\/product"}],"replies":[{"embeddable":true,"href":"https:\/\/nordicmart.andreevmaster.com\/fi\/wp-json\/wp\/v2\/comments?post=33953"}],"wp:featuredmedia":[{"embeddable":true,"href":"https:\/\/nordicmart.andreevmaster.com\/fi\/wp-json\/wp\/v2\/media\/42709"}],"wp:attachment":[{"href":"https:\/\/nordicmart.andreevmaster.com\/fi\/wp-json\/wp\/v2\/media?parent=33953"}],"wp:term":[{"taxonomy":"product_brand","embeddable":true,"href":"https:\/\/nordicmart.andreevmaster.com\/fi\/wp-json\/wp\/v2\/product_brand?post=33953"},{"taxonomy":"product_cat","embeddable":true,"href":"https:\/\/nordicmart.andreevmaster.com\/fi\/wp-json\/wp\/v2\/product_cat?post=33953"},{"taxonomy":"product_tag","embeddable":true,"href":"https:\/\/nordicmart.andreevmaster.com\/fi\/wp-json\/wp\/v2\/product_tag?post=33953"}],"curies":[{"name":"wp","href":"https:\/\/api.w.org\/{rel}","templated":true}]}}