{"id":33952,"date":"2026-02-27T00:23:32","date_gmt":"2026-02-27T00:23:32","guid":{"rendered":"https:\/\/nordicmart.andreevmaster.com\/product\/songmics-baarituoli-2-kpl-valkoinen-luonnonvari\/"},"modified":"2026-02-27T09:43:40","modified_gmt":"2026-02-27T09:43:40","slug":"songmics-baarituoli-2-kpl-valkoinen-luonnonvari","status":"publish","type":"product","link":"https:\/\/nordicmart.andreevmaster.com\/fi\/tuote\/songmics-baarituoli-2-kpl-valkoinen-luonnonvari\/","title":{"rendered":"SONGMICS baarituoli 2 kpl valkoinen-luonnonv\u00e4ri"},"content":{"rendered":"<p>Ergonominen istuinkuppi, jossa on kaareva selk\u00e4noja, mukautuu t\u00e4ydellisesti lantioon, jotta voit nauttia hyv\u00e4st\u00e4 istumamukavuudesta. Jalat lukitaan istuinkuppiin lukitusnapeilla ja kiinnitet\u00e4\u00e4n viel\u00e4 ruuveilla, jotta jakkaran vakaus paranee. Muoviosat kiinnitet\u00e4\u00e4n ruuveilla jakkaran jalkojen alle. T\u00e4m\u00e4 antaa baarituolille kauniin ulkon\u00e4\u00f6n ja suojaa lattiaasi naarmuilta. Tuotetiedot: &#8211; Materiaali: py\u00f6kki, ABS-muovi, kromattu metalli &#8211; Mitat: 39 x 80 x 33 cm (L x K x S) &#8211; Istuinkorkeus: 73 cm &#8211; Istuinkupin mitat: 38,5 x 30 cm (L x S) &#8211; Selk\u00e4nojan korkeus (pystysuora): 8 cm &#8211; Jalkatuen halkaisija: 36 cm &#8211; V\u00e4ri: valkoinen, luonnonv\u00e4ri &#8211; Kantavuus: 120 kg &#8211; Nettopaino: 9,3 kg &#8211; Bruttopaino: 10,5 kg  Toimitus sis\u00e4lt\u00e4\u00e4: &#8211; 2 x baarituoli &#8211; 1 x ohjeet<\/p>\n","protected":false},"excerpt":{"rendered":"<p>SONGMICS 2 kpl baarituolit, istumakorkeus 73 cm, baarituolit, jalat py\u00f6kki\u00e4, istuinmuovi, valkoinen LJB20W<\/p>\n","protected":false},"featured_media":42708,"comment_status":"open","ping_status":"closed","template":"","meta":[],"product_brand":[],"product_cat":[32],"product_tag":[],"class_list":{"0":"post-33952","1":"product","2":"type-product","3":"status-publish","4":"has-post-thumbnail","6":"product_cat-uncategorized-fi","8":"first","9":"instock","10":"shipping-taxable","11":"purchasable","12":"product-type-simple"},"_links":{"self":[{"href":"https:\/\/nordicmart.andreevmaster.com\/fi\/wp-json\/wp\/v2\/product\/33952","targetHints":{"allow":["GET"]}}],"collection":[{"href":"https:\/\/nordicmart.andreevmaster.com\/fi\/wp-json\/wp\/v2\/product"}],"about":[{"href":"https:\/\/nordicmart.andreevmaster.com\/fi\/wp-json\/wp\/v2\/types\/product"}],"replies":[{"embeddable":true,"href":"https:\/\/nordicmart.andreevmaster.com\/fi\/wp-json\/wp\/v2\/comments?post=33952"}],"wp:featuredmedia":[{"embeddable":true,"href":"https:\/\/nordicmart.andreevmaster.com\/fi\/wp-json\/wp\/v2\/media\/42708"}],"wp:attachment":[{"href":"https:\/\/nordicmart.andreevmaster.com\/fi\/wp-json\/wp\/v2\/media?parent=33952"}],"wp:term":[{"taxonomy":"product_brand","embeddable":true,"href":"https:\/\/nordicmart.andreevmaster.com\/fi\/wp-json\/wp\/v2\/product_brand?post=33952"},{"taxonomy":"product_cat","embeddable":true,"href":"https:\/\/nordicmart.andreevmaster.com\/fi\/wp-json\/wp\/v2\/product_cat?post=33952"},{"taxonomy":"product_tag","embeddable":true,"href":"https:\/\/nordicmart.andreevmaster.com\/fi\/wp-json\/wp\/v2\/product_tag?post=33952"}],"curies":[{"name":"wp","href":"https:\/\/api.w.org\/{rel}","templated":true}]}}