{"id":33951,"date":"2026-02-27T00:23:32","date_gmt":"2026-02-27T00:23:32","guid":{"rendered":"https:\/\/nordicmart.andreevmaster.com\/product\/vasagle-baarituolit-korkeussaadettavat-selkanojalla-ja-jalkatuella-kermanvalkoiset\/"},"modified":"2026-02-27T09:43:40","modified_gmt":"2026-02-27T09:43:40","slug":"vasagle-baarituolit-korkeussaadettavat-selkanojalla-ja-jalkatuella-kermanvalkoiset","status":"publish","type":"product","link":"https:\/\/nordicmart.andreevmaster.com\/fi\/tuote\/vasagle-baarituolit-korkeussaadettavat-selkanojalla-ja-jalkatuella-kermanvalkoiset\/","title":{"rendered":"VASAGLE baarituolit, korkeuss\u00e4\u00e4dett\u00e4v\u00e4t, selk\u00e4nojalla ja jalkatuella, kermanvalkoiset"},"content":{"rendered":"<p>VASAGLE baarituolien 2 kpl:n sarja, korkeuss\u00e4\u00e4dett\u00e4v\u00e4t baarituolit, k\u00e4\u00e4ntyv\u00e4t keitti\u00f6tuolit, selk\u00e4noja ja jalkatuki, ruokailuhuone, baaritiski, ter\u00e4s, liuskekivi harmaa LJB195G02<br \/>\nV\u00e4ri: kermanvalkoinen<br \/>\nMateriaali: vaneri, kromattu ter\u00e4s, flanelli, vaahtomuovipehmuste<br \/>\nKoko: 43 x 48,5 x (93,5-114) cm (S x L x K)<br \/>\nIstuinkorkeus: 63\u201384 cm<br \/>\nIstuimen koko: 38 x 43 cm (S x L)<br \/>\nSelk\u00e4nojan korkeus: 32 cm<br \/>\nJalan koko: 45 cm<br \/>\nKokonaispaino: 17 kg<br \/>\nSuurin staattinen kantavuus per tuoli: 120 kg<\/p>\n","protected":false},"excerpt":{"rendered":"<p>VASAGLE baarituolien 2 kpl:n sarja, korkeuss\u00e4\u00e4dett\u00e4v\u00e4t baarituolit, k\u00e4\u00e4ntyv\u00e4t keitti\u00f6tuolit, selk\u00e4noja ja jalkatuki, ruokailuhuone, baaritiski, ter\u00e4s, liuskekivi harmaa LJB195G02<\/p>\n","protected":false},"featured_media":0,"comment_status":"open","ping_status":"closed","template":"","meta":[],"product_brand":[],"product_cat":[32],"product_tag":[],"class_list":{"0":"post-33951","1":"product","2":"type-product","3":"status-publish","5":"product_cat-uncategorized-fi","7":"first","8":"instock","9":"shipping-taxable","10":"purchasable","11":"product-type-simple"},"_links":{"self":[{"href":"https:\/\/nordicmart.andreevmaster.com\/fi\/wp-json\/wp\/v2\/product\/33951","targetHints":{"allow":["GET"]}}],"collection":[{"href":"https:\/\/nordicmart.andreevmaster.com\/fi\/wp-json\/wp\/v2\/product"}],"about":[{"href":"https:\/\/nordicmart.andreevmaster.com\/fi\/wp-json\/wp\/v2\/types\/product"}],"replies":[{"embeddable":true,"href":"https:\/\/nordicmart.andreevmaster.com\/fi\/wp-json\/wp\/v2\/comments?post=33951"}],"wp:attachment":[{"href":"https:\/\/nordicmart.andreevmaster.com\/fi\/wp-json\/wp\/v2\/media?parent=33951"}],"wp:term":[{"taxonomy":"product_brand","embeddable":true,"href":"https:\/\/nordicmart.andreevmaster.com\/fi\/wp-json\/wp\/v2\/product_brand?post=33951"},{"taxonomy":"product_cat","embeddable":true,"href":"https:\/\/nordicmart.andreevmaster.com\/fi\/wp-json\/wp\/v2\/product_cat?post=33951"},{"taxonomy":"product_tag","embeddable":true,"href":"https:\/\/nordicmart.andreevmaster.com\/fi\/wp-json\/wp\/v2\/product_tag?post=33951"}],"curies":[{"name":"wp","href":"https:\/\/api.w.org\/{rel}","templated":true}]}}