{"id":33948,"date":"2026-02-27T00:23:31","date_gmt":"2026-02-27T00:23:31","guid":{"rendered":"https:\/\/nordicmart.andreevmaster.com\/product\/vasagle-baarituolisetti-korkeussaadettava-kaantyva-istuin-ja-samettiverhoilu\/"},"modified":"2026-02-27T09:43:39","modified_gmt":"2026-02-27T09:43:39","slug":"vasagle-baarituolisetti-korkeussaadettava-kaantyva-istuin-ja-samettiverhoilu","status":"publish","type":"product","link":"https:\/\/nordicmart.andreevmaster.com\/fi\/tuote\/vasagle-baarituolisetti-korkeussaadettava-kaantyva-istuin-ja-samettiverhoilu\/","title":{"rendered":"VASAGLE baarituolisetti, korkeuss\u00e4\u00e4dett\u00e4v\u00e4, k\u00e4\u00e4ntyv\u00e4 istuin ja samettiverhoilu"},"content":{"rendered":"<p>VASAGLE baarituolien 2 kpl:n sarja, korkeuss\u00e4\u00e4dett\u00e4v\u00e4t baarituolit, k\u00e4\u00e4ntyv\u00e4t keitti\u00f6tuolit, ergonomisella selk\u00e4nojalla, sametti, keitti\u00f6saarekkeeseen, kotibaariin, modernit, musta LJB188B01<br \/>\nV\u00e4ri: musta<br \/>\nMateriaali: ter\u00e4s, vaneri, vaahtomuovi, sametti<br \/>\nKoko: 49,5 x 45 x (88,5\u2013109,5) cm (syvyys x leveys x korkeus)<br \/>\nIstuinkorkeus (lattiasta): 63\u201384 cm<br \/>\nSuurin staattinen kuormitus per jakkara: 120 kg<\/p>\n","protected":false},"excerpt":{"rendered":"<p>VASAGLE baarituolien 2 kpl:n sarja, korkeuss\u00e4\u00e4dett\u00e4v\u00e4t baarituolit, k\u00e4\u00e4ntyv\u00e4t keitti\u00f6tuolit, ergonomisella selk\u00e4nojalla, sametti, keitti\u00f6saarekkeeseen, kotibaariin, modernit, musta LJB188B01<\/p>\n","protected":false},"featured_media":42706,"comment_status":"open","ping_status":"closed","template":"","meta":[],"product_brand":[],"product_cat":[32],"product_tag":[],"class_list":{"0":"post-33948","1":"product","2":"type-product","3":"status-publish","4":"has-post-thumbnail","6":"product_cat-uncategorized-fi","8":"first","9":"instock","10":"shipping-taxable","11":"purchasable","12":"product-type-simple"},"_links":{"self":[{"href":"https:\/\/nordicmart.andreevmaster.com\/fi\/wp-json\/wp\/v2\/product\/33948","targetHints":{"allow":["GET"]}}],"collection":[{"href":"https:\/\/nordicmart.andreevmaster.com\/fi\/wp-json\/wp\/v2\/product"}],"about":[{"href":"https:\/\/nordicmart.andreevmaster.com\/fi\/wp-json\/wp\/v2\/types\/product"}],"replies":[{"embeddable":true,"href":"https:\/\/nordicmart.andreevmaster.com\/fi\/wp-json\/wp\/v2\/comments?post=33948"}],"wp:featuredmedia":[{"embeddable":true,"href":"https:\/\/nordicmart.andreevmaster.com\/fi\/wp-json\/wp\/v2\/media\/42706"}],"wp:attachment":[{"href":"https:\/\/nordicmart.andreevmaster.com\/fi\/wp-json\/wp\/v2\/media?parent=33948"}],"wp:term":[{"taxonomy":"product_brand","embeddable":true,"href":"https:\/\/nordicmart.andreevmaster.com\/fi\/wp-json\/wp\/v2\/product_brand?post=33948"},{"taxonomy":"product_cat","embeddable":true,"href":"https:\/\/nordicmart.andreevmaster.com\/fi\/wp-json\/wp\/v2\/product_cat?post=33948"},{"taxonomy":"product_tag","embeddable":true,"href":"https:\/\/nordicmart.andreevmaster.com\/fi\/wp-json\/wp\/v2\/product_tag?post=33948"}],"curies":[{"name":"wp","href":"https:\/\/api.w.org\/{rel}","templated":true}]}}