{"id":33947,"date":"2026-02-27T00:23:31","date_gmt":"2026-02-27T00:23:31","guid":{"rendered":"https:\/\/nordicmart.andreevmaster.com\/product\/songmics-2-kpl-baarituolit-selkanojalla\/"},"modified":"2026-02-27T09:43:39","modified_gmt":"2026-02-27T09:43:39","slug":"songmics-2-kpl-baarituolit-selkanojalla","status":"publish","type":"product","link":"https:\/\/nordicmart.andreevmaster.com\/fi\/tuote\/songmics-2-kpl-baarituolit-selkanojalla\/","title":{"rendered":"SONGMICS 2 kpl baarituolit selk\u00e4nojalla"},"content":{"rendered":"<p>Tyylikkyytt\u00e4: N\u00e4m\u00e4 ultramodernit harmaat tuolit, jotka on valmistettu pellavankaltaisesta kankaasta, tuovat ripauksen glamouria ja tyylikkyytt\u00e4 sisustukseesi. Luo rento tunnelma, joka sopii trendikk\u00e4\u00e4seen baariin kotona! Kuka haluaa samanlaiset? Baarip\u00f6yt\u00e4si tai ruokap\u00f6yt\u00e4si keitti\u00f6ss\u00e4 tai ruokasalissa iloitsevat n\u00e4iden jakkaroiden saapumisesta. Ne sopivat yht\u00e4 hyvin kahviloihin, bistroihin, ravintoloihin ja coworking-tiloihin, joissa tarvitaan lis\u00e4istumapaikkoja.Ominaisuudet: V\u00e4ri: Harmaa Materiaalit: Pellavankaltainen kangas, kromattu metalli Kokonaismitat: 42 x 46 x (91-113) cm (P x L x K) Kokonaiskorkeus: 94-114 cm Istuinkorkeus: 57-77 cm Istuimen mitat: 42 x 40 cm (P x L) Selk\u00e4nojan korkeus: 33 cm Jalustan halkaisija: 41 cm Paino per jakkara: 7,5 kg Jakkaran suurin staattinen kantavuus: 120 kg Toimitus: 2 x jakkara 1 x asennussarja 1 x k\u00e4ytt\u00f6ohje (FR, EN, DE, ES, IT)<\/p>\n","protected":false},"excerpt":{"rendered":"<p>SONGMICS 2 kpl baarituolit selk\u00e4nojalla, korkeuss\u00e4\u00e4dett\u00e4v\u00e4t, savuharmaa, liinavaateharmaa LJB15G<\/p>\n","protected":false},"featured_media":42705,"comment_status":"open","ping_status":"closed","template":"","meta":[],"product_brand":[],"product_cat":[32],"product_tag":[],"class_list":{"0":"post-33947","1":"product","2":"type-product","3":"status-publish","4":"has-post-thumbnail","6":"product_cat-uncategorized-fi","8":"first","9":"instock","10":"shipping-taxable","11":"purchasable","12":"product-type-simple"},"_links":{"self":[{"href":"https:\/\/nordicmart.andreevmaster.com\/fi\/wp-json\/wp\/v2\/product\/33947","targetHints":{"allow":["GET"]}}],"collection":[{"href":"https:\/\/nordicmart.andreevmaster.com\/fi\/wp-json\/wp\/v2\/product"}],"about":[{"href":"https:\/\/nordicmart.andreevmaster.com\/fi\/wp-json\/wp\/v2\/types\/product"}],"replies":[{"embeddable":true,"href":"https:\/\/nordicmart.andreevmaster.com\/fi\/wp-json\/wp\/v2\/comments?post=33947"}],"wp:featuredmedia":[{"embeddable":true,"href":"https:\/\/nordicmart.andreevmaster.com\/fi\/wp-json\/wp\/v2\/media\/42705"}],"wp:attachment":[{"href":"https:\/\/nordicmart.andreevmaster.com\/fi\/wp-json\/wp\/v2\/media?parent=33947"}],"wp:term":[{"taxonomy":"product_brand","embeddable":true,"href":"https:\/\/nordicmart.andreevmaster.com\/fi\/wp-json\/wp\/v2\/product_brand?post=33947"},{"taxonomy":"product_cat","embeddable":true,"href":"https:\/\/nordicmart.andreevmaster.com\/fi\/wp-json\/wp\/v2\/product_cat?post=33947"},{"taxonomy":"product_tag","embeddable":true,"href":"https:\/\/nordicmart.andreevmaster.com\/fi\/wp-json\/wp\/v2\/product_tag?post=33947"}],"curies":[{"name":"wp","href":"https:\/\/api.w.org\/{rel}","templated":true}]}}