{"id":33946,"date":"2026-02-27T00:23:31","date_gmt":"2026-02-27T00:23:31","guid":{"rendered":"https:\/\/nordicmart.andreevmaster.com\/product\/songmics-baarituoli-2-kpl-harmaa-melange\/"},"modified":"2026-02-27T09:43:39","modified_gmt":"2026-02-27T09:43:39","slug":"songmics-baarituoli-2-kpl-harmaa-melange","status":"publish","type":"product","link":"https:\/\/nordicmart.andreevmaster.com\/fi\/tuote\/songmics-baarituoli-2-kpl-harmaa-melange\/","title":{"rendered":"SONGMICS baarituoli 2 kpl, harmaa melange"},"content":{"rendered":"<p>Tuotekuvaus Songmics-baarituoli erottuu edukseen mukavalla istuimella, hyv\u00e4ll\u00e4 vakaudella ja siistill\u00e4 viimeistelyll\u00e4. Se on varustettu tihe\u00e4ll\u00e4 vaahtomuovipehmusteella, miellytt\u00e4v\u00e4ll\u00e4 PU-pinnalla, suurella jalustalla, korkealaatuisella kaasujousella ja kiilt\u00e4v\u00e4ll\u00e4 alustalla. Se on korkeuss\u00e4\u00e4dett\u00e4v\u00e4 ja vapaasti k\u00e4\u00e4ntyv\u00e4. Lis\u00e4ksi alareunan kumirengas suojaa lattiaa naarmuuntumiselta. Songmics-baarituoli sopii t\u00e4ydellisesti snackbaariin, kahvilaan, tavarataloon ja jopa kotona baaritiskille. Se on paitsi k\u00e4yt\u00e4nn\u00f6llinen istuimena, my\u00f6s koristeena, joka luo muotia ja trendej\u00e4. Tuotetiedot:- Istuin: 44,5 x 38 cm (L x S) &#8211; Kokonaiskorkeus: noin 95\u2013115 cm &#8211; Istuinkorkeuden s\u00e4\u00e4t\u00f6 portaattomasti: noin 62,5\u201382,5 cm &#8211; Selk\u00e4nojan korkeus: 32 cm &#8211; Jalustan halkaisija: 41 cm &#8211; Materiaali: Pellava + kromattu ter\u00e4s &#8211; V\u00e4ri: harmaa Sarja sis\u00e4lt\u00e4\u00e4: Toimitus sis\u00e4lt\u00e4\u00e4: &#8211; 2 x baarituoli &#8211; 1 x ohjeet (DE, EN, FR, IT, ES) &#8211; 1 x kiinnityspussi<\/p>\n","protected":false},"excerpt":{"rendered":"<p>SONGMICS Songmics baarituoli selk\u00e4nojalla, korkeuss\u00e4\u00e4dett\u00e4v\u00e4, pellava, savuharmaa, 44,5 x 38 x 115 cm<\/p>\n","protected":false},"featured_media":42704,"comment_status":"open","ping_status":"closed","template":"","meta":[],"product_brand":[],"product_cat":[32],"product_tag":[],"class_list":{"0":"post-33946","1":"product","2":"type-product","3":"status-publish","4":"has-post-thumbnail","6":"product_cat-uncategorized-fi","8":"first","9":"instock","10":"shipping-taxable","11":"purchasable","12":"product-type-simple"},"_links":{"self":[{"href":"https:\/\/nordicmart.andreevmaster.com\/fi\/wp-json\/wp\/v2\/product\/33946","targetHints":{"allow":["GET"]}}],"collection":[{"href":"https:\/\/nordicmart.andreevmaster.com\/fi\/wp-json\/wp\/v2\/product"}],"about":[{"href":"https:\/\/nordicmart.andreevmaster.com\/fi\/wp-json\/wp\/v2\/types\/product"}],"replies":[{"embeddable":true,"href":"https:\/\/nordicmart.andreevmaster.com\/fi\/wp-json\/wp\/v2\/comments?post=33946"}],"wp:featuredmedia":[{"embeddable":true,"href":"https:\/\/nordicmart.andreevmaster.com\/fi\/wp-json\/wp\/v2\/media\/42704"}],"wp:attachment":[{"href":"https:\/\/nordicmart.andreevmaster.com\/fi\/wp-json\/wp\/v2\/media?parent=33946"}],"wp:term":[{"taxonomy":"product_brand","embeddable":true,"href":"https:\/\/nordicmart.andreevmaster.com\/fi\/wp-json\/wp\/v2\/product_brand?post=33946"},{"taxonomy":"product_cat","embeddable":true,"href":"https:\/\/nordicmart.andreevmaster.com\/fi\/wp-json\/wp\/v2\/product_cat?post=33946"},{"taxonomy":"product_tag","embeddable":true,"href":"https:\/\/nordicmart.andreevmaster.com\/fi\/wp-json\/wp\/v2\/product_tag?post=33946"}],"curies":[{"name":"wp","href":"https:\/\/api.w.org\/{rel}","templated":true}]}}