{"id":33943,"date":"2026-02-27T00:23:30","date_gmt":"2026-02-27T00:23:30","guid":{"rendered":"https:\/\/nordicmart.andreevmaster.com\/product\/vasagle-korkeussaadettava-ja-360-kaantyva-meikkituoli-musta\/"},"modified":"2026-02-27T09:43:38","modified_gmt":"2026-02-27T09:43:38","slug":"vasagle-korkeussaadettava-ja-360-kaantyva-meikkituoli-musta","status":"publish","type":"product","link":"https:\/\/nordicmart.andreevmaster.com\/fi\/tuote\/vasagle-korkeussaadettava-ja-360-kaantyva-meikkituoli-musta\/","title":{"rendered":"VASAGLE korkeuss\u00e4\u00e4dett\u00e4v\u00e4 ja 360\u00b0 k\u00e4\u00e4ntyv\u00e4 meikkituoli musta"},"content":{"rendered":"<p>VASAGLE meikkituoli, meikkituoli, baarituoli, korkeuss\u00e4\u00e4dett\u00e4v\u00e4, 360\u00b0 k\u00e4\u00e4ntyv\u00e4, PU, paksu pehmuste, makuuhuoneeseen, keitti\u00f6\u00f6n, ruokailuhuoneeseen, moderni, musta LJB120B01<br \/>\nV\u00e4ri: musta<br \/>\nMateriaali: PU, ter\u00e4s, tukeva eritt\u00e4in joustava vaahtomuovi, EPE-vaahtomuovi, vaneri<br \/>\nKoko: 38 cm p, 44-60 cm K<br \/>\nIstuimen koko: 35 cm d<br \/>\nPaino: 3,6 kg<br \/>\nMaks. staattinen kantavuus: 120 kg<\/p>\n","protected":false},"excerpt":{"rendered":"<p>VASAGLE meikkituoli, meikkituoli, baarituoli, korkeuss\u00e4\u00e4dett\u00e4v\u00e4, 360\u00b0 k\u00e4\u00e4ntyv\u00e4, PU, paksu pehmuste, makuuhuoneeseen, keitti\u00f6\u00f6n, ruokailuhuoneeseen, moderni, musta LJB120B01<\/p>\n","protected":false},"featured_media":42701,"comment_status":"open","ping_status":"closed","template":"","meta":[],"product_brand":[],"product_cat":[32],"product_tag":[],"class_list":{"0":"post-33943","1":"product","2":"type-product","3":"status-publish","4":"has-post-thumbnail","6":"product_cat-uncategorized-fi","8":"first","9":"instock","10":"shipping-taxable","11":"purchasable","12":"product-type-simple"},"_links":{"self":[{"href":"https:\/\/nordicmart.andreevmaster.com\/fi\/wp-json\/wp\/v2\/product\/33943","targetHints":{"allow":["GET"]}}],"collection":[{"href":"https:\/\/nordicmart.andreevmaster.com\/fi\/wp-json\/wp\/v2\/product"}],"about":[{"href":"https:\/\/nordicmart.andreevmaster.com\/fi\/wp-json\/wp\/v2\/types\/product"}],"replies":[{"embeddable":true,"href":"https:\/\/nordicmart.andreevmaster.com\/fi\/wp-json\/wp\/v2\/comments?post=33943"}],"wp:featuredmedia":[{"embeddable":true,"href":"https:\/\/nordicmart.andreevmaster.com\/fi\/wp-json\/wp\/v2\/media\/42701"}],"wp:attachment":[{"href":"https:\/\/nordicmart.andreevmaster.com\/fi\/wp-json\/wp\/v2\/media?parent=33943"}],"wp:term":[{"taxonomy":"product_brand","embeddable":true,"href":"https:\/\/nordicmart.andreevmaster.com\/fi\/wp-json\/wp\/v2\/product_brand?post=33943"},{"taxonomy":"product_cat","embeddable":true,"href":"https:\/\/nordicmart.andreevmaster.com\/fi\/wp-json\/wp\/v2\/product_cat?post=33943"},{"taxonomy":"product_tag","embeddable":true,"href":"https:\/\/nordicmart.andreevmaster.com\/fi\/wp-json\/wp\/v2\/product_tag?post=33943"}],"curies":[{"name":"wp","href":"https:\/\/api.w.org\/{rel}","templated":true}]}}