{"id":33939,"date":"2026-02-27T00:23:29","date_gmt":"2026-02-27T00:23:29","guid":{"rendered":"https:\/\/nordicmart.andreevmaster.com\/product\/vasagle-baarituoli-2-kpl-sarja-korkeussaadettava-kyyhkynharmaa-mustanmusta\/"},"modified":"2026-02-27T09:43:37","modified_gmt":"2026-02-27T09:43:37","slug":"vasagle-baarituoli-2-kpl-sarja-korkeussaadettava-kyyhkynharmaa-mustanmusta","status":"publish","type":"product","link":"https:\/\/nordicmart.andreevmaster.com\/fi\/tuote\/vasagle-baarituoli-2-kpl-sarja-korkeussaadettava-kyyhkynharmaa-mustanmusta\/","title":{"rendered":"VASAGLE baarituoli 2 kpl sarja, korkeuss\u00e4\u00e4dett\u00e4v\u00e4, kyyhkynharmaa-mustanmusta"},"content":{"rendered":"<p>VASAGLE baarituoli, 2 kpl, baarituoli, korkeuss\u00e4\u00e4dett\u00e4v\u00e4, 360\u00b0 k\u00e4\u00e4ntyv\u00e4, keitti\u00f6tuoli, selk\u00e4noja, jalusta, jalkatuki, ter\u00e4s, baaritiski, baari, ruokasali, kermanvalkoinen-hopeanharmaa LJB110W01<br \/>\nV\u00e4ri: kyyhkynharmaa-mustanmusta<br \/>\nMateriaali: sametti, PU-keinonahka, metalli<br \/>\nKoko per tuoli: 52,5 x 50 x (97,5-108,5) cm (S x L x K)<br \/>\nIstuimen korkeus (lattiasta): 59\u201373,5 cm<br \/>\nIstuimen koko: 41 x 43 cm (S x L)<br \/>\nSelk\u00e4nojan korkeus: 37,5 cm<br \/>\nJalan koko: 45 cm<br \/>\nKokonaispaino: 15,2 kg<br \/>\nSuurin staattinen kuormitus per tuoli: 100 kg<\/p>\n","protected":false},"excerpt":{"rendered":"<p>VASAGLE baarituoli, 2 kpl, baarituoli, korkeuss\u00e4\u00e4dett\u00e4v\u00e4, 360\u00b0 k\u00e4\u00e4ntyv\u00e4, keitti\u00f6tuoli, selk\u00e4noja, jalusta, jalkatuki, ter\u00e4s, baaritiski, baari, ruokasali, kermanvalkoinen-hopeanharmaa LJB110W01<\/p>\n","protected":false},"featured_media":42697,"comment_status":"open","ping_status":"closed","template":"","meta":[],"product_brand":[],"product_cat":[32],"product_tag":[],"class_list":{"0":"post-33939","1":"product","2":"type-product","3":"status-publish","4":"has-post-thumbnail","6":"product_cat-uncategorized-fi","8":"first","9":"instock","10":"shipping-taxable","11":"purchasable","12":"product-type-simple"},"_links":{"self":[{"href":"https:\/\/nordicmart.andreevmaster.com\/fi\/wp-json\/wp\/v2\/product\/33939","targetHints":{"allow":["GET"]}}],"collection":[{"href":"https:\/\/nordicmart.andreevmaster.com\/fi\/wp-json\/wp\/v2\/product"}],"about":[{"href":"https:\/\/nordicmart.andreevmaster.com\/fi\/wp-json\/wp\/v2\/types\/product"}],"replies":[{"embeddable":true,"href":"https:\/\/nordicmart.andreevmaster.com\/fi\/wp-json\/wp\/v2\/comments?post=33939"}],"wp:featuredmedia":[{"embeddable":true,"href":"https:\/\/nordicmart.andreevmaster.com\/fi\/wp-json\/wp\/v2\/media\/42697"}],"wp:attachment":[{"href":"https:\/\/nordicmart.andreevmaster.com\/fi\/wp-json\/wp\/v2\/media?parent=33939"}],"wp:term":[{"taxonomy":"product_brand","embeddable":true,"href":"https:\/\/nordicmart.andreevmaster.com\/fi\/wp-json\/wp\/v2\/product_brand?post=33939"},{"taxonomy":"product_cat","embeddable":true,"href":"https:\/\/nordicmart.andreevmaster.com\/fi\/wp-json\/wp\/v2\/product_cat?post=33939"},{"taxonomy":"product_tag","embeddable":true,"href":"https:\/\/nordicmart.andreevmaster.com\/fi\/wp-json\/wp\/v2\/product_tag?post=33939"}],"curies":[{"name":"wp","href":"https:\/\/api.w.org\/{rel}","templated":true}]}}