{"id":33938,"date":"2026-02-27T00:23:29","date_gmt":"2026-02-27T00:23:29","guid":{"rendered":"https:\/\/nordicmart.andreevmaster.com\/product\/vasagle-saadettava-tuoli-selkanojalla-ja-jalustalla-kermanvalkoinen\/"},"modified":"2026-02-27T09:43:37","modified_gmt":"2026-02-27T09:43:37","slug":"vasagle-saadettava-tuoli-selkanojalla-ja-jalustalla-kermanvalkoinen","status":"publish","type":"product","link":"https:\/\/nordicmart.andreevmaster.com\/fi\/tuote\/vasagle-saadettava-tuoli-selkanojalla-ja-jalustalla-kermanvalkoinen\/","title":{"rendered":"VASAGLE s\u00e4\u00e4dett\u00e4v\u00e4 tuoli selk\u00e4nojalla ja jalustalla kermanvalkoinen"},"content":{"rendered":"<p>VASAGLE s\u00e4\u00e4dett\u00e4v\u00e4 tuoli, meikkituoli, ty\u00f6tuoli, k\u00e4\u00e4ntyv\u00e4, baarituoli selk\u00e4nojalla ja jalustalla, ter\u00e4s, baaritiskille, toimistoon, meikkausp\u00f6yd\u00e4lle, ruokailuhuoneeseen, pastellinpunainen LJB100R01<br \/>\nV\u00e4ri: kermanvalkoinen<br \/>\nMateriaali: fleece, PU-keinonahka, metalli<br \/>\nKoko: 52,5 x 50 x (81,5-93,5) cm (S x L x K)<br \/>\nIstuimen korkeus (lattiasta): 44\u201356 cm<br \/>\nIstuimen koko: 41 x 43 cm (S x L)<br \/>\nSelk\u00e4nojan korkeus: 37,5 cm<br \/>\nJalan koko: 45 cm<br \/>\nPaino: 6,8 kg<br \/>\nMaks. staattinen kantavuus: 100 kg<\/p>\n","protected":false},"excerpt":{"rendered":"<p>VASAGLE s\u00e4\u00e4dett\u00e4v\u00e4 tuoli, meikkituoli, ty\u00f6tuoli, k\u00e4\u00e4ntyv\u00e4, baarituoli selk\u00e4nojalla ja jalustalla, ter\u00e4s, baaritiskille, toimistoon, meikkausp\u00f6yd\u00e4lle, ruokailuhuoneeseen, pastellinpunainen LJB100R01<\/p>\n","protected":false},"featured_media":42696,"comment_status":"open","ping_status":"closed","template":"","meta":[],"product_brand":[],"product_cat":[32],"product_tag":[],"class_list":{"0":"post-33938","1":"product","2":"type-product","3":"status-publish","4":"has-post-thumbnail","6":"product_cat-uncategorized-fi","8":"first","9":"instock","10":"shipping-taxable","11":"purchasable","12":"product-type-simple"},"_links":{"self":[{"href":"https:\/\/nordicmart.andreevmaster.com\/fi\/wp-json\/wp\/v2\/product\/33938","targetHints":{"allow":["GET"]}}],"collection":[{"href":"https:\/\/nordicmart.andreevmaster.com\/fi\/wp-json\/wp\/v2\/product"}],"about":[{"href":"https:\/\/nordicmart.andreevmaster.com\/fi\/wp-json\/wp\/v2\/types\/product"}],"replies":[{"embeddable":true,"href":"https:\/\/nordicmart.andreevmaster.com\/fi\/wp-json\/wp\/v2\/comments?post=33938"}],"wp:featuredmedia":[{"embeddable":true,"href":"https:\/\/nordicmart.andreevmaster.com\/fi\/wp-json\/wp\/v2\/media\/42696"}],"wp:attachment":[{"href":"https:\/\/nordicmart.andreevmaster.com\/fi\/wp-json\/wp\/v2\/media?parent=33938"}],"wp:term":[{"taxonomy":"product_brand","embeddable":true,"href":"https:\/\/nordicmart.andreevmaster.com\/fi\/wp-json\/wp\/v2\/product_brand?post=33938"},{"taxonomy":"product_cat","embeddable":true,"href":"https:\/\/nordicmart.andreevmaster.com\/fi\/wp-json\/wp\/v2\/product_cat?post=33938"},{"taxonomy":"product_tag","embeddable":true,"href":"https:\/\/nordicmart.andreevmaster.com\/fi\/wp-json\/wp\/v2\/product_tag?post=33938"}],"curies":[{"name":"wp","href":"https:\/\/api.w.org\/{rel}","templated":true}]}}