{"id":33936,"date":"2026-02-27T00:23:28","date_gmt":"2026-02-27T00:23:28","guid":{"rendered":"https:\/\/nordicmart.andreevmaster.com\/product\/vasagle-kaantyva-baarituoli-sailytystilalla-karamellinruskea\/"},"modified":"2026-02-27T09:43:37","modified_gmt":"2026-02-27T09:43:37","slug":"vasagle-kaantyva-baarituoli-sailytystilalla-karamellinruskea","status":"publish","type":"product","link":"https:\/\/nordicmart.andreevmaster.com\/fi\/tuote\/vasagle-kaantyva-baarituoli-sailytystilalla-karamellinruskea\/","title":{"rendered":"VASAGLE K\u00e4\u00e4ntyv\u00e4 baarituoli s\u00e4ilytystilalla, karamellinruskea"},"content":{"rendered":"<p>VASAGLE EKHO -kokoelma \u2013 360\u00b0 k\u00e4\u00e4ntyv\u00e4 baarituoli, korkeuss\u00e4\u00e4dett\u00e4v\u00e4 baarituoli, s\u00e4ilytystila, keinonahka, ompeleet, mid-century modern -tyyli, keitti\u00f6, kotibaari, helppo asentaa, musta<br \/>\nV\u00e4ri: karamellinruskea<br \/>\nMateriaali: ter\u00e4s, eritt\u00e4in joustava vaahtomuovi, PU-keinonahka (polyuretaani), MDF (keskitihe\u00e4 kuitulevy)<br \/>\nKoko: 41 x 41 x (61,5-81) cm (S x L x K\uff09<br \/>\nPaino: 7,4 kg<br \/>\nMaks. staattinen kantavuus: 120 kg<\/p>\n","protected":false},"excerpt":{"rendered":"<p>VASAGLE EKHO -kokoelma \u2013 360\u00b0 k\u00e4\u00e4ntyv\u00e4 baarituoli, korkeuss\u00e4\u00e4dett\u00e4v\u00e4 baarituoli, s\u00e4ilytystila, keinonahka, ompeleet, mid-century modern -tyyli, keitti\u00f6, kotibaari, helppo asentaa, musta<\/p>\n","protected":false},"featured_media":42694,"comment_status":"open","ping_status":"closed","template":"","meta":[],"product_brand":[],"product_cat":[32],"product_tag":[],"class_list":{"0":"post-33936","1":"product","2":"type-product","3":"status-publish","4":"has-post-thumbnail","6":"product_cat-uncategorized-fi","8":"first","9":"instock","10":"shipping-taxable","11":"purchasable","12":"product-type-simple"},"_links":{"self":[{"href":"https:\/\/nordicmart.andreevmaster.com\/fi\/wp-json\/wp\/v2\/product\/33936","targetHints":{"allow":["GET"]}}],"collection":[{"href":"https:\/\/nordicmart.andreevmaster.com\/fi\/wp-json\/wp\/v2\/product"}],"about":[{"href":"https:\/\/nordicmart.andreevmaster.com\/fi\/wp-json\/wp\/v2\/types\/product"}],"replies":[{"embeddable":true,"href":"https:\/\/nordicmart.andreevmaster.com\/fi\/wp-json\/wp\/v2\/comments?post=33936"}],"wp:featuredmedia":[{"embeddable":true,"href":"https:\/\/nordicmart.andreevmaster.com\/fi\/wp-json\/wp\/v2\/media\/42694"}],"wp:attachment":[{"href":"https:\/\/nordicmart.andreevmaster.com\/fi\/wp-json\/wp\/v2\/media?parent=33936"}],"wp:term":[{"taxonomy":"product_brand","embeddable":true,"href":"https:\/\/nordicmart.andreevmaster.com\/fi\/wp-json\/wp\/v2\/product_brand?post=33936"},{"taxonomy":"product_cat","embeddable":true,"href":"https:\/\/nordicmart.andreevmaster.com\/fi\/wp-json\/wp\/v2\/product_cat?post=33936"},{"taxonomy":"product_tag","embeddable":true,"href":"https:\/\/nordicmart.andreevmaster.com\/fi\/wp-json\/wp\/v2\/product_tag?post=33936"}],"curies":[{"name":"wp","href":"https:\/\/api.w.org\/{rel}","templated":true}]}}