{"id":33931,"date":"2026-02-27T00:23:27","date_gmt":"2026-02-27T00:23:27","guid":{"rendered":"https:\/\/nordicmart.andreevmaster.com\/product\/vasagle-baarituoli-2-kpl-sarja-jalkatukilla-kyyhkynharmaa\/"},"modified":"2026-02-27T09:43:36","modified_gmt":"2026-02-27T09:43:36","slug":"vasagle-baarituoli-2-kpl-sarja-jalkatukilla-kyyhkynharmaa","status":"publish","type":"product","link":"https:\/\/nordicmart.andreevmaster.com\/fi\/tuote\/vasagle-baarituoli-2-kpl-sarja-jalkatukilla-kyyhkynharmaa\/","title":{"rendered":"VASAGLE baarituoli 2 kpl sarja jalkatukilla, kyyhkynharmaa"},"content":{"rendered":"<p>VASAGLE baarituolien 2 kpl:n sarja, korkeuss\u00e4\u00e4dett\u00e4v\u00e4t baarituolit, k\u00e4\u00e4ntyv\u00e4t keitti\u00f6tuolit, tikattu PU-verhoilu, selk\u00e4noja ja jalkatuki, ruokailuhuone, baaritiski, ter\u00e4s<br \/>\nV\u00e4ri: kyyhkynharmaa<br \/>\nMateriaali: PU, kromattu ter\u00e4s, vaahtomuovipehmuste<br \/>\nKoko: 44 x 48 x (90-112) cm (S x L x K)<br \/>\nIstuinkorkeus: 62\u201384 cm<br \/>\nIstuimen koko: 38 x 44 cm (S x L)<br \/>\nSelk\u00e4nojan korkeus: 30 cm<br \/>\nJalan koko: \u00d8 45 cm<br \/>\nKokonaispaino: 18 kg<br \/>\nSuurin staattinen kuormitus per tuoli: 120 kg<\/p>\n","protected":false},"excerpt":{"rendered":"<p>VASAGLE baarituolien 2 kpl:n sarja, korkeuss\u00e4\u00e4dett\u00e4v\u00e4t baarituolit, k\u00e4\u00e4ntyv\u00e4t keitti\u00f6tuolit, tikattu PU-verhoilu, selk\u00e4noja ja jalkatuki, ruokailuhuone, baaritiski, ter\u00e4s<\/p>\n","protected":false},"featured_media":0,"comment_status":"open","ping_status":"closed","template":"","meta":[],"product_brand":[],"product_cat":[32],"product_tag":[],"class_list":{"0":"post-33931","1":"product","2":"type-product","3":"status-publish","5":"product_cat-uncategorized-fi","7":"first","8":"instock","9":"shipping-taxable","10":"purchasable","11":"product-type-simple"},"_links":{"self":[{"href":"https:\/\/nordicmart.andreevmaster.com\/fi\/wp-json\/wp\/v2\/product\/33931","targetHints":{"allow":["GET"]}}],"collection":[{"href":"https:\/\/nordicmart.andreevmaster.com\/fi\/wp-json\/wp\/v2\/product"}],"about":[{"href":"https:\/\/nordicmart.andreevmaster.com\/fi\/wp-json\/wp\/v2\/types\/product"}],"replies":[{"embeddable":true,"href":"https:\/\/nordicmart.andreevmaster.com\/fi\/wp-json\/wp\/v2\/comments?post=33931"}],"wp:attachment":[{"href":"https:\/\/nordicmart.andreevmaster.com\/fi\/wp-json\/wp\/v2\/media?parent=33931"}],"wp:term":[{"taxonomy":"product_brand","embeddable":true,"href":"https:\/\/nordicmart.andreevmaster.com\/fi\/wp-json\/wp\/v2\/product_brand?post=33931"},{"taxonomy":"product_cat","embeddable":true,"href":"https:\/\/nordicmart.andreevmaster.com\/fi\/wp-json\/wp\/v2\/product_cat?post=33931"},{"taxonomy":"product_tag","embeddable":true,"href":"https:\/\/nordicmart.andreevmaster.com\/fi\/wp-json\/wp\/v2\/product_tag?post=33931"}],"curies":[{"name":"wp","href":"https:\/\/api.w.org\/{rel}","templated":true}]}}