{"id":33928,"date":"2026-02-27T00:23:26","date_gmt":"2026-02-27T00:23:26","guid":{"rendered":"https:\/\/nordicmart.andreevmaster.com\/product\/vasagle-baarituoli-2-kpl-360-kaantyva-harmaa\/"},"modified":"2026-02-27T09:43:35","modified_gmt":"2026-02-27T09:43:35","slug":"vasagle-baarituoli-2-kpl-360-kaantyva-harmaa","status":"publish","type":"product","link":"https:\/\/nordicmart.andreevmaster.com\/fi\/tuote\/vasagle-baarituoli-2-kpl-360-kaantyva-harmaa\/","title":{"rendered":"VASAGLE baarituoli, 2 kpl, 360\u00b0 k\u00e4\u00e4ntyv\u00e4, harmaa"},"content":{"rendered":"<p>VASAGLE baarituolien 2 kpl:n sarja, baarituolit, korkeuss\u00e4\u00e4dett\u00e4v\u00e4t baarituolit PU-verhoilulla, 360\u00b0k\u00e4\u00e4nnett\u00e4v\u00e4t, keitti\u00f6tuolit selk\u00e4nojalla ja jalkatuella<br \/>\nV\u00e4ri: harmaa<br \/>\nMateriaali: PU, metalli, vaahtomuovipehmuste<br \/>\nKoko: 47 x 41 x (89-110) cm (S x L x K)<br \/>\nIstuinkorkeus: 62,5\u201383,5 cm<br \/>\nIstuimen leveys: 41 cm<br \/>\nIstuimen syvyys: 35,5 cm<br \/>\nSelk\u00e4nojan koko: 39 x 26,5 cm (L x K)<br \/>\nJalan koko: \u00d8 45 cm<br \/>\nKokonaispaino: 15,3 kg<br \/>\nSuurin staattinen kuormitus per tuoli: 120 kg<\/p>\n","protected":false},"excerpt":{"rendered":"<p>VASAGLE baarituolien 2 kpl:n sarja, baarituolit, korkeuss\u00e4\u00e4dett\u00e4v\u00e4t baarituolit PU-verhoilulla, 360\u00b0k\u00e4\u00e4nnett\u00e4v\u00e4t, keitti\u00f6tuolit selk\u00e4nojalla ja jalkatuella<\/p>\n","protected":false},"featured_media":42693,"comment_status":"open","ping_status":"closed","template":"","meta":[],"product_brand":[],"product_cat":[32],"product_tag":[],"class_list":{"0":"post-33928","1":"product","2":"type-product","3":"status-publish","4":"has-post-thumbnail","6":"product_cat-uncategorized-fi","8":"first","9":"instock","10":"shipping-taxable","11":"purchasable","12":"product-type-simple"},"_links":{"self":[{"href":"https:\/\/nordicmart.andreevmaster.com\/fi\/wp-json\/wp\/v2\/product\/33928","targetHints":{"allow":["GET"]}}],"collection":[{"href":"https:\/\/nordicmart.andreevmaster.com\/fi\/wp-json\/wp\/v2\/product"}],"about":[{"href":"https:\/\/nordicmart.andreevmaster.com\/fi\/wp-json\/wp\/v2\/types\/product"}],"replies":[{"embeddable":true,"href":"https:\/\/nordicmart.andreevmaster.com\/fi\/wp-json\/wp\/v2\/comments?post=33928"}],"wp:featuredmedia":[{"embeddable":true,"href":"https:\/\/nordicmart.andreevmaster.com\/fi\/wp-json\/wp\/v2\/media\/42693"}],"wp:attachment":[{"href":"https:\/\/nordicmart.andreevmaster.com\/fi\/wp-json\/wp\/v2\/media?parent=33928"}],"wp:term":[{"taxonomy":"product_brand","embeddable":true,"href":"https:\/\/nordicmart.andreevmaster.com\/fi\/wp-json\/wp\/v2\/product_brand?post=33928"},{"taxonomy":"product_cat","embeddable":true,"href":"https:\/\/nordicmart.andreevmaster.com\/fi\/wp-json\/wp\/v2\/product_cat?post=33928"},{"taxonomy":"product_tag","embeddable":true,"href":"https:\/\/nordicmart.andreevmaster.com\/fi\/wp-json\/wp\/v2\/product_tag?post=33928"}],"curies":[{"name":"wp","href":"https:\/\/api.w.org\/{rel}","templated":true}]}}