{"id":33924,"date":"2026-02-27T00:23:25","date_gmt":"2026-02-27T00:23:25","guid":{"rendered":"https:\/\/nordicmart.andreevmaster.com\/product\/songmics-baarituoli-2-kpl-korkeussaadettava-harmaa\/"},"modified":"2026-02-27T09:43:34","modified_gmt":"2026-02-27T09:43:34","slug":"songmics-baarituoli-2-kpl-korkeussaadettava-harmaa","status":"publish","type":"product","link":"https:\/\/nordicmart.andreevmaster.com\/fi\/tuote\/songmics-baarituoli-2-kpl-korkeussaadettava-harmaa\/","title":{"rendered":"SONGMICS baarituoli 2 kpl, korkeuss\u00e4\u00e4dett\u00e4v\u00e4, harmaa"},"content":{"rendered":"<p>Baaritiskille! Oletko ty\u00f6skennellyt liikaa viime viikkoina? Hy\u00f6dynn\u00e4 sitten viikonloppu ja istu alas hyv\u00e4n yst\u00e4v\u00e4n kanssa! Paras paikka t\u00e4h\u00e4n on seisomap\u00f6yt\u00e4si, joka loistaa nyt n\u00e4iden huomiota her\u00e4tt\u00e4vien baarituolien ansiosta. Ergonomisesti muotoiltu istuinkuppi ja k\u00e4yt\u00e4nn\u00f6llinen jalkatuki takaavat korkean istumamukavuuden, jotta voit keskustella vanhoista ajoista my\u00f6h\u00e4\u00e4n y\u00f6h\u00f6n saakka. Turvallisuus ennen kaikkea Jotta tuolit eiv\u00e4t heilua ja istuinkorkeutta voi s\u00e4\u00e4t\u00e4\u00e4 portaattomasti ja ongelmitta, k\u00e4yt\u00e4mme erityisen kest\u00e4vi\u00e4 automaattisia paluusylintereit\u00e4. Ne on testattu SGS:n toimesta ja ne t\u00e4ytt\u00e4v\u00e4t BIFMA X5.1 -standardin vaatimukset (testiraportin numero: AJHL200400841FT; omistaja: toimittaja). Tuotetiedot: &#8211; V\u00e4ri: vaaleanharmaa &#8211; Materiaali: PU-keinonahka, metalli &#8211; Tuotteen mitat: Kokonaispituus: 48 x 49 x (85-107) cm (P x L x K) Istuinkorkeus\uff1a61\u201383 cm Istuimen leveys\uff1a43 cm Istuimen syvyys\uff1a40 cm Selk\u00e4nojan mitat\uff1a26,5 x 36 cm (P x K) Jalkatuen korkeus\uff1a20\u201342 cm Jalustan halkaisija\uff1a41 cm &#8211; Paino: 6,5 kg &#8211; Maks. staattinen kantavuus: 120 kgToimitus sis\u00e4lt\u00e4\u00e4:- 2 x baarituoli- 2 x lis\u00e4varustepaketti- 1 x ohjeet (DE, EN, ES, FR, IT) SONGMICS-ohjeet:- Turvallisuussyist\u00e4 lapset eiv\u00e4t saa kiivet\u00e4 tuotteelle tai leikki\u00e4 sill\u00e4.<\/p>\n","protected":false},"excerpt":{"rendered":"<p>SONGMICS baarituoli, 2 kpl baarituoleja, keitti\u00f6tuolit tukevalla metallirungolla, tuolit keinonahkaverhoilulla, jalkatuki, istuinkorkeus s\u00e4\u00e4dett\u00e4viss\u00e4, helppo asennus, vintage, vaaleanharmaa LJB072G03<\/p>\n","protected":false},"featured_media":42689,"comment_status":"open","ping_status":"closed","template":"","meta":[],"product_brand":[],"product_cat":[32],"product_tag":[],"class_list":{"0":"post-33924","1":"product","2":"type-product","3":"status-publish","4":"has-post-thumbnail","6":"product_cat-uncategorized-fi","8":"first","9":"instock","10":"shipping-taxable","11":"purchasable","12":"product-type-simple"},"_links":{"self":[{"href":"https:\/\/nordicmart.andreevmaster.com\/fi\/wp-json\/wp\/v2\/product\/33924","targetHints":{"allow":["GET"]}}],"collection":[{"href":"https:\/\/nordicmart.andreevmaster.com\/fi\/wp-json\/wp\/v2\/product"}],"about":[{"href":"https:\/\/nordicmart.andreevmaster.com\/fi\/wp-json\/wp\/v2\/types\/product"}],"replies":[{"embeddable":true,"href":"https:\/\/nordicmart.andreevmaster.com\/fi\/wp-json\/wp\/v2\/comments?post=33924"}],"wp:featuredmedia":[{"embeddable":true,"href":"https:\/\/nordicmart.andreevmaster.com\/fi\/wp-json\/wp\/v2\/media\/42689"}],"wp:attachment":[{"href":"https:\/\/nordicmart.andreevmaster.com\/fi\/wp-json\/wp\/v2\/media?parent=33924"}],"wp:term":[{"taxonomy":"product_brand","embeddable":true,"href":"https:\/\/nordicmart.andreevmaster.com\/fi\/wp-json\/wp\/v2\/product_brand?post=33924"},{"taxonomy":"product_cat","embeddable":true,"href":"https:\/\/nordicmart.andreevmaster.com\/fi\/wp-json\/wp\/v2\/product_cat?post=33924"},{"taxonomy":"product_tag","embeddable":true,"href":"https:\/\/nordicmart.andreevmaster.com\/fi\/wp-json\/wp\/v2\/product_tag?post=33924"}],"curies":[{"name":"wp","href":"https:\/\/api.w.org\/{rel}","templated":true}]}}