{"id":33921,"date":"2026-02-27T00:23:24","date_gmt":"2026-02-27T00:23:24","guid":{"rendered":"https:\/\/nordicmart.andreevmaster.com\/product\/songmics-baarituoli-kruunumaisella-selkanojalla\/"},"modified":"2026-02-27T09:43:34","modified_gmt":"2026-02-27T09:43:34","slug":"songmics-baarituoli-kruunumaisella-selkanojalla","status":"publish","type":"product","link":"https:\/\/nordicmart.andreevmaster.com\/fi\/tuote\/songmics-baarituoli-kruunumaisella-selkanojalla\/","title":{"rendered":"SONGMICS baarituoli kruunumaisella selk\u00e4nojalla"},"content":{"rendered":"<p>Jos harkitset t\u00e4llaisen ruokailutilan hankkimista, tarvitset tietysti my\u00f6s sopivat baarituolit. Elegantti musta 2-osainen sarjamme on 22 cm korkeuss\u00e4\u00e4dett\u00e4v\u00e4, joten se sopii eri korkeisille baarip\u00f6ydille. Baarituolien lis\u00e4etuja ovat my\u00f6s ergonomisesti muotoiltu, hieman joustava selk\u00e4noja sek\u00e4 mukava pehmuste, joka on valmistettu vaahtomuovista ja verkkokankaasta. Lis\u00e4ksi n\u00e4m\u00e4 modernit istuimet ovat 360\u00b0 k\u00e4\u00e4ntyvi\u00e4.  Jos tarvitset lis\u00e4\u00e4 huonekaluja uusien oleskelutilojen sisustamiseen, tutustu my\u00f6s muihin SONGMICS-tuotteisiin. Tuotetiedot: &#8211; V\u00e4ri: musta &#8211; Materiaali: selk\u00e4noja: PP (polypropeeni) istuin: vaahtomuovi, polyesteriverkkojalka: metalli &#8211; Koko: 40 x 42 x 85-107 cm (P x L x K) &#8211; Paino per tuoli: 5,9 kg &#8211; Maks. kantavuus per tuoli: 120 kgToimitus sis\u00e4lt\u00e4\u00e4:- 2 x baarituoli- 2 x lis\u00e4varustepussi- 1 x ohjeet (EN, DE, ES, FR, IT)SONGMICS-ohjeet:- Puhdista verkkokangas ajoissa p\u00f6lyst\u00e4- Varmista, ett\u00e4 selk\u00e4nojan ruuvit ovat tiukasti kiinni.<\/p>\n","protected":false},"excerpt":{"rendered":"<p>SONGMICS baarituolien 2 kpl:n sarja, korkeuss\u00e4\u00e4dett\u00e4v\u00e4t baarituolit kruunumaisella selk\u00e4nojalla, 360\u00b0 k\u00e4\u00e4ntyv\u00e4t, mukava pehmustettu istuin, keitti\u00f6, baari, musta LJB04BK<\/p>\n","protected":false},"featured_media":42686,"comment_status":"open","ping_status":"closed","template":"","meta":[],"product_brand":[],"product_cat":[32],"product_tag":[],"class_list":{"0":"post-33921","1":"product","2":"type-product","3":"status-publish","4":"has-post-thumbnail","6":"product_cat-uncategorized-fi","8":"first","9":"instock","10":"shipping-taxable","11":"purchasable","12":"product-type-simple"},"_links":{"self":[{"href":"https:\/\/nordicmart.andreevmaster.com\/fi\/wp-json\/wp\/v2\/product\/33921","targetHints":{"allow":["GET"]}}],"collection":[{"href":"https:\/\/nordicmart.andreevmaster.com\/fi\/wp-json\/wp\/v2\/product"}],"about":[{"href":"https:\/\/nordicmart.andreevmaster.com\/fi\/wp-json\/wp\/v2\/types\/product"}],"replies":[{"embeddable":true,"href":"https:\/\/nordicmart.andreevmaster.com\/fi\/wp-json\/wp\/v2\/comments?post=33921"}],"wp:featuredmedia":[{"embeddable":true,"href":"https:\/\/nordicmart.andreevmaster.com\/fi\/wp-json\/wp\/v2\/media\/42686"}],"wp:attachment":[{"href":"https:\/\/nordicmart.andreevmaster.com\/fi\/wp-json\/wp\/v2\/media?parent=33921"}],"wp:term":[{"taxonomy":"product_brand","embeddable":true,"href":"https:\/\/nordicmart.andreevmaster.com\/fi\/wp-json\/wp\/v2\/product_brand?post=33921"},{"taxonomy":"product_cat","embeddable":true,"href":"https:\/\/nordicmart.andreevmaster.com\/fi\/wp-json\/wp\/v2\/product_cat?post=33921"},{"taxonomy":"product_tag","embeddable":true,"href":"https:\/\/nordicmart.andreevmaster.com\/fi\/wp-json\/wp\/v2\/product_tag?post=33921"}],"curies":[{"name":"wp","href":"https:\/\/api.w.org\/{rel}","templated":true}]}}