{"id":33920,"date":"2026-02-27T00:23:24","date_gmt":"2026-02-27T00:23:24","guid":{"rendered":"https:\/\/nordicmart.andreevmaster.com\/product\/vasagle-baarituoli-2-kpl-teollinen-muotoilu\/"},"modified":"2026-02-27T09:43:33","modified_gmt":"2026-02-27T09:43:33","slug":"vasagle-baarituoli-2-kpl-teollinen-muotoilu","status":"publish","type":"product","link":"https:\/\/nordicmart.andreevmaster.com\/fi\/tuote\/vasagle-baarituoli-2-kpl-teollinen-muotoilu\/","title":{"rendered":"VASAGLE baarituoli, 2 kpl, teollinen muotoilu"},"content":{"rendered":"<p>Tuotetiedot: V\u00e4ri: vintage-ruskea-musta Materiaali: lastulevy, ter\u00e4s Kokonaiskoko: 45 x 45 x 71 cm (P x L x K) Istuimen koko: 31 x 31 cm (P x L) Paino per tuoli: 5 kg Maks. staattinen kantavuus per tuoli: 120 kgToimitus sis\u00e4lt\u00e4\u00e4:2 x baarituoli2 x lis\u00e4varustepaketti1 x ohjeet (DE, EN, ES, FR, IT)VASAGLE-ohjeet:Turvallisuussyist\u00e4 lapset eiv\u00e4t saa kiivet\u00e4 tuotteelle tai leikki\u00e4 sill\u00e4.T\u00e4m\u00e4 baarituolisetti sopii 104\u2013109 cm korkeille baarip\u00f6ydille.<\/p>\n","protected":false},"excerpt":{"rendered":"<p>VASAGLE baarituoli, 2 kpl, baarituolit, ruokasalituolit keitti\u00f6saarekkeelle, baaritiskille, baarille, jalkatuki, korkeus 71 cm, teollinen muotoilu, vintage-ruskea-musta LJB034B02<\/p>\n","protected":false},"featured_media":0,"comment_status":"open","ping_status":"closed","template":"","meta":[],"product_brand":[],"product_cat":[32],"product_tag":[],"class_list":{"0":"post-33920","1":"product","2":"type-product","3":"status-publish","5":"product_cat-uncategorized-fi","7":"first","8":"instock","9":"shipping-taxable","10":"purchasable","11":"product-type-simple"},"_links":{"self":[{"href":"https:\/\/nordicmart.andreevmaster.com\/fi\/wp-json\/wp\/v2\/product\/33920","targetHints":{"allow":["GET"]}}],"collection":[{"href":"https:\/\/nordicmart.andreevmaster.com\/fi\/wp-json\/wp\/v2\/product"}],"about":[{"href":"https:\/\/nordicmart.andreevmaster.com\/fi\/wp-json\/wp\/v2\/types\/product"}],"replies":[{"embeddable":true,"href":"https:\/\/nordicmart.andreevmaster.com\/fi\/wp-json\/wp\/v2\/comments?post=33920"}],"wp:attachment":[{"href":"https:\/\/nordicmart.andreevmaster.com\/fi\/wp-json\/wp\/v2\/media?parent=33920"}],"wp:term":[{"taxonomy":"product_brand","embeddable":true,"href":"https:\/\/nordicmart.andreevmaster.com\/fi\/wp-json\/wp\/v2\/product_brand?post=33920"},{"taxonomy":"product_cat","embeddable":true,"href":"https:\/\/nordicmart.andreevmaster.com\/fi\/wp-json\/wp\/v2\/product_cat?post=33920"},{"taxonomy":"product_tag","embeddable":true,"href":"https:\/\/nordicmart.andreevmaster.com\/fi\/wp-json\/wp\/v2\/product_tag?post=33920"}],"curies":[{"name":"wp","href":"https:\/\/api.w.org\/{rel}","templated":true}]}}