{"id":33916,"date":"2026-02-27T00:23:22","date_gmt":"2026-02-27T00:23:22","guid":{"rendered":"https:\/\/nordicmart.andreevmaster.com\/product\/songmics-baarituoli-musta\/"},"modified":"2026-02-27T09:43:33","modified_gmt":"2026-02-27T09:43:33","slug":"songmics-baarituoli-musta","status":"publish","type":"product","link":"https:\/\/nordicmart.andreevmaster.com\/fi\/tuote\/songmics-baarituoli-musta\/","title":{"rendered":"SONGMICS baarituoli, musta"},"content":{"rendered":"<p>Mukavuus ei tarkoita vain olohuoneen sohvalla istumista. SONGMICSin hyvin pehmustettujen baarituolien ansiosta, joissa on pehme\u00e4 selk\u00e4noja, k\u00e4yt\u00e4nn\u00f6lliset k\u00e4sinojat ja jalkatuki, mukavuus on nyt my\u00f6s keitti\u00f6ss\u00e4si. Turvallinen py\u00f6riminen 360\u00b0 k\u00e4\u00e4ntyv\u00e4t keitti\u00f6tuolit py\u00f6riv\u00e4t sujuvasti ja heilumatta. Jalustan halkaisija on 41 cm, ja sen pohjassa on liukumaton muovinen rengas. Se takaa turvallisen k\u00e4yt\u00f6n ja suojaa lattiaasi naarmuilta. Eleganssia joka puolella Yksinkertainen profiili, mukava samettiverhoilu ja jauhemaalattu metallirakenne saavat paitsi t\u00e4m\u00e4n tuotteen my\u00f6s keitti\u00f6nne loistamaan. Nauti aamiaista rakkaasi kanssa, ty\u00f6skentele tietokoneella tai tarjoile vieraille lasillinen viini\u00e4. Tuotetiedot: &#8211; V\u00e4ri: musta &#8211; Materiaali: sametti, metalli, vaahtomuovi &#8211; Koko: 38 x 44,5 x (95-115) cm (P x L x K) &#8211; S\u00e4\u00e4dett\u00e4v\u00e4n istuimen korkeus: 62,5-82,5 cm &#8211; Istuimen koko: 38 x 44,5 cm (P x L) &#8211; Selk\u00e4nojan korkeus: 32 cm &#8211; Jalustan halkaisija: 41 cm &#8211; Paino per tuoli: 9 kg &#8211; Baarituolin maks. staattinen kantavuus: 120 kg Toimitus sis\u00e4lt\u00e4\u00e4: &#8211; 2 x baarituoli &#8211; 2 x lis\u00e4varustepaketti &#8211; 1 x ohjeet (DE, EN, FR, ES, IT)<\/p>\n","protected":false},"excerpt":{"rendered":"<p>SONGMICS baarituoli, 2 kpl baarituoleja, samettiverhoilu, korkeuss\u00e4\u00e4dett\u00e4v\u00e4t, keitti\u00f6tuolit, py\u00f6riv\u00e4t tuolit k\u00e4sinojilla, selk\u00e4noja ja jalkatuki, metalli, tummanharmaa LJB013G01<\/p>\n","protected":false},"featured_media":42682,"comment_status":"open","ping_status":"closed","template":"","meta":[],"product_brand":[],"product_cat":[32],"product_tag":[],"class_list":{"0":"post-33916","1":"product","2":"type-product","3":"status-publish","4":"has-post-thumbnail","6":"product_cat-uncategorized-fi","8":"first","9":"instock","10":"shipping-taxable","11":"purchasable","12":"product-type-simple"},"_links":{"self":[{"href":"https:\/\/nordicmart.andreevmaster.com\/fi\/wp-json\/wp\/v2\/product\/33916","targetHints":{"allow":["GET"]}}],"collection":[{"href":"https:\/\/nordicmart.andreevmaster.com\/fi\/wp-json\/wp\/v2\/product"}],"about":[{"href":"https:\/\/nordicmart.andreevmaster.com\/fi\/wp-json\/wp\/v2\/types\/product"}],"replies":[{"embeddable":true,"href":"https:\/\/nordicmart.andreevmaster.com\/fi\/wp-json\/wp\/v2\/comments?post=33916"}],"wp:featuredmedia":[{"embeddable":true,"href":"https:\/\/nordicmart.andreevmaster.com\/fi\/wp-json\/wp\/v2\/media\/42682"}],"wp:attachment":[{"href":"https:\/\/nordicmart.andreevmaster.com\/fi\/wp-json\/wp\/v2\/media?parent=33916"}],"wp:term":[{"taxonomy":"product_brand","embeddable":true,"href":"https:\/\/nordicmart.andreevmaster.com\/fi\/wp-json\/wp\/v2\/product_brand?post=33916"},{"taxonomy":"product_cat","embeddable":true,"href":"https:\/\/nordicmart.andreevmaster.com\/fi\/wp-json\/wp\/v2\/product_cat?post=33916"},{"taxonomy":"product_tag","embeddable":true,"href":"https:\/\/nordicmart.andreevmaster.com\/fi\/wp-json\/wp\/v2\/product_tag?post=33916"}],"curies":[{"name":"wp","href":"https:\/\/api.w.org\/{rel}","templated":true}]}}