{"id":33913,"date":"2026-02-27T00:23:22","date_gmt":"2026-02-27T00:23:22","guid":{"rendered":"https:\/\/nordicmart.andreevmaster.com\/product\/vasagle-lasten-hylly-lelukaappi-sailytyskaappi\/"},"modified":"2026-02-27T09:43:32","modified_gmt":"2026-02-27T09:43:32","slug":"vasagle-lasten-hylly-lelukaappi-sailytyskaappi","status":"publish","type":"product","link":"https:\/\/nordicmart.andreevmaster.com\/fi\/tuote\/vasagle-lasten-hylly-lelukaappi-sailytyskaappi\/","title":{"rendered":"VASAGLE lasten hylly, lelukaappi, s\u00e4ilytyskaappi"},"content":{"rendered":"<p>VASAGLE Lasten hylly, lelujen s\u00e4ilytys lastenhuoneeseen, s\u00e4ilytyskaappi, lelukaappi, s\u00e4ilytyslaatikko py\u00f6rill\u00e4, leluhylly, lastenhuoneeseen, 102 x 30 x 60 cm, valkoinen LHS380W01<br \/>\nTekniset tiedot:<\/p>\n<p>&#8211; Mitat: 30 x 102 x 60 cm (S x L x K)<br \/>\n&#8211; Paino: 23,6 kg<br \/>\n&#8211; Maks. staattinen kantavuus: 272 kg<br \/>\n&#8211; Materiaali: MDF (keskitihe\u00e4 kuitulevy)<br \/>\n&#8211; V\u00e4ri: beige<\/p>\n","protected":false},"excerpt":{"rendered":"<p>VASAGLE Lasten hylly, lelujen s\u00e4ilytys lastenhuoneeseen, s\u00e4ilytyskaappi, lelukaappi, s\u00e4ilytyslaatikko py\u00f6rill\u00e4, leluhylly, lastenhuoneeseen, 102 x 30 x 60 cm, valkoinen LHS380W01<\/p>\n","protected":false},"featured_media":42679,"comment_status":"open","ping_status":"closed","template":"","meta":[],"product_brand":[],"product_cat":[32],"product_tag":[],"class_list":{"0":"post-33913","1":"product","2":"type-product","3":"status-publish","4":"has-post-thumbnail","6":"product_cat-uncategorized-fi","8":"first","9":"instock","10":"shipping-taxable","11":"purchasable","12":"product-type-simple"},"_links":{"self":[{"href":"https:\/\/nordicmart.andreevmaster.com\/fi\/wp-json\/wp\/v2\/product\/33913","targetHints":{"allow":["GET"]}}],"collection":[{"href":"https:\/\/nordicmart.andreevmaster.com\/fi\/wp-json\/wp\/v2\/product"}],"about":[{"href":"https:\/\/nordicmart.andreevmaster.com\/fi\/wp-json\/wp\/v2\/types\/product"}],"replies":[{"embeddable":true,"href":"https:\/\/nordicmart.andreevmaster.com\/fi\/wp-json\/wp\/v2\/comments?post=33913"}],"wp:featuredmedia":[{"embeddable":true,"href":"https:\/\/nordicmart.andreevmaster.com\/fi\/wp-json\/wp\/v2\/media\/42679"}],"wp:attachment":[{"href":"https:\/\/nordicmart.andreevmaster.com\/fi\/wp-json\/wp\/v2\/media?parent=33913"}],"wp:term":[{"taxonomy":"product_brand","embeddable":true,"href":"https:\/\/nordicmart.andreevmaster.com\/fi\/wp-json\/wp\/v2\/product_brand?post=33913"},{"taxonomy":"product_cat","embeddable":true,"href":"https:\/\/nordicmart.andreevmaster.com\/fi\/wp-json\/wp\/v2\/product_cat?post=33913"},{"taxonomy":"product_tag","embeddable":true,"href":"https:\/\/nordicmart.andreevmaster.com\/fi\/wp-json\/wp\/v2\/product_tag?post=33913"}],"curies":[{"name":"wp","href":"https:\/\/api.w.org\/{rel}","templated":true}]}}