{"id":33912,"date":"2026-02-27T00:23:21","date_gmt":"2026-02-27T00:23:21","guid":{"rendered":"https:\/\/nordicmart.andreevmaster.com\/product\/vasagle-penkki-2-lokerolla-kenkapenkki-sailytystilalla-kannen-alla-100-x-30-x-48-cm\/"},"modified":"2026-02-27T09:43:32","modified_gmt":"2026-02-27T09:43:32","slug":"vasagle-penkki-2-lokerolla-kenkapenkki-sailytystilalla-kannen-alla-100-x-30-x-48-cm","status":"publish","type":"product","link":"https:\/\/nordicmart.andreevmaster.com\/fi\/tuote\/vasagle-penkki-2-lokerolla-kenkapenkki-sailytystilalla-kannen-alla-100-x-30-x-48-cm\/","title":{"rendered":"VASAGLE penkki 2 lokerolla, kenk\u00e4penkki s\u00e4ilytystilalla kannen alla, 100 x 30 x 48 cm"},"content":{"rendered":"<p>Optimaalinen istumapaikka Sen sijaan, ett\u00e4 hyppisit aina yhdell\u00e4 jalalla ymp\u00e4ri asuntoa tai kyykistyt ep\u00e4mukavasti lattialle keng\u00e4t jalassa, on varmasti mukavampaa istua t\u00e4ll\u00e4 pehmustetulla penkill\u00e4 ja pukea lenkkarit rauhassa jalkaan. Kest\u00e4v\u00e4st\u00e4 E1-luokan puumateriaalista valmistettu ja hyvin pehmustetulla istuimella varustettu kenk\u00e4penkki tarjoaa vahvan ja mukavan tuen. Hy\u00f6dynn\u00e4 pienet tilat optimaalisesti Kompakti, mutta silti tilava! T\u00e4m\u00e4 100 x 30 x 48 cm kokoinen kenk\u00e4penkki auttaa sinua pit\u00e4m\u00e4\u00e4n tavarat siististi ja kaaoksen kurissa. Voit sijoittaa sen eteiseen, olohuoneeseen, lastenhuoneeseen tai s\u00e4ngyn p\u00e4\u00e4tyyn kenkien, sanomalehtien, laukkujen ja lelujen s\u00e4ilytt\u00e4mist\u00e4 varten. Tuotetiedot: &#8211; V\u00e4ri: valkoinen, istuimen p\u00e4\u00e4llinen harmaa &#8211; Materiaali: E1-luokan lastulevy, vaahtomuovipehmuste, istuimen p\u00e4\u00e4llinen keinolinasta &#8211; Koko: 100 x 30 x 48 cm (P x L x K) &#8211; Paino: 16,5 kg &#8211; Maks. staattinen kantavuus: 200 kg Toimitus sis\u00e4lt\u00e4\u00e4:- 1 x kenk\u00e4penkki &#8211; 1 x lis\u00e4varustepaketti &#8211; 1 x ohjeet (DE, EN, FR, ES, IT)<\/p>\n","protected":false},"excerpt":{"rendered":"<p>VASAGLE kenk\u00e4penkki, istuinpenkki, 2 avointa lokeroa, YKSI suljettu lokero kannen alla, kenk\u00e4hylly, pehmustettu istuin, eteinen, makuuhuone ja sis\u00e4\u00e4nk\u00e4ynti, 100 x 30 x 48 cm, valkoinen LHS21WT<\/p>\n","protected":false},"featured_media":42678,"comment_status":"open","ping_status":"closed","template":"","meta":[],"product_brand":[],"product_cat":[32],"product_tag":[],"class_list":{"0":"post-33912","1":"product","2":"type-product","3":"status-publish","4":"has-post-thumbnail","6":"product_cat-uncategorized-fi","8":"first","9":"instock","10":"shipping-taxable","11":"purchasable","12":"product-type-simple"},"_links":{"self":[{"href":"https:\/\/nordicmart.andreevmaster.com\/fi\/wp-json\/wp\/v2\/product\/33912","targetHints":{"allow":["GET"]}}],"collection":[{"href":"https:\/\/nordicmart.andreevmaster.com\/fi\/wp-json\/wp\/v2\/product"}],"about":[{"href":"https:\/\/nordicmart.andreevmaster.com\/fi\/wp-json\/wp\/v2\/types\/product"}],"replies":[{"embeddable":true,"href":"https:\/\/nordicmart.andreevmaster.com\/fi\/wp-json\/wp\/v2\/comments?post=33912"}],"wp:featuredmedia":[{"embeddable":true,"href":"https:\/\/nordicmart.andreevmaster.com\/fi\/wp-json\/wp\/v2\/media\/42678"}],"wp:attachment":[{"href":"https:\/\/nordicmart.andreevmaster.com\/fi\/wp-json\/wp\/v2\/media?parent=33912"}],"wp:term":[{"taxonomy":"product_brand","embeddable":true,"href":"https:\/\/nordicmart.andreevmaster.com\/fi\/wp-json\/wp\/v2\/product_brand?post=33912"},{"taxonomy":"product_cat","embeddable":true,"href":"https:\/\/nordicmart.andreevmaster.com\/fi\/wp-json\/wp\/v2\/product_cat?post=33912"},{"taxonomy":"product_tag","embeddable":true,"href":"https:\/\/nordicmart.andreevmaster.com\/fi\/wp-json\/wp\/v2\/product_tag?post=33912"}],"curies":[{"name":"wp","href":"https:\/\/api.w.org\/{rel}","templated":true}]}}