{"id":33900,"date":"2026-02-27T00:23:18","date_gmt":"2026-02-27T00:23:18","guid":{"rendered":"https:\/\/nordicmart.andreevmaster.com\/product\/vasagle-kenkapenkki-sailytystilalla-hyvin-pehmustettu-penkki-3-avoimella-lokerolla\/"},"modified":"2026-02-27T09:43:30","modified_gmt":"2026-02-27T09:43:30","slug":"vasagle-kenkapenkki-sailytystilalla-hyvin-pehmustettu-penkki-3-avoimella-lokerolla","status":"publish","type":"product","link":"https:\/\/nordicmart.andreevmaster.com\/fi\/tuote\/vasagle-kenkapenkki-sailytystilalla-hyvin-pehmustettu-penkki-3-avoimella-lokerolla\/","title":{"rendered":"VASAGLE kenk\u00e4penkki s\u00e4ilytystilalla, hyvin pehmustettu, penkki 3 avoimella lokerolla"},"content":{"rendered":"<p>Kenk\u00e4penkki, penkki s\u00e4ilytystilalla, pehmustettu, 3 avointa lokeroa, luonnonbeige<br \/>\nTekniset tiedot:<\/p>\n<p>&#8211; Mitat: 30 x 80 x 44 cm (S x L x K)<br \/>\n&#8211; Paino: 14,6 kg<br \/>\n&#8211; Maks. staattinen kantavuus: 136 kg<br \/>\n&#8211; Materiaali: lastulevy, vaahtomuovi, PU (polyuretaani)<br \/>\n&#8211; V\u00e4ri: musta<\/p>\n","protected":false},"excerpt":{"rendered":"<p>Kenk\u00e4penkki, penkki s\u00e4ilytystilalla, pehmustettu, 3 avointa lokeroa, luonnonbeige<\/p>\n","protected":false},"featured_media":42668,"comment_status":"open","ping_status":"closed","template":"","meta":[],"product_brand":[],"product_cat":[32],"product_tag":[],"class_list":{"0":"post-33900","1":"product","2":"type-product","3":"status-publish","4":"has-post-thumbnail","6":"product_cat-uncategorized-fi","8":"first","9":"instock","10":"shipping-taxable","11":"purchasable","12":"product-type-simple"},"_links":{"self":[{"href":"https:\/\/nordicmart.andreevmaster.com\/fi\/wp-json\/wp\/v2\/product\/33900","targetHints":{"allow":["GET"]}}],"collection":[{"href":"https:\/\/nordicmart.andreevmaster.com\/fi\/wp-json\/wp\/v2\/product"}],"about":[{"href":"https:\/\/nordicmart.andreevmaster.com\/fi\/wp-json\/wp\/v2\/types\/product"}],"replies":[{"embeddable":true,"href":"https:\/\/nordicmart.andreevmaster.com\/fi\/wp-json\/wp\/v2\/comments?post=33900"}],"wp:featuredmedia":[{"embeddable":true,"href":"https:\/\/nordicmart.andreevmaster.com\/fi\/wp-json\/wp\/v2\/media\/42668"}],"wp:attachment":[{"href":"https:\/\/nordicmart.andreevmaster.com\/fi\/wp-json\/wp\/v2\/media?parent=33900"}],"wp:term":[{"taxonomy":"product_brand","embeddable":true,"href":"https:\/\/nordicmart.andreevmaster.com\/fi\/wp-json\/wp\/v2\/product_brand?post=33900"},{"taxonomy":"product_cat","embeddable":true,"href":"https:\/\/nordicmart.andreevmaster.com\/fi\/wp-json\/wp\/v2\/product_cat?post=33900"},{"taxonomy":"product_tag","embeddable":true,"href":"https:\/\/nordicmart.andreevmaster.com\/fi\/wp-json\/wp\/v2\/product_tag?post=33900"}],"curies":[{"name":"wp","href":"https:\/\/api.w.org\/{rel}","templated":true}]}}