{"id":33898,"date":"2026-02-27T00:23:17","date_gmt":"2026-02-27T00:23:17","guid":{"rendered":"https:\/\/nordicmart.andreevmaster.com\/product\/vasagle-3-tasoinen-kenkapenkki-istuinpenkki-kenkahylly-tyynylla\/"},"modified":"2026-02-27T09:43:29","modified_gmt":"2026-02-27T09:43:29","slug":"vasagle-3-tasoinen-kenkapenkki-istuinpenkki-kenkahylly-tyynylla","status":"publish","type":"product","link":"https:\/\/nordicmart.andreevmaster.com\/fi\/tuote\/vasagle-3-tasoinen-kenkapenkki-istuinpenkki-kenkahylly-tyynylla\/","title":{"rendered":"VASAGLE 3-tasoinen kenk\u00e4penkki, istuinpenkki, kenk\u00e4hylly tyynyll\u00e4"},"content":{"rendered":"<p>VASAGLE kenk\u00e4penkki, istuinpenkki, kenk\u00e4hylly pehmustetulla tyynyll\u00e4, 3-tasoinen kenk\u00e4j\u00e4rjestelij\u00e4, 30 x 60 x 44 cm, eteiseen, olohuoneeseen ja makuuhuoneeseen, luonnonbeige LHS020K01<br \/>\nTekniset tiedot:<\/p>\n<p>&#8211; Mitat: 30 x 60 x 44 cm (S x L x K)<br \/>\n&#8211; Paino: 11,4 kg<br \/>\n&#8211; Maks. staattinen kantavuus: 136 kg<br \/>\n&#8211; Materiaali: lastulevy, vaahtomuovi, PU<br \/>\n&#8211; V\u00e4ri: luonnonbeige<\/p>\n","protected":false},"excerpt":{"rendered":"<p>VASAGLE kenk\u00e4penkki, istuinpenkki, kenk\u00e4hylly pehmustetulla tyynyll\u00e4, 3-tasoinen kenk\u00e4j\u00e4rjestelij\u00e4, 30 x 60 x 44 cm, eteiseen, olohuoneeseen ja makuuhuoneeseen, luonnonbeige LHS020K01<\/p>\n","protected":false},"featured_media":42666,"comment_status":"open","ping_status":"closed","template":"","meta":[],"product_brand":[],"product_cat":[32],"product_tag":[],"class_list":{"0":"post-33898","1":"product","2":"type-product","3":"status-publish","4":"has-post-thumbnail","6":"product_cat-uncategorized-fi","8":"first","9":"instock","10":"shipping-taxable","11":"purchasable","12":"product-type-simple"},"_links":{"self":[{"href":"https:\/\/nordicmart.andreevmaster.com\/fi\/wp-json\/wp\/v2\/product\/33898","targetHints":{"allow":["GET"]}}],"collection":[{"href":"https:\/\/nordicmart.andreevmaster.com\/fi\/wp-json\/wp\/v2\/product"}],"about":[{"href":"https:\/\/nordicmart.andreevmaster.com\/fi\/wp-json\/wp\/v2\/types\/product"}],"replies":[{"embeddable":true,"href":"https:\/\/nordicmart.andreevmaster.com\/fi\/wp-json\/wp\/v2\/comments?post=33898"}],"wp:featuredmedia":[{"embeddable":true,"href":"https:\/\/nordicmart.andreevmaster.com\/fi\/wp-json\/wp\/v2\/media\/42666"}],"wp:attachment":[{"href":"https:\/\/nordicmart.andreevmaster.com\/fi\/wp-json\/wp\/v2\/media?parent=33898"}],"wp:term":[{"taxonomy":"product_brand","embeddable":true,"href":"https:\/\/nordicmart.andreevmaster.com\/fi\/wp-json\/wp\/v2\/product_brand?post=33898"},{"taxonomy":"product_cat","embeddable":true,"href":"https:\/\/nordicmart.andreevmaster.com\/fi\/wp-json\/wp\/v2\/product_cat?post=33898"},{"taxonomy":"product_tag","embeddable":true,"href":"https:\/\/nordicmart.andreevmaster.com\/fi\/wp-json\/wp\/v2\/product_tag?post=33898"}],"curies":[{"name":"wp","href":"https:\/\/api.w.org\/{rel}","templated":true}]}}