{"id":33894,"date":"2026-02-27T00:23:16","date_gmt":"2026-02-27T00:23:16","guid":{"rendered":"https:\/\/nordicmart.andreevmaster.com\/product\/vasagle-kenkapenkki-penkki-sailytystilalla-sailytyskaappi\/"},"modified":"2026-02-27T09:43:29","modified_gmt":"2026-02-27T09:43:29","slug":"vasagle-kenkapenkki-penkki-sailytystilalla-sailytyskaappi","status":"publish","type":"product","link":"https:\/\/nordicmart.andreevmaster.com\/fi\/tuote\/vasagle-kenkapenkki-penkki-sailytystilalla-sailytyskaappi\/","title":{"rendered":"VASAGLE kenk\u00e4penkki, penkki s\u00e4ilytystilalla, s\u00e4ilytyskaappi"},"content":{"rendered":"<p>VASAGLE lelulaatikko, arkku, s\u00e4ilytystilalla varustettu penkki, istuinarkku, penkki, suurikapasiteettinen s\u00e4ilytysarkku, 76 x 48 x 40 cm, valkoinen LHS11WT<br \/>\nTekniset tiedot:<br \/>\n&#8211; Mitat: 40 x 76 x 48 cm (S x L x K)<br \/>\n&#8211; Paino: 13 kg<br \/>\n&#8211; Penkkiin maksimaalinen staattinen kantavuus: 136 kg<br \/>\n&#8211; Sis\u00e4laatikon maks. staattinen kantavuus: 136 kg<br \/>\n&#8211; Materiaali: lastulevy<br \/>\n&#8211; V\u00e4ri: harmaa<\/p>\n","protected":false},"excerpt":{"rendered":"<p>VASAGLE lelulaatikko, arkku, s\u00e4ilytystilalla varustettu penkki, istuinarkku, penkki, suurikapasiteettinen s\u00e4ilytysarkku, 76 x 48 x 40 cm, valkoinen LHS11WT<\/p>\n","protected":false},"featured_media":42662,"comment_status":"open","ping_status":"closed","template":"","meta":[],"product_brand":[],"product_cat":[32],"product_tag":[],"class_list":{"0":"post-33894","1":"product","2":"type-product","3":"status-publish","4":"has-post-thumbnail","6":"product_cat-uncategorized-fi","8":"first","9":"instock","10":"shipping-taxable","11":"purchasable","12":"product-type-simple"},"_links":{"self":[{"href":"https:\/\/nordicmart.andreevmaster.com\/fi\/wp-json\/wp\/v2\/product\/33894","targetHints":{"allow":["GET"]}}],"collection":[{"href":"https:\/\/nordicmart.andreevmaster.com\/fi\/wp-json\/wp\/v2\/product"}],"about":[{"href":"https:\/\/nordicmart.andreevmaster.com\/fi\/wp-json\/wp\/v2\/types\/product"}],"replies":[{"embeddable":true,"href":"https:\/\/nordicmart.andreevmaster.com\/fi\/wp-json\/wp\/v2\/comments?post=33894"}],"wp:featuredmedia":[{"embeddable":true,"href":"https:\/\/nordicmart.andreevmaster.com\/fi\/wp-json\/wp\/v2\/media\/42662"}],"wp:attachment":[{"href":"https:\/\/nordicmart.andreevmaster.com\/fi\/wp-json\/wp\/v2\/media?parent=33894"}],"wp:term":[{"taxonomy":"product_brand","embeddable":true,"href":"https:\/\/nordicmart.andreevmaster.com\/fi\/wp-json\/wp\/v2\/product_brand?post=33894"},{"taxonomy":"product_cat","embeddable":true,"href":"https:\/\/nordicmart.andreevmaster.com\/fi\/wp-json\/wp\/v2\/product_cat?post=33894"},{"taxonomy":"product_tag","embeddable":true,"href":"https:\/\/nordicmart.andreevmaster.com\/fi\/wp-json\/wp\/v2\/product_tag?post=33894"}],"curies":[{"name":"wp","href":"https:\/\/api.w.org\/{rel}","templated":true}]}}